{"id":689,"date":"2021-10-25T14:40:56","date_gmt":"2021-10-25T14:40:56","guid":{"rendered":"https:\/\/tnlogistica.com\/%d1%80%d1%8f%d0%b4%d0%ba%d0%b0%d0%bc%d0%b8-%d1%81%d0%b5%d1%80%d1%82%d0%b8%d1%84%d1%96%d0%ba%d0%b0%d1%82%d0%b8\/"},"modified":"2025-01-22T15:26:51","modified_gmt":"2025-01-22T15:26:51","slug":"%d1%80%d1%8f%d0%b4%d0%ba%d0%b0%d0%bc%d0%b8-%d1%81%d0%b5%d1%80%d1%82%d0%b8%d1%84%d1%96%d0%ba%d0%b0%d1%82%d0%b8","status":"publish","type":"page","link":"https:\/\/tnlogistica.com\/uk\/%d1%80%d1%8f%d0%b4%d0%ba%d0%b0%d0%bc%d0%b8-%d1%81%d0%b5%d1%80%d1%82%d0%b8%d1%84%d1%96%d0%ba%d0%b0%d1%82%d0%b8\/","title":{"rendered":"\u0440\u044f\u0434\u043a\u0430\u043c\u0438 \u0421\u0435\u0440\u0442\u0438\u0444\u0456\u043a\u0430\u0442\u0438"},"content":{"rendered":"<p>[et_pb_section fb_built=&#8221;1&#8243; _builder_version=&#8221;4.16&#8243; _module_preset=&#8221;default&#8221; background_image=&#8221;https:\/\/tnlogistica.com\/wp-content\/uploads\/2021\/10\/certificazioni-sk-slide-2.jpg&#8221; min_height=&#8221;327px&#8221; height=&#8221;100vh&#8221; max_height=&#8221;600px&#8221; background_last_edited=&#8221;on|phone&#8221; background_position_phone=&#8221;center&#8221; locked=&#8221;off&#8221; global_colors_info=&#8221;{}&#8221;][et_pb_row _builder_version=&#8221;4.16&#8243; _module_preset=&#8221;default&#8221; global_colors_info=&#8221;{}&#8221;][et_pb_column type=&#8221;4_4&#8243; _builder_version=&#8221;4.16&#8243; _module_preset=&#8221;default&#8221; global_colors_info=&#8221;{}&#8221;][\/et_pb_column][\/et_pb_row][\/et_pb_section][et_pb_section fb_built=&#8221;1&#8243; _builder_version=&#8221;4.16&#8243; _module_preset=&#8221;default&#8221; global_colors_info=&#8221;{}&#8221;][et_pb_row _builder_version=&#8221;4.16&#8243; _module_preset=&#8221;default&#8221; global_colors_info=&#8221;{}&#8221;][et_pb_column type=&#8221;4_4&#8243; _builder_version=&#8221;4.16&#8243; _module_preset=&#8221;default&#8221; global_colors_info=&#8221;{}&#8221;][et_pb_text _builder_version=&#8221;4.16&#8243; _module_preset=&#8221;default&#8221; header_font_size=&#8221;32px&#8221; header_line_height=&#8221;1.2em&#8221; header_3_text_color=&#8221;#FFFFFF&#8221; header_3_font_size=&#8221;25px&#8221; max_width=&#8221;80%&#8221; max_width_tablet=&#8221;90%&#8221; max_width_phone=&#8221;100%&#8221; max_width_last_edited=&#8221;on|phone&#8221; animation_style=&#8221;fade&#8221; header_font_size_tablet=&#8221;28px&#8221; header_font_size_phone=&#8221;24px&#8221; header_font_size_last_edited=&#8221;on|phone&#8221; custom_css_main_element=&#8221;padding:0px;&#8221; custom_css_after=&#8221;    content: &#8221;;||    width: 50px;||    height: 1px;||    background: red;||    display: block;||    margin-top: 9px;||    margin-bottom: 9px;&#8221; locked=&#8221;off&#8221; global_colors_info=&#8221;{}&#8221;]<\/p>\n<h1>\u0440\u044f\u0434\u043a\u0430\u043c\u0438 \u0421\u0435\u0440\u0442\u0438\u0444\u0456\u043a\u0430\u0442\u0438<\/h1>\n<p>[\/et_pb_text][et_pb_text _builder_version=&#8221;4.16&#8243; _module_preset=&#8221;default&#8221; max_width=&#8221;583px&#8221; animation_style=&#8221;slide&#8221; animation_direction=&#8221;top&#8221; animation_delay=&#8221;250ms&#8221; animation_intensity_slide=&#8221;2%&#8221; locked=&#8221;off&#8221; global_colors_info=&#8221;{}&#8221;]<\/p>\n<p>\u0423 \u0446\u044c\u043e\u043c\u0443 \u0440\u043e\u0437\u0434\u0456\u043b\u0456 \u043c\u043e\u0436\u043d\u0430 \u043f\u0435\u0440\u0435\u0433\u043b\u044f\u043d\u0443\u0442\u0438 \u0432\u0441\u0456 \u0442\u0438\u043f\u0438 \u043f\u0440\u043e\u0444\u0435\u0441\u0456\u0439\u043d\u0438\u0445 \u0441\u0435\u0440\u0442\u0438\u0444\u0456\u043a\u0430\u0442\u0456\u0432, \u0449\u043e\u0431 \u043f\u0456\u0434\u0432\u0438\u0449\u0438\u0442\u0438 \u043f\u0440\u043e\u0437\u043e\u0440\u0456\u0441\u0442\u044c \u0434\u043b\u044f \u0437\u0430\u0446\u0456\u043a\u0430\u0432\u043b\u0435\u043d\u0438\u0445 \u0441\u0442\u043e\u0440\u0456\u043d TN Logistica.<\/p>\n<p>[\/et_pb_text][\/et_pb_column][\/et_pb_row][et_pb_row _builder_version=&#8221;4.16&#8243; _module_preset=&#8221;default&#8221; global_colors_info=&#8221;{}&#8221;][et_pb_column type=&#8221;4_4&#8243; _builder_version=&#8221;4.16&#8243; _module_preset=&#8221;default&#8221; global_colors_info=&#8221;{}&#8221;][et_pb_text module_class=&#8221;cert__download&#8221; _builder_version=&#8221;4.27.4&#8243; _module_preset=&#8221;default&#8221; hover_enabled=&#8221;0&#8243; global_colors_info=&#8221;{}&#8221; sticky_enabled=&#8221;0&#8243;]<\/p>\n<div class=\"cert__wrapper\">\n<div><a href=\"https:\/\/tnlogistica.com\/wp-content\/uploads\/2025\/01\/IFS-TN-Logistika-SK-Scadenza-12_2025.pdf\" target=\"_blank\" rel=\"noopener\">IFS Logistics TN Logistica SK<\/a> <img decoding=\"async\" src=\"https:\/\/tnlogistica.com\/wp-content\/uploads\/2021\/10\/pdf.png\" \/><\/div>\n<div><a href=\"https:\/\/tnlogistica.com\/wp-content\/uploads\/2022\/03\/Certificato-ambientale.pdf\" target=\"_blank\" rel=\"noopener\">Certificato ambientale[IT]<\/a> <img decoding=\"async\" src=\"https:\/\/tnlogistica.com\/wp-content\/uploads\/2021\/10\/pdf.png\" \/><\/div>\n<div><a href=\"https:\/\/tnlogistica.com\/wp-content\/uploads\/2023\/06\/TN-Logistica-SK_Environmental-certificate_2022.pdf\" target=\"_blank\" rel=\"noopener\">Environmental certificate[EN]<\/a> <img decoding=\"async\" src=\"https:\/\/tnlogistica.com\/wp-content\/uploads\/2021\/10\/pdf.png\" \/><\/div>\n<div><a href=\"https:\/\/tnlogistica.com\/wp-content\/uploads\/2022\/03\/Umweltzertifikat.pdf\" target=\"_blank\" rel=\"noopener\">Umwelt zertifikat[SK]<\/a> <img decoding=\"async\" src=\"https:\/\/tnlogistica.com\/wp-content\/uploads\/2021\/10\/pdf.png\" \/><\/div>\n<div><a href=\"https:\/\/tnlogistica.com\/wp-content\/uploads\/2021\/10\/1727_00011-2.pdf\" target=\"_blank\" rel=\"noopener\">Soci\u00e1lne poist\u0303ov\u00f1a<\/a> <img decoding=\"async\" src=\"https:\/\/tnlogistica.com\/wp-content\/uploads\/2021\/10\/pdf.png\" \/><\/div>\n<div><a href=\"https:\/\/tnlogistica.com\/wp-content\/uploads\/2021\/10\/00019072-QMS-ENGUS-UKAS-1.pdf\" target=\"_blank\" rel=\"noopener\">ISO 9001:2015 \u2013 Lloyd\u2019s Register<\/a> <img decoding=\"async\" src=\"https:\/\/tnlogistica.com\/wp-content\/uploads\/2021\/10\/pdf.png\" \/><\/div>\n<div><a href=\"https:\/\/tnlogistica.com\/wp-content\/uploads\/2021\/10\/TN-logistica-prepravny-poriadok-1.pdf\" target=\"_blank\" rel=\"noopener\">Prepravn\u00fd poriadok cestnej n\u00e1kladnej dopravy<\/a> <img decoding=\"async\" src=\"https:\/\/tnlogistica.com\/wp-content\/uploads\/2021\/10\/pdf.png\" \/><\/div>\n<div><a href=\"https:\/\/tnlogistica.com\/wp-content\/uploads\/2021\/10\/161013155043_0001-1.pdf\" target=\"_blank\" rel=\"noopener\">Osved\u010denie o odbornej sp\u00f4sobilosti v oblasti cestej n\u00e1kladnej dopravy<\/a> <img decoding=\"async\" src=\"https:\/\/tnlogistica.com\/wp-content\/uploads\/2021\/10\/pdf.png\" \/><\/div>\n<div><a href=\"https:\/\/tnlogistica.com\/wp-content\/uploads\/2021\/10\/ISO-9001_2015-SK-scadenza-febbraio2023-1.pdf\" target=\"_blank\" rel=\"noopener\">ISO 9001:2015 \u2013 eucert<\/a> <img decoding=\"async\" src=\"https:\/\/tnlogistica.com\/wp-content\/uploads\/2021\/10\/pdf.png\" \/><\/div>\n<div><a href=\"https:\/\/tnlogistica.com\/wp-content\/uploads\/2021\/11\/TN-LOGISTIKA-SK-RO-SRL-certificate-ISO-9001-ISO-14001-1.pdf\" target=\"_blank\" rel=\"noopener\">ISO-14001:2015 \u2013 TN Logistika RO<\/a> <img decoding=\"async\" src=\"https:\/\/tnlogistica.com\/wp-content\/uploads\/2021\/10\/pdf.png\" \/><\/div>\n<div><a href=\"https:\/\/tnlogistica.com\/wp-content\/uploads\/2022\/03\/ISO-9001_2015-TN-Logistika-SK-Scadenza-02_2023.pdf\" target=\"_blank\" rel=\"noopener\">ISO 9001:2015 \u2013 TN Logistika RO<\/a> <img decoding=\"async\" src=\"https:\/\/tnlogistica.com\/wp-content\/uploads\/2021\/10\/pdf.png\" \/><\/div>\n<div><a href=\"https:\/\/tnlogistica.com\/wp-content\/uploads\/2023\/06\/CO2Certificate_TN-LOGISTICA-SK.pdf\" target=\"_blank\" rel=\"noopener\">EuroTunnel Le Shuttle Freight &#8211; TN Logistica SK<\/a> <img decoding=\"async\" src=\"https:\/\/tnlogistica.com\/wp-content\/uploads\/2021\/10\/pdf.png\" \/><\/div>\n<\/div>\n<p>[\/et_pb_text][\/et_pb_column][\/et_pb_row][\/et_pb_section]<\/p>\n","protected":false},"excerpt":{"rendered":"<p>\u0440\u044f\u0434\u043a\u0430\u043c\u0438 \u0421\u0435\u0440\u0442\u0438\u0444\u0456\u043a\u0430\u0442\u0438\u0423 \u0446\u044c\u043e\u043c\u0443 \u0440\u043e\u0437\u0434\u0456\u043b\u0456 \u043c\u043e\u0436\u043d\u0430 \u043f\u0435\u0440\u0435\u0433\u043b\u044f\u043d\u0443\u0442\u0438 \u0432\u0441\u0456 \u0442\u0438\u043f\u0438 \u043f\u0440\u043e\u0444\u0435\u0441\u0456\u0439\u043d\u0438\u0445 \u0441\u0435\u0440\u0442\u0438\u0444\u0456\u043a\u0430\u0442\u0456\u0432, \u0449\u043e\u0431 \u043f\u0456\u0434\u0432\u0438\u0449\u0438\u0442\u0438 \u043f\u0440\u043e\u0437\u043e\u0440\u0456\u0441\u0442\u044c \u0434\u043b\u044f \u0437\u0430\u0446\u0456\u043a\u0430\u0432\u043b\u0435\u043d\u0438\u0445 \u0441\u0442\u043e\u0440\u0456\u043d TN Logistica. IFS Logistics TN Logistica SK Certificato ambientale[IT] Environmental certificate[EN] Umwelt zertifikat[SK] Soci\u00e1lne poist\u0303ov\u00f1a ISO 9001:2015 \u2013 Lloyd\u2019s Register Prepravn\u00fd poriadok cestnej n\u00e1kladnej dopravy Osved\u010denie o odbornej sp\u00f4sobilosti v oblasti cestej n\u00e1kladnej dopravy ISO 9001:2015 \u2013 eucert ISO-14001:2015 [&hellip;]<\/p>\n","protected":false},"author":1,"featured_media":0,"parent":0,"menu_order":0,"comment_status":"closed","ping_status":"closed","template":"","meta":{"_et_pb_use_builder":"on","_et_pb_old_content":"","_et_gb_content_width":"","footnotes":""},"class_list":["post-689","page","type-page","status-publish","hentry"],"_links":{"self":[{"href":"https:\/\/tnlogistica.com\/uk\/wp-json\/wp\/v2\/pages\/689","targetHints":{"allow":["GET"]}}],"collection":[{"href":"https:\/\/tnlogistica.com\/uk\/wp-json\/wp\/v2\/pages"}],"about":[{"href":"https:\/\/tnlogistica.com\/uk\/wp-json\/wp\/v2\/types\/page"}],"author":[{"embeddable":true,"href":"https:\/\/tnlogistica.com\/uk\/wp-json\/wp\/v2\/users\/1"}],"replies":[{"embeddable":true,"href":"https:\/\/tnlogistica.com\/uk\/wp-json\/wp\/v2\/comments?post=689"}],"version-history":[{"count":19,"href":"https:\/\/tnlogistica.com\/uk\/wp-json\/wp\/v2\/pages\/689\/revisions"}],"predecessor-version":[{"id":2152,"href":"https:\/\/tnlogistica.com\/uk\/wp-json\/wp\/v2\/pages\/689\/revisions\/2152"}],"wp:attachment":[{"href":"https:\/\/tnlogistica.com\/uk\/wp-json\/wp\/v2\/media?parent=689"}],"curies":[{"name":"wp","href":"https:\/\/api.w.org\/{rel}","templated":true}]}}