{"id":1075,"date":"2021-11-09T13:40:44","date_gmt":"2021-11-09T13:40:44","guid":{"rendered":"https:\/\/tnlogistica.com\/kontakti\/"},"modified":"2021-11-12T15:38:33","modified_gmt":"2021-11-12T15:38:33","slug":"kontakti","status":"publish","type":"page","link":"https:\/\/tnlogistica.com\/sr\/kontakti\/","title":{"rendered":"Kontakti"},"content":{"rendered":"<p>[et_pb_section fb_built=&#8220;1&#8243; custom_padding_last_edited=&#8220;on|phone&#8220; _builder_version=&#8220;4.10.8&#8243; _module_preset=&#8220;default&#8220; custom_padding=&#8220;100px||100px||false|false&#8220; custom_padding_tablet=&#8220;80px||80px||false|false&#8220; custom_padding_phone=&#8220;60px||60px||false|false&#8220; locked=&#8220;off&#8220; global_colors_info=&#8220;{}&#8220;][et_pb_row column_structure=&#8220;2_3,1_3&#8243; gutter_width=&#8220;3&#8243; _builder_version=&#8220;4.10.8&#8243; _module_preset=&#8220;default&#8220; global_colors_info=&#8220;{}&#8220; custom_css_main_element_last_edited=&#8220;on|phone&#8220; custom_css_main_element_tablet=&#8220;display: flex;||align-items: center;||flex-direction: column;&#8220; custom_css_main_element_phone=&#8220;display: flex;||align-items: center;||flex-direction: column;&#8220;][et_pb_column type=&#8220;2_3&#8243; _builder_version=&#8220;4.10.8&#8243; _module_preset=&#8220;default&#8220; global_colors_info=&#8220;{}&#8220;][et_pb_text _builder_version=&#8220;4.10.8&#8243; _module_preset=&#8220;default&#8220; header_font_size=&#8220;32px&#8220; header_line_height=&#8220;1.2em&#8220; header_3_text_color=&#8220;#FFFFFF&#8220; header_3_font_size=&#8220;25px&#8220; max_width=&#8220;80%&#8220; max_width_tablet=&#8220;90%&#8220; max_width_phone=&#8220;100%&#8220; max_width_last_edited=&#8220;on|phone&#8220; animation_style=&#8220;fade&#8220; header_font_size_tablet=&#8220;28px&#8220; header_font_size_phone=&#8220;24px&#8220; header_font_size_last_edited=&#8220;on|phone&#8220; custom_css_main_element=&#8220;padding:0px;&#8220; custom_css_after=&#8220;    content: &#8220;;||    width: 50px;||    height: 1px;||    background: red;||    display: block;||    margin-top: 9px;||    margin-bottom: 9px;&#8220; global_colors_info=&#8220;{}&#8220;]<\/p>\n<h1>Kontaktirajte nas za informacije i ponude<\/h1>\n<p>[\/et_pb_text][et_pb_text _builder_version=&#8220;4.10.8&#8243; _module_preset=&#8220;default&#8220; animation_style=&#8220;slide&#8220; animation_direction=&#8220;top&#8220; animation_delay=&#8220;250ms&#8220; animation_intensity_slide=&#8220;2%&#8220; global_colors_info=&#8220;{}&#8220;]<\/p>\n<p>Za ponudu ili savet o transportnim uslugama po\u0161aljite e-poruku putem obrasca. Odgovori\u0107e vam operateri koji govore vi\u0161e jezika.<\/p>\n<p>[\/et_pb_text][et_pb_code _builder_version=&#8220;4.13.0&#8243; _module_preset=&#8220;default&#8220; animation_style=&#8220;fade&#8220; global_colors_info=&#8220;{}&#8220;]<\/p>\n<div><!-- [et_pb_line_break_holder] -->  <input type=\"radio\" class=\"choise1\" name=\"form1\" checked=\"checked\"><label>Generi\u010dki zahtev<\/label><!-- [et_pb_line_break_holder] -->    <input type=\"radio\" class=\"choise2\" name=\"form1\"><label>Tenderi i komercijalni zahtevi<\/label><!-- [et_pb_line_break_holder] --><\/div>\n<p>[\/et_pb_code][et_pb_code _builder_version=&#8220;4.10.8&#8243; _module_preset=&#8220;default&#8220; global_colors_info=&#8220;{}&#8220;]<script><!-- [et_pb_line_break_holder] -->$(document).ready(function(){<!-- [et_pb_line_break_holder] -->  $(\".choise1\").click(function(){<!-- [et_pb_line_break_holder] -->    $(\"#et_pb_contact_form_0\").addClass(\"show\");<!-- [et_pb_line_break_holder] -->     $(\"#et_pb_contact_form_1\").removeClass(\"show\");<!-- [et_pb_line_break_holder] -->  });<!-- [et_pb_line_break_holder] -->});<!-- [et_pb_line_break_holder] --><\/script><!-- [et_pb_line_break_holder] --><script><!-- [et_pb_line_break_holder] -->$(document).ready(function(){<!-- [et_pb_line_break_holder] -->  $(\".choise2\").click(function(){<!-- [et_pb_line_break_holder] -->    $(\"#et_pb_contact_form_1\").addClass(\"show\");<!-- [et_pb_line_break_holder] -->     $(\"#et_pb_contact_form_0\").addClass(\"hide\");<!-- [et_pb_line_break_holder] -->    $(\"#et_pb_contact_form_0\").removeClass(\"show\");<!-- [et_pb_line_break_holder] -->  });<!-- [et_pb_line_break_holder] -->});<!-- [et_pb_line_break_holder] --><\/script>[\/et_pb_code][et_pb_contact_form captcha=&#8220;off&#8220; email=&#8220;info.rs@tnlogistica.com&#8220; custom_message=&#8220;Hai ricevuto un nuovo messaggio dal sito.||et_pb_line_break_holder||||et_pb_line_break_holder||Richiedente||et_pb_line_break_holder||Nome: %%Name%%||et_pb_line_break_holder||Azienda: %%azienda%%||et_pb_line_break_holder||Numero: %%numero%%||et_pb_line_break_holder||Email: %%Email%%||et_pb_line_break_holder||Messaggio: %%Message%%||et_pb_line_break_holder||&#8220; success_message=&#8220;Hvala \u0161to ste nam pisali, uskoro c\u0301ete dobiti odgovor.&#8220; admin_label=&#8220;Richiesta generica&#8220; _builder_version=&#8220;4.13.1&#8243; _module_preset=&#8220;default&#8220; _unique_id=&#8220;b35bfb83-8a47-4082-a09d-d550ed90e76d&#8220; background_enable_color=&#8220;off&#8220; custom_button=&#8220;on&#8220; button_text_size=&#8220;18px&#8220; button_text_color=&#8220;#FFFFFF&#8220; button_bg_color=&#8220;#e30513&#8243; button_border_width=&#8220;0px&#8220; button_border_radius=&#8220;0px&#8220; button_icon=&#8220;&#xe010;||divi||400&#8243; animation_style=&#8220;fade&#8220; hover_enabled=&#8220;0&#8243; button_text_size_tablet=&#8220;17px&#8220; button_text_size_phone=&#8220;16px&#8220; button_text_size_last_edited=&#8220;on|phone&#8220; global_colors_info=&#8220;{}&#8220; button_bg_color__hover=&#8220;#000000&#8243; button_bg_color__hover_enabled=&#8220;on|desktop&#8220; sticky_enabled=&#8220;0&#8243;][et_pb_contact_field field_id=&#8220;Name&#8220; field_title=&#8220;Ime i prezime&#8220; _builder_version=&#8220;4.10.8&#8243; global_colors_info=&#8220;{}&#8220; button_text_size__hover_enabled=&#8220;off&#8220; button_one_text_size__hover_enabled=&#8220;off&#8220; button_two_text_size__hover_enabled=&#8220;off&#8220; button_text_color__hover_enabled=&#8220;off&#8220; button_one_text_color__hover_enabled=&#8220;off&#8220; button_two_text_color__hover_enabled=&#8220;off&#8220; button_border_width__hover_enabled=&#8220;off&#8220; button_one_border_width__hover_enabled=&#8220;off&#8220; button_two_border_width__hover_enabled=&#8220;off&#8220; button_border_color__hover_enabled=&#8220;off&#8220; button_one_border_color__hover_enabled=&#8220;off&#8220; button_two_border_color__hover_enabled=&#8220;off&#8220; button_border_radius__hover_enabled=&#8220;off&#8220; button_one_border_radius__hover_enabled=&#8220;off&#8220; button_two_border_radius__hover_enabled=&#8220;off&#8220; button_letter_spacing__hover_enabled=&#8220;off&#8220; button_one_letter_spacing__hover_enabled=&#8220;off&#8220; button_two_letter_spacing__hover_enabled=&#8220;off&#8220; button_bg_color__hover_enabled=&#8220;off&#8220; button_one_bg_color__hover_enabled=&#8220;off&#8220; button_two_bg_color__hover_enabled=&#8220;off&#8220;][\/et_pb_contact_field][et_pb_contact_field field_id=&#8220;azienda&#8220; field_title=&#8220;Agencija&#8220; _builder_version=&#8220;4.10.8&#8243; _module_preset=&#8220;default&#8220; global_colors_info=&#8220;{}&#8220;][\/et_pb_contact_field][et_pb_contact_field field_id=&#8220;Email&#8220; field_title=&#8220;Adresa E-po\u0161te&#8220; field_type=&#8220;email&#8220; _builder_version=&#8220;4.13.0&#8243; global_colors_info=&#8220;{}&#8220; button_text_size__hover_enabled=&#8220;off&#8220; button_one_text_size__hover_enabled=&#8220;off&#8220; button_two_text_size__hover_enabled=&#8220;off&#8220; button_text_color__hover_enabled=&#8220;off&#8220; button_one_text_color__hover_enabled=&#8220;off&#8220; button_two_text_color__hover_enabled=&#8220;off&#8220; button_border_width__hover_enabled=&#8220;off&#8220; button_one_border_width__hover_enabled=&#8220;off&#8220; button_two_border_width__hover_enabled=&#8220;off&#8220; button_border_color__hover_enabled=&#8220;off&#8220; button_one_border_color__hover_enabled=&#8220;off&#8220; button_two_border_color__hover_enabled=&#8220;off&#8220; button_border_radius__hover_enabled=&#8220;off&#8220; button_one_border_radius__hover_enabled=&#8220;off&#8220; button_two_border_radius__hover_enabled=&#8220;off&#8220; button_letter_spacing__hover_enabled=&#8220;off&#8220; button_one_letter_spacing__hover_enabled=&#8220;off&#8220; button_two_letter_spacing__hover_enabled=&#8220;off&#8220; button_bg_color__hover_enabled=&#8220;off&#8220; button_one_bg_color__hover_enabled=&#8220;off&#8220; button_two_bg_color__hover_enabled=&#8220;off&#8220;][\/et_pb_contact_field][et_pb_contact_field field_id=&#8220;telefono&#8220; field_title=&#8220;Telefon&#8220; allowed_symbols=&#8220;numbers&#8220; required_mark=&#8220;off&#8220; _builder_version=&#8220;4.13.0&#8243; _module_preset=&#8220;default&#8220; global_colors_info=&#8220;{}&#8220;][\/et_pb_contact_field][et_pb_contact_field field_id=&#8220;piva&#8220; field_title=&#8220;PDV \/ PORESKI \u0160IFRA&#8220; fullwidth_field=&#8220;on&#8220; _builder_version=&#8220;4.13.0&#8243; _module_preset=&#8220;default&#8220; global_colors_info=&#8220;{}&#8220;][\/et_pb_contact_field][et_pb_contact_field field_id=&#8220;Message&#8220; field_title=&#8220;Poruka&#8220; field_type=&#8220;text&#8220; fullwidth_field=&#8220;on&#8220; _builder_version=&#8220;3.16&#8243; global_colors_info=&#8220;{}&#8220; button_text_size__hover_enabled=&#8220;off&#8220; button_one_text_size__hover_enabled=&#8220;off&#8220; button_two_text_size__hover_enabled=&#8220;off&#8220; button_text_color__hover_enabled=&#8220;off&#8220; button_one_text_color__hover_enabled=&#8220;off&#8220; button_two_text_color__hover_enabled=&#8220;off&#8220; button_border_width__hover_enabled=&#8220;off&#8220; button_one_border_width__hover_enabled=&#8220;off&#8220; button_two_border_width__hover_enabled=&#8220;off&#8220; button_border_color__hover_enabled=&#8220;off&#8220; button_one_border_color__hover_enabled=&#8220;off&#8220; button_two_border_color__hover_enabled=&#8220;off&#8220; button_border_radius__hover_enabled=&#8220;off&#8220; button_one_border_radius__hover_enabled=&#8220;off&#8220; button_two_border_radius__hover_enabled=&#8220;off&#8220; button_letter_spacing__hover_enabled=&#8220;off&#8220; button_one_letter_spacing__hover_enabled=&#8220;off&#8220; button_two_letter_spacing__hover_enabled=&#8220;off&#8220; button_bg_color__hover_enabled=&#8220;off&#8220; button_one_bg_color__hover_enabled=&#8220;off&#8220; button_two_bg_color__hover_enabled=&#8220;off&#8220;][\/et_pb_contact_field][et_pb_contact_field field_id=&#8220;optin&#8220; field_title=&#8220; &#8220; field_type=&#8220;checkbox&#8220; checkbox_options=&#8220;%91{%22value%22:%22Da biste poslali svoj zahtev, morate izjaviti da ste pro\u010ditali i prihvatili%22,%22checked%22:0,%22dragID%22:-1,%22link_url%22:%22https:\\\/\\\/tnlogistica.com\\\/sr\\\/pravila-o-privatnosti\\\/%22,%22link_text%22:%22privacy policy.%22}%93&#8243; fullwidth_field=&#8220;on&#8220; _builder_version=&#8220;4.13.1&#8243; _module_preset=&#8220;default&#8220; hover_enabled=&#8220;0&#8243; custom_css_main_element=&#8220;font-size: 12px;&#8220; global_colors_info=&#8220;{}&#8220; sticky_enabled=&#8220;0&#8243;][\/et_pb_contact_field][\/et_pb_contact_form][et_pb_contact_form captcha=&#8220;off&#8220; email=&#8220;tender_unit@tntorello.com,r.marcinka@tnlogistica.com,marketing@tntorello.com&#8220; custom_message=&#8220;Hai ricevuto un nuovo messaggio dal sito.||et_pb_line_break_holder||(Tender o richieste commerciali)||et_pb_line_break_holder||||et_pb_line_break_holder||||et_pb_line_break_holder||Richiedente||et_pb_line_break_holder||Nome: %%Name%%||et_pb_line_break_holder||Azienda: %%azienda%%||et_pb_line_break_holder||Numero: %%numero%%||et_pb_line_break_holder||Email: %%Email%%||et_pb_line_break_holder||P.IVA\/CODICE FISCALE: %%piva%%||et_pb_line_break_holder||Messaggio: %%Message%%||et_pb_line_break_holder||&#8220; success_message=&#8220;Hvala \u0161to ste nam pisali, uskoro c\u0301ete dobiti odgovor.&#8220; admin_label=&#8220;Tender richieste commerciali&#8220; module_class=&#8220;hide&#8220; _builder_version=&#8220;4.13.1&#8243; _module_preset=&#8220;default&#8220; _unique_id=&#8220;c68e8b4c-9334-426d-aab8-850557e8beeb&#8220; background_enable_color=&#8220;off&#8220; custom_button=&#8220;on&#8220; button_text_size=&#8220;18px&#8220; button_text_color=&#8220;#FFFFFF&#8220; button_bg_color=&#8220;#e30513&#8243; button_border_width=&#8220;0px&#8220; button_border_radius=&#8220;0px&#8220; button_icon=&#8220;&#xe010;||divi||400&#8243; button_text_size_tablet=&#8220;17px&#8220; button_text_size_phone=&#8220;16px&#8220; button_text_size_last_edited=&#8220;on|phone&#8220; global_colors_info=&#8220;{}&#8220; button_bg_color__hover=&#8220;#000000&#8243; button_bg_color__hover_enabled=&#8220;on|desktop&#8220;][et_pb_contact_field field_id=&#8220;Name&#8220; field_title=&#8220;Ime i prezime&#8220; _builder_version=&#8220;4.10.8&#8243; global_colors_info=&#8220;{}&#8220; button_text_size__hover_enabled=&#8220;off&#8220; button_one_text_size__hover_enabled=&#8220;off&#8220; button_two_text_size__hover_enabled=&#8220;off&#8220; button_text_color__hover_enabled=&#8220;off&#8220; button_one_text_color__hover_enabled=&#8220;off&#8220; button_two_text_color__hover_enabled=&#8220;off&#8220; button_border_width__hover_enabled=&#8220;off&#8220; button_one_border_width__hover_enabled=&#8220;off&#8220; button_two_border_width__hover_enabled=&#8220;off&#8220; button_border_color__hover_enabled=&#8220;off&#8220; button_one_border_color__hover_enabled=&#8220;off&#8220; button_two_border_color__hover_enabled=&#8220;off&#8220; button_border_radius__hover_enabled=&#8220;off&#8220; button_one_border_radius__hover_enabled=&#8220;off&#8220; button_two_border_radius__hover_enabled=&#8220;off&#8220; button_letter_spacing__hover_enabled=&#8220;off&#8220; button_one_letter_spacing__hover_enabled=&#8220;off&#8220; button_two_letter_spacing__hover_enabled=&#8220;off&#8220; button_bg_color__hover_enabled=&#8220;off&#8220; button_one_bg_color__hover_enabled=&#8220;off&#8220; button_two_bg_color__hover_enabled=&#8220;off&#8220;][\/et_pb_contact_field][et_pb_contact_field field_id=&#8220;azienda&#8220; field_title=&#8220;Agencija&#8220; _builder_version=&#8220;4.10.8&#8243; _module_preset=&#8220;default&#8220; global_colors_info=&#8220;{}&#8220;][\/et_pb_contact_field][et_pb_contact_field field_id=&#8220;Email&#8220; field_title=&#8220;Adresa E-po\u0161te&#8220; field_type=&#8220;email&#8220; _builder_version=&#8220;3.16&#8243; global_colors_info=&#8220;{}&#8220; button_text_size__hover_enabled=&#8220;off&#8220; button_one_text_size__hover_enabled=&#8220;off&#8220; button_two_text_size__hover_enabled=&#8220;off&#8220; button_text_color__hover_enabled=&#8220;off&#8220; button_one_text_color__hover_enabled=&#8220;off&#8220; button_two_text_color__hover_enabled=&#8220;off&#8220; button_border_width__hover_enabled=&#8220;off&#8220; button_one_border_width__hover_enabled=&#8220;off&#8220; button_two_border_width__hover_enabled=&#8220;off&#8220; button_border_color__hover_enabled=&#8220;off&#8220; button_one_border_color__hover_enabled=&#8220;off&#8220; button_two_border_color__hover_enabled=&#8220;off&#8220; button_border_radius__hover_enabled=&#8220;off&#8220; button_one_border_radius__hover_enabled=&#8220;off&#8220; button_two_border_radius__hover_enabled=&#8220;off&#8220; button_letter_spacing__hover_enabled=&#8220;off&#8220; button_one_letter_spacing__hover_enabled=&#8220;off&#8220; button_two_letter_spacing__hover_enabled=&#8220;off&#8220; button_bg_color__hover_enabled=&#8220;off&#8220; button_one_bg_color__hover_enabled=&#8220;off&#8220; button_two_bg_color__hover_enabled=&#8220;off&#8220;][\/et_pb_contact_field][et_pb_contact_field field_id=&#8220;telefono&#8220; field_title=&#8220;Telefon&#8220; allowed_symbols=&#8220;numbers&#8220; required_mark=&#8220;off&#8220; _builder_version=&#8220;4.13.0&#8243; _module_preset=&#8220;default&#8220; global_colors_info=&#8220;{}&#8220;][\/et_pb_contact_field][et_pb_contact_field field_id=&#8220;piva&#8220; field_title=&#8220;PDV \/ PORESKI \u0160IFRA&#8220; fullwidth_field=&#8220;on&#8220; _builder_version=&#8220;4.13.0&#8243; _module_preset=&#8220;default&#8220; global_colors_info=&#8220;{}&#8220;][\/et_pb_contact_field][et_pb_contact_field field_id=&#8220;Message&#8220; field_title=&#8220;Poruka&#8220; field_type=&#8220;text&#8220; fullwidth_field=&#8220;on&#8220; _builder_version=&#8220;3.16&#8243; global_colors_info=&#8220;{}&#8220; button_text_size__hover_enabled=&#8220;off&#8220; button_one_text_size__hover_enabled=&#8220;off&#8220; button_two_text_size__hover_enabled=&#8220;off&#8220; button_text_color__hover_enabled=&#8220;off&#8220; button_one_text_color__hover_enabled=&#8220;off&#8220; button_two_text_color__hover_enabled=&#8220;off&#8220; button_border_width__hover_enabled=&#8220;off&#8220; button_one_border_width__hover_enabled=&#8220;off&#8220; button_two_border_width__hover_enabled=&#8220;off&#8220; button_border_color__hover_enabled=&#8220;off&#8220; button_one_border_color__hover_enabled=&#8220;off&#8220; button_two_border_color__hover_enabled=&#8220;off&#8220; button_border_radius__hover_enabled=&#8220;off&#8220; button_one_border_radius__hover_enabled=&#8220;off&#8220; button_two_border_radius__hover_enabled=&#8220;off&#8220; button_letter_spacing__hover_enabled=&#8220;off&#8220; button_one_letter_spacing__hover_enabled=&#8220;off&#8220; button_two_letter_spacing__hover_enabled=&#8220;off&#8220; button_bg_color__hover_enabled=&#8220;off&#8220; button_one_bg_color__hover_enabled=&#8220;off&#8220; button_two_bg_color__hover_enabled=&#8220;off&#8220;][\/et_pb_contact_field][et_pb_contact_field field_id=&#8220;optin&#8220; field_title=&#8220; &#8220; field_type=&#8220;checkbox&#8220; checkbox_options=&#8220;%91{%22value%22:%22Da biste poslali svoj zahtev, morate izjaviti da ste pro\u010ditali i prihvatili%22,%22checked%22:0,%22dragID%22:-1,%22link_url%22:%22https:\\\/\\\/tnlogistica.com\\\/sr\\\/pravila-o-privatnosti\\\/%22,%22link_text%22:%22privacy policy.%22}%93&#8243; fullwidth_field=&#8220;on&#8220; _builder_version=&#8220;4.10.8&#8243; _module_preset=&#8220;default&#8220; custom_css_main_element=&#8220;font-size: 12px;&#8220; global_colors_info=&#8220;{}&#8220;][\/et_pb_contact_field][\/et_pb_contact_form][\/et_pb_column][et_pb_column type=&#8220;1_3&#8243; _builder_version=&#8220;4.10.8&#8243; _module_preset=&#8220;default&#8220; background_color=&#8220;#f0f0f0&#8243; custom_padding=&#8220;25px|25px|25px|25px|false|false&#8220; custom_padding_tablet=&#8220;35px||35px||false|false&#8220; custom_padding_phone=&#8220;|20px||20px|false|false&#8220; custom_padding_last_edited=&#8220;on|phone&#8220; animation_style=&#8220;slide&#8220; animation_direction=&#8220;bottom&#8220; animation_delay=&#8220;400ms&#8220; animation_intensity_slide=&#8220;5%&#8220; sticky_limit_bottom=&#8220;row&#8220; sticky_position_tablet=&#8220;none&#8220; sticky_position_phone=&#8220;&#8220; sticky_position_last_edited=&#8220;on|phone&#8220; border_radii=&#8220;on|15px|15px|15px|15px&#8220; box_shadow_style=&#8220;preset3&#8243; box_shadow_color=&#8220;rgba(0,0,0,0.05)&#8220; global_colors_info=&#8220;{}&#8220;][et_pb_image src=&#8220;https:\/\/tnlogistica.com\/wp-content\/uploads\/2021\/10\/DSC_9951a.jpg&#8220; title_text=&#8220;DSC_9951a&#8220; _builder_version=&#8220;4.10.8&#8243; _module_preset=&#8220;default&#8220; global_colors_info=&#8220;{}&#8220;][\/et_pb_image][et_pb_text _builder_version=&#8220;4.10.8&#8243; _module_preset=&#8220;default&#8220; header_font_size=&#8220;32px&#8220; header_line_height=&#8220;1.2em&#8220; header_2_font_size=&#8220;18px&#8220; header_2_line_height=&#8220;1.2em&#8220; header_3_text_color=&#8220;#FFFFFF&#8220; header_3_font_size=&#8220;25px&#8220; animation_style=&#8220;fade&#8220; header_font_size_tablet=&#8220;28px&#8220; header_font_size_phone=&#8220;24px&#8220; header_font_size_last_edited=&#8220;on|phone&#8220; custom_css_main_element=&#8220;padding:0px;&#8220; custom_css_after=&#8220;    content: &#8220;;||    width: 50px;||    height: 1px;||    background: red;||    display: block;||    margin-top: 9px;||    margin-bottom: 9px;&#8220; global_colors_info=&#8220;{}&#8220;]<\/p>\n<h2>Tra\u017eite partnera za logisti\u010dka re\u0161enja?<\/h2>\n<p>[\/et_pb_text][et_pb_text _builder_version=&#8220;4.10.8&#8243; _module_preset=&#8220;default&#8220; animation_style=&#8220;slide&#8220; animation_direction=&#8220;top&#8220; animation_delay=&#8220;250ms&#8220; animation_intensity_slide=&#8220;2%&#8220; global_colors_info=&#8220;{}&#8220;]<\/p>\n<p>Pored prevoza, integrisana logisti\u010dka re\u0161enja: sve usluge grupe.<\/p>\n<p>[\/et_pb_text][et_pb_button button_url=&#8220;https:\/\/tntorello.com\/contatti-e-filiali\/&#8220; button_text=&#8220;Otkrij vi\u0161e&#8220; _builder_version=&#8220;4.13.1&#8243; _module_preset=&#8220;default&#8220; custom_button=&#8220;on&#8220; button_text_size=&#8220;18px&#8220; button_text_color=&#8220;#FFFFFF&#8220; button_bg_color=&#8220;#e30513&#8243; button_border_width=&#8220;0px&#8220; button_border_radius=&#8220;0px&#8220; hover_enabled=&#8220;0&#8243; button_text_size_tablet=&#8220;17px&#8220; button_text_size_phone=&#8220;16px&#8220; button_text_size_last_edited=&#8220;on|phone&#8220; global_colors_info=&#8220;{}&#8220; button_bg_color__hover_enabled=&#8220;on|desktop&#8220; button_bg_color__hover=&#8220;#000000&#8243; button_bg_enable_color__hover=&#8220;on&#8220; sticky_enabled=&#8220;0&#8243;][\/et_pb_button][\/et_pb_column][\/et_pb_row][\/et_pb_section]<\/p>\n","protected":false},"excerpt":{"rendered":"<p>Kontaktirajte nas za informacije i ponudeZa ponudu ili savet o transportnim uslugama po\u0161aljite e-poruku putem obrasca. Odgovori\u0107e vam operateri koji govore vi\u0161e jezika.Tra\u017eite partnera za logisti\u010dka re\u0161enja?Pored prevoza, integrisana logisti\u010dka re\u0161enja: sve usluge grupe.<\/p>\n","protected":false},"author":1,"featured_media":0,"parent":0,"menu_order":0,"comment_status":"closed","ping_status":"closed","template":"","meta":{"_et_pb_use_builder":"on","_et_pb_old_content":"","_et_gb_content_width":"","footnotes":""},"class_list":["post-1075","page","type-page","status-publish","hentry"],"_links":{"self":[{"href":"https:\/\/tnlogistica.com\/sr\/wp-json\/wp\/v2\/pages\/1075","targetHints":{"allow":["GET"]}}],"collection":[{"href":"https:\/\/tnlogistica.com\/sr\/wp-json\/wp\/v2\/pages"}],"about":[{"href":"https:\/\/tnlogistica.com\/sr\/wp-json\/wp\/v2\/types\/page"}],"author":[{"embeddable":true,"href":"https:\/\/tnlogistica.com\/sr\/wp-json\/wp\/v2\/users\/1"}],"replies":[{"embeddable":true,"href":"https:\/\/tnlogistica.com\/sr\/wp-json\/wp\/v2\/comments?post=1075"}],"version-history":[{"count":9,"href":"https:\/\/tnlogistica.com\/sr\/wp-json\/wp\/v2\/pages\/1075\/revisions"}],"predecessor-version":[{"id":1444,"href":"https:\/\/tnlogistica.com\/sr\/wp-json\/wp\/v2\/pages\/1075\/revisions\/1444"}],"wp:attachment":[{"href":"https:\/\/tnlogistica.com\/sr\/wp-json\/wp\/v2\/media?parent=1075"}],"curies":[{"name":"wp","href":"https:\/\/api.w.org\/{rel}","templated":true}]}}