{"id":1060,"date":"2021-11-09T13:36:10","date_gmt":"2021-11-09T13:36:10","guid":{"rendered":"https:\/\/tnlogistica.com\/odrzivosti\/"},"modified":"2024-04-23T14:48:40","modified_gmt":"2024-04-23T14:48:40","slug":"odrzivosti","status":"publish","type":"page","link":"https:\/\/tnlogistica.com\/sr\/odrzivosti\/","title":{"rendered":"Odr\u017eivosti"},"content":{"rendered":"<p>[et_pb_section fb_built=&#8220;1&#8243; _builder_version=&#8220;4.16&#8243; _module_preset=&#8220;default&#8220; background_image=&#8220;https:\/\/tnlogistica.com\/wp-content\/uploads\/2021\/11\/tnlogistica-sostenibilita-1.jpg&#8220; min_height=&#8220;327px&#8220; height=&#8220;100vh&#8220; max_height=&#8220;600px&#8220; background_last_edited=&#8220;on|phone&#8220; background_position_phone=&#8220;center&#8220; locked=&#8220;off&#8220; global_colors_info=&#8220;{}&#8220;][et_pb_row _builder_version=&#8220;4.16&#8243; _module_preset=&#8220;default&#8220; global_colors_info=&#8220;{}&#8220;][et_pb_column type=&#8220;4_4&#8243; _builder_version=&#8220;4.16&#8243; _module_preset=&#8220;default&#8220; global_colors_info=&#8220;{}&#8220;][\/et_pb_column][\/et_pb_row][\/et_pb_section][et_pb_section fb_built=&#8220;1&#8243; custom_padding_last_edited=&#8220;on|phone&#8220; _builder_version=&#8220;4.16&#8243; _module_preset=&#8220;default&#8220; custom_padding=&#8220;100px||100px||false|false&#8220; custom_padding_tablet=&#8220;80px||80px||false|false&#8220; custom_padding_phone=&#8220;60px||60px||false|false&#8220; locked=&#8220;off&#8220; global_colors_info=&#8220;{}&#8220;][et_pb_row column_structure=&#8220;2_3,1_3&#8243; gutter_width=&#8220;3&#8243; _builder_version=&#8220;4.16&#8243; _module_preset=&#8220;default&#8220; global_colors_info=&#8220;{}&#8220; custom_css_main_element_last_edited=&#8220;on|phone&#8220; custom_css_main_element_tablet=&#8220;display: flex;||align-items: center;||flex-direction: column;&#8220; custom_css_main_element_phone=&#8220;display: flex;||align-items: center;||flex-direction: column;&#8220;][et_pb_column type=&#8220;2_3&#8243; _builder_version=&#8220;4.16&#8243; _module_preset=&#8220;default&#8220; global_colors_info=&#8220;{}&#8220;][et_pb_text _builder_version=&#8220;4.16&#8243; _module_preset=&#8220;default&#8220; header_font_size=&#8220;32px&#8220; header_line_height=&#8220;1.2em&#8220; header_3_text_color=&#8220;#FFFFFF&#8220; header_3_font_size=&#8220;25px&#8220; max_width=&#8220;80%&#8220; max_width_tablet=&#8220;90%&#8220; max_width_phone=&#8220;100%&#8220; max_width_last_edited=&#8220;on|phone&#8220; animation_style=&#8220;fade&#8220; header_font_size_tablet=&#8220;28px&#8220; header_font_size_phone=&#8220;24px&#8220; header_font_size_last_edited=&#8220;on|phone&#8220; custom_css_main_element=&#8220;padding:0px;&#8220; custom_css_after=&#8220;    content: &#8220;;||    width: 50px;||    height: 1px;||    background: red;||    display: block;||    margin-top: 9px;||    margin-bottom: 9px;&#8220; global_colors_info=&#8220;{}&#8220;]<\/p>\n<h1>Agilna i saradni\u010dka. Fleksibilna i savesna<\/h1>\n<p>[\/et_pb_text][et_pb_text _builder_version=&#8220;4.16&#8243; _module_preset=&#8220;default&#8220; animation_style=&#8220;slide&#8220; animation_direction=&#8220;top&#8220; animation_delay=&#8220;250ms&#8220; animation_intensity_slide=&#8220;2%&#8220; global_colors_info=&#8220;{}&#8220;]<\/p>\n<p>Tr\u017ei\u0161te neizbe\u017eno gura u pravcu \u201eodr\u017eivosti\u201c, podr\u017eano od klijenata koji su sve osetljiviji na projekte odgovornog upravljanja.<\/p>\n<p>U tom smislu, sna\u017ean podsticaj dolazi od tr\u017ei\u0161ta koje je po\u010delo da bira logisti\u010dke operatere koji brinu o \u017eivotnoj sredini. I ne samo to.<\/p>\n<p>Lokalni razvoj, pa\u017enja na aspekte ekolo\u0161ke i propise o prevozu, razvoj profesionalnih i ljudskih profila prate <strong>odr\u017eivi razvoj kompanije \u201eTN Logistica\u201c.<\/strong><\/p>\n<p>[\/et_pb_text][et_pb_text _builder_version=&#8220;4.16&#8243; _module_preset=&#8220;default&#8220; header_font_size=&#8220;32px&#8220; header_line_height=&#8220;1.2em&#8220; header_2_font_size=&#8220;32px&#8220; header_2_line_height=&#8220;1.2em&#8220; header_3_text_color=&#8220;#FFFFFF&#8220; header_3_font_size=&#8220;25px&#8220; max_width=&#8220;80%&#8220; max_width_tablet=&#8220;90%&#8220; max_width_phone=&#8220;100%&#8220; max_width_last_edited=&#8220;on|phone&#8220; animation_style=&#8220;fade&#8220; header_font_size_tablet=&#8220;28px&#8220; header_font_size_phone=&#8220;24px&#8220; header_font_size_last_edited=&#8220;on|phone&#8220; header_2_font_size_tablet=&#8220;28px&#8220; header_2_font_size_phone=&#8220;24px&#8220; header_2_font_size_last_edited=&#8220;on|phone&#8220; custom_css_main_element=&#8220;padding:0px;&#8220; custom_css_after=&#8220;    content: &#8220;;||    width: 50px;||    height: 1px;||    background: red;||    display: block;||    margin-top: 9px;||    margin-bottom: 9px;&#8220; global_colors_info=&#8220;{}&#8220;]<\/p>\n<h2><span>Odgovoran prevoz<\/span><\/h2>\n<p>[\/et_pb_text][et_pb_text _builder_version=&#8220;4.16&#8243; _module_preset=&#8220;default&#8220; animation_style=&#8220;slide&#8220; animation_direction=&#8220;top&#8220; animation_delay=&#8220;250ms&#8220; animation_intensity_slide=&#8220;2%&#8220; global_colors_info=&#8220;{}&#8220;]<\/p>\n<p>Snaga kompanije \u201eTN Logistica\u201c le\u017ei u njenoj sposobnosti da kupcima ponudi uslugu koja brine o \u017eivotnoj sredini. Standardi \u201eTorello\u201c grupe usmereni na <strong>GLAP<\/strong> (Green Logistic Automation Platform) &#8211; procesni patent koji se ti\u010de <strong>efikasnosti logisti\u010dkog upravljanja<\/strong> robom, kako bi se pobolj\u0161ao kvalitet usluga koje se nude u sve zelenijoj perspektivi &#8211; u potpunosti se primenjuju.<\/p>\n<p>S druge strane, drumski prevoz je jezgro grupe, pa radimo na smanjenju ekolo\u0161kog otiska koji stvaraju aktivnosti.<\/p>\n<p>[\/et_pb_text][\/et_pb_column][et_pb_column type=&#8220;1_3&#8243; _builder_version=&#8220;4.16&#8243; _module_preset=&#8220;default&#8220; background_color=&#8220;#f0f0f0&#8243; custom_padding=&#8220;25px|25px|25px|25px|false|false&#8220; custom_padding_tablet=&#8220;35px||35px||false|false&#8220; custom_padding_phone=&#8220;|20px||20px|false|false&#8220; custom_padding_last_edited=&#8220;on|phone&#8220; animation_style=&#8220;slide&#8220; animation_direction=&#8220;bottom&#8220; animation_delay=&#8220;400ms&#8220; animation_intensity_slide=&#8220;5%&#8220; sticky_position_tablet=&#8220;none&#8220; sticky_position_last_edited=&#8220;off|desktop&#8220; border_radii=&#8220;on|15px|15px|15px|15px&#8220; box_shadow_style=&#8220;preset3&#8243; box_shadow_color=&#8220;rgba(0,0,0,0.05)&#8220; global_colors_info=&#8220;{}&#8220;][et_pb_text _builder_version=&#8220;4.16&#8243; _module_preset=&#8220;default&#8220; header_font_size=&#8220;32px&#8220; header_line_height=&#8220;1.2em&#8220; header_2_font_size=&#8220;18px&#8220; header_2_line_height=&#8220;1.2em&#8220; header_3_text_color=&#8220;#FFFFFF&#8220; header_3_font_size=&#8220;25px&#8220; animation_style=&#8220;fade&#8220; header_font_size_tablet=&#8220;28px&#8220; header_font_size_phone=&#8220;24px&#8220; header_font_size_last_edited=&#8220;on|phone&#8220; custom_css_main_element=&#8220;padding:0px;&#8220; custom_css_after=&#8220;    content: &#8220;;||    width: 50px;||    height: 1px;||    background: red;||    display: block;||    margin-top: 9px;||    margin-bottom: 9px;&#8220; global_colors_info=&#8220;{}&#8220;]<\/p>\n<h2>Sertifikacija za\u0161tite \u017eivotne sredine \u201eRalpin\u201c<\/h2>\n<p>[\/et_pb_text][et_pb_text _builder_version=&#8220;4.16&#8243; _module_preset=&#8220;default&#8220; animation_style=&#8220;slide&#8220; animation_direction=&#8220;top&#8220; animation_delay=&#8220;250ms&#8220; animation_intensity_slide=&#8220;2%&#8220; global_colors_info=&#8220;{}&#8220;]<\/p>\n<p>Kompanija \u201eTN Logistica\u201c pru\u017ea podatke o fazama prevoza daju\u0107i <strong>konkretne odgovore<\/strong>. Kvalitet izra\u017een neophodnim sertifikatima je sredstvo za pove\u0107anje vrednosti.<\/p>\n<p>[\/et_pb_text][et_pb_button button_url=&#8220;https:\/\/tnlogistica.com\/wp-content\/uploads\/2023\/06\/TN-Logistica-SK_Environmental-certificate_2022.pdf&#8220; url_new_window=&#8220;on&#8220; button_text=&#8220;Ekolo\u0161ki sertifikat&#8220; _builder_version=&#8220;4.25.0&#8243; _module_preset=&#8220;default&#8220; custom_button=&#8220;on&#8220; button_text_size=&#8220;18px&#8220; button_text_color=&#8220;#FFFFFF&#8220; button_bg_color=&#8220;#e30513&#8243; button_border_width=&#8220;0px&#8220; button_border_radius=&#8220;0px&#8220; hover_enabled=&#8220;0&#8243; button_text_size_tablet=&#8220;17px&#8220; button_text_size_phone=&#8220;16px&#8220; button_text_size_last_edited=&#8220;on|phone&#8220; global_colors_info=&#8220;{}&#8220; button_bg_color__hover_enabled=&#8220;on|desktop&#8220; button_bg_color__hover=&#8220;#000000&#8243; button_bg_enable_color__hover=&#8220;on&#8220; sticky_enabled=&#8220;0&#8243;][\/et_pb_button][\/et_pb_column][\/et_pb_row][\/et_pb_section][et_pb_section fb_built=&#8220;1&#8243; custom_padding_last_edited=&#8220;on|phone&#8220; _builder_version=&#8220;4.16&#8243; _module_preset=&#8220;default&#8220; background_color=&#8220;#333333&#8243; custom_padding=&#8220;100px||100px||false|false&#8220; custom_padding_tablet=&#8220;80px||80px||false|false&#8220; custom_padding_phone=&#8220;60px||60px||false|false&#8220; locked=&#8220;off&#8220; global_colors_info=&#8220;{}&#8220;][et_pb_row column_structure=&#8220;1_2,1_2&#8243; gutter_width=&#8220;3&#8243; _builder_version=&#8220;4.16&#8243; _module_preset=&#8220;default&#8220; custom_padding=&#8220;0px||0px|||&#8220; custom_css_main_element=&#8220;display:flex;||align-items: center;&#8220; global_colors_info=&#8220;{}&#8220; custom_css_main_element_last_edited=&#8220;on|phone&#8220; custom_css_main_element_tablet=&#8220;display:flex;||flex-direction: column;&#8220; custom_css_main_element_phone=&#8220;display:flex;||flex-direction: column;&#8220;][et_pb_column type=&#8220;1_2&#8243; _builder_version=&#8220;4.16&#8243; _module_preset=&#8220;default&#8220; global_colors_info=&#8220;{}&#8220;][et_pb_text _builder_version=&#8220;4.16&#8243; _module_preset=&#8220;default&#8220; header_3_text_color=&#8220;#FFFFFF&#8220; header_3_font_size=&#8220;25px&#8220; animation_style=&#8220;fade&#8220; custom_css_main_element=&#8220;padding:0px;&#8220; custom_css_after=&#8220;    content: &#8220;;||    width: 50px;||    height: 1px;||    background: red;||    display: block;||    margin-top: 9px;||    margin-bottom: 9px;&#8220; global_colors_info=&#8220;{}&#8220;]<\/p>\n<h3>Umanjivanje uticaja na \u017eivotnu sredinu<\/h3>\n<p>[\/et_pb_text][et_pb_text _builder_version=&#8220;4.16&#8243; _module_preset=&#8220;default&#8220; text_text_color=&#8220;#FFFFFF&#8220; animation_style=&#8220;slide&#8220; animation_direction=&#8220;top&#8220; animation_delay=&#8220;250ms&#8220; animation_intensity_slide=&#8220;2%&#8220; global_colors_info=&#8220;{}&#8220;]<\/p>\n<p><span>Smanjenje zaga\u0111uju\u0107ih emisija karakteri\u0161e sve logisti\u010dke projekte kompanije \u201eTN Logistica\u201c. Preduzimaju se sve raspolo\u017eive mere za suzbijanje zaga\u0111enja \u017eivotne sredine transportne logistike<\/span><\/p>\n<p>[\/et_pb_text][et_pb_blurb use_icon=&#8220;on&#8220; font_icon=&#8220;&#x5a;||divi||400&#8243; icon_color=&#8220;#E02B20&#8243; icon_placement=&#8220;left&#8220; image_icon_width=&#8220;22px&#8220; _builder_version=&#8220;4.16&#8243; _module_preset=&#8220;default&#8220; body_text_color=&#8220;#FFFFFF&#8220; custom_margin=&#8220;||8px||false|false&#8220; icon_font_size=&#8220;22px&#8220; global_colors_info=&#8220;{}&#8220;]<\/p>\n<p><span>Kupujte i koristite vozila sa niskim uticajem na \u017eivotnu sredinu;<\/span><\/p>\n<p>[\/et_pb_blurb][et_pb_blurb use_icon=&#8220;on&#8220; font_icon=&#8220;&#x5a;||divi||400&#8243; icon_color=&#8220;#E02B20&#8243; icon_placement=&#8220;left&#8220; image_icon_width=&#8220;22px&#8220; _builder_version=&#8220;4.16&#8243; _module_preset=&#8220;default&#8220; body_text_color=&#8220;#FFFFFF&#8220; custom_margin=&#8220;||8px||false|false&#8220; icon_font_size=&#8220;22px&#8220; global_colors_info=&#8220;{}&#8220;]<\/p>\n<p><span>Pove\u0107ajte efikasnost transportnog tovara;<\/span><\/p>\n<p>[\/et_pb_blurb][et_pb_blurb use_icon=&#8220;on&#8220; font_icon=&#8220;&#x5a;||divi||400&#8243; icon_color=&#8220;#E02B20&#8243; icon_placement=&#8220;left&#8220; image_icon_width=&#8220;22px&#8220; _builder_version=&#8220;4.16&#8243; _module_preset=&#8220;default&#8220; body_text_color=&#8220;#FFFFFF&#8220; custom_margin=&#8220;||8px||false|false&#8220; icon_font_size=&#8220;22px&#8220; global_colors_info=&#8220;{}&#8220;]<\/p>\n<p><span>Promovi\u0161ite sistem ekolo\u0161ke vo\u017enje (eco-drive);<\/span><\/p>\n<p>[\/et_pb_blurb][et_pb_blurb use_icon=&#8220;on&#8220; font_icon=&#8220;&#x5a;||divi||400&#8243; icon_color=&#8220;#E02B20&#8243; icon_placement=&#8220;left&#8220; image_icon_width=&#8220;22px&#8220; _builder_version=&#8220;4.16&#8243; _module_preset=&#8220;default&#8220; body_text_color=&#8220;#FFFFFF&#8220; custom_margin=&#8220;||8px||false|false&#8220; icon_font_size=&#8220;22px&#8220; global_colors_info=&#8220;{}&#8220;]<\/p>\n<p><span>Promovi\u0161ite intermodalnost.<\/span><\/p>\n<p>[\/et_pb_blurb][\/et_pb_column][et_pb_column type=&#8220;1_2&#8243; _builder_version=&#8220;4.16&#8243; _module_preset=&#8220;default&#8220; global_colors_info=&#8220;{}&#8220;][et_pb_video src=&#8220;https:\/\/www.youtube.com\/watch?v=7SBOjiBqduo&#038;ab_channel=Torello&#8220; _builder_version=&#8220;4.10.8&#8243; _module_preset=&#8220;default&#8220; animation_style=&#8220;slide&#8220; animation_direction=&#8220;right&#8220; animation_delay=&#8220;450ms&#8220; animation_intensity_slide=&#8220;2%&#8220; global_colors_info=&#8220;{}&#8220;][\/et_pb_video][\/et_pb_column][\/et_pb_row][\/et_pb_section]<\/p>\n","protected":false},"excerpt":{"rendered":"<p>Agilna i saradni\u010dka. Fleksibilna i savesnaTr\u017ei\u0161te neizbe\u017eno gura u pravcu \u201eodr\u017eivosti\u201c, podr\u017eano od klijenata koji su sve osetljiviji na projekte odgovornog upravljanja. U tom smislu, sna\u017ean podsticaj dolazi od tr\u017ei\u0161ta koje je po\u010delo da bira logisti\u010dke operatere koji brinu o \u017eivotnoj sredini. I ne samo to. Lokalni razvoj, pa\u017enja na aspekte ekolo\u0161ke i propise o [&hellip;]<\/p>\n","protected":false},"author":1,"featured_media":0,"parent":0,"menu_order":0,"comment_status":"closed","ping_status":"closed","template":"","meta":{"_et_pb_use_builder":"on","_et_pb_old_content":"","_et_gb_content_width":"","footnotes":""},"class_list":["post-1060","page","type-page","status-publish","hentry"],"_links":{"self":[{"href":"https:\/\/tnlogistica.com\/sr\/wp-json\/wp\/v2\/pages\/1060","targetHints":{"allow":["GET"]}}],"collection":[{"href":"https:\/\/tnlogistica.com\/sr\/wp-json\/wp\/v2\/pages"}],"about":[{"href":"https:\/\/tnlogistica.com\/sr\/wp-json\/wp\/v2\/types\/page"}],"author":[{"embeddable":true,"href":"https:\/\/tnlogistica.com\/sr\/wp-json\/wp\/v2\/users\/1"}],"replies":[{"embeddable":true,"href":"https:\/\/tnlogistica.com\/sr\/wp-json\/wp\/v2\/comments?post=1060"}],"version-history":[{"count":10,"href":"https:\/\/tnlogistica.com\/sr\/wp-json\/wp\/v2\/pages\/1060\/revisions"}],"predecessor-version":[{"id":1920,"href":"https:\/\/tnlogistica.com\/sr\/wp-json\/wp\/v2\/pages\/1060\/revisions\/1920"}],"wp:attachment":[{"href":"https:\/\/tnlogistica.com\/sr\/wp-json\/wp\/v2\/media?parent=1060"}],"curies":[{"name":"wp","href":"https:\/\/api.w.org\/{rel}","templated":true}]}}