{"id":1057,"date":"2021-11-09T13:29:36","date_gmt":"2021-11-09T13:29:36","guid":{"rendered":"https:\/\/tnlogistica.com\/drumskom-prevozu\/"},"modified":"2021-11-10T15:20:35","modified_gmt":"2021-11-10T15:20:35","slug":"drumskom-prevozu","status":"publish","type":"page","link":"https:\/\/tnlogistica.com\/sr\/drumskom-prevozu\/","title":{"rendered":"Drumskom prevozu"},"content":{"rendered":"<p>[et_pb_section fb_built=&#8220;1&#8243; _builder_version=&#8220;4.13.0&#8243; _module_preset=&#8220;default&#8220; background_image=&#8220;https:\/\/tnlogistica.com\/wp-content\/uploads\/2021\/11\/tnlogistica-trasporti-su-strada-1.jpg&#8220; min_height=&#8220;327px&#8220; height=&#8220;100vh&#8220; max_height=&#8220;600px&#8220; hover_enabled=&#8220;0&#8243; background_last_edited=&#8220;on|phone&#8220; background_position_phone=&#8220;center&#8220; locked=&#8220;off&#8220; global_colors_info=&#8220;{}&#8220; title_text=&#8220;tnlogistica-trasporti-su-strada (1)&#8220; sticky_enabled=&#8220;0&#8243;][et_pb_row _builder_version=&#8220;4.10.8&#8243; _module_preset=&#8220;default&#8220; global_colors_info=&#8220;{}&#8220;][et_pb_column type=&#8220;4_4&#8243; _builder_version=&#8220;4.10.8&#8243; _module_preset=&#8220;default&#8220; global_colors_info=&#8220;{}&#8220;][\/et_pb_column][\/et_pb_row][\/et_pb_section][et_pb_section fb_built=&#8220;1&#8243; custom_padding_last_edited=&#8220;on|phone&#8220; _builder_version=&#8220;4.10.8&#8243; _module_preset=&#8220;default&#8220; custom_padding=&#8220;100px||100px||false|false&#8220; custom_padding_tablet=&#8220;80px||80px||false|false&#8220; custom_padding_phone=&#8220;60px||60px||false|false&#8220; locked=&#8220;off&#8220; global_colors_info=&#8220;{}&#8220;][et_pb_row gutter_width=&#8220;3&#8243; _builder_version=&#8220;4.10.8&#8243; _module_preset=&#8220;default&#8220; custom_css_main_element=&#8220;display: flex;||align-items: center;&#8220; global_colors_info=&#8220;{}&#8220; custom_css_main_element_last_edited=&#8220;on|phone&#8220; custom_css_main_element_tablet=&#8220;display: flex;||align-items: center;||flex-direction: column;&#8220; custom_css_main_element_phone=&#8220;display: flex;||align-items: center;||flex-direction: column;&#8220;][et_pb_column type=&#8220;4_4&#8243; _builder_version=&#8220;4.10.8&#8243; _module_preset=&#8220;default&#8220; global_colors_info=&#8220;{}&#8220;][et_pb_text _builder_version=&#8220;4.13.0&#8243; _module_preset=&#8220;default&#8220; header_text_align=&#8220;center&#8220; header_font_size=&#8220;32px&#8220; header_line_height=&#8220;1.2em&#8220; header_3_text_color=&#8220;#FFFFFF&#8220; header_3_font_size=&#8220;25px&#8220; max_width=&#8220;80%&#8220; max_width_tablet=&#8220;90%&#8220; max_width_phone=&#8220;100%&#8220; max_width_last_edited=&#8220;on|phone&#8220; module_alignment=&#8220;center&#8220; animation_style=&#8220;fade&#8220; header_font_size_tablet=&#8220;28px&#8220; header_font_size_phone=&#8220;24px&#8220; header_font_size_last_edited=&#8220;on|phone&#8220; custom_css_main_element=&#8220;padding:0px;&#8220; custom_css_after=&#8220;    content: &#8220;;||    width: 50px;||    height: 1px;||    background: red;||    display: block;||    margin-top: 9px;||    margin-bottom: 9px;||\t\tmargin-left: auto;||    margin-right: auto;&#8220; global_colors_info=&#8220;{}&#8220;]<\/p>\n<h1>Organizacija prevoza, razvoj i pra\u0107enje u partnerstvu<\/h1>\n<p>[\/et_pb_text][et_pb_text _builder_version=&#8220;4.10.8&#8243; _module_preset=&#8220;default&#8220; text_orientation=&#8220;center&#8220; max_width=&#8220;70%&#8220; max_width_tablet=&#8220;100%&#8220; max_width_phone=&#8220;&#8220; max_width_last_edited=&#8220;on|phone&#8220; module_alignment=&#8220;center&#8220; animation_style=&#8220;slide&#8220; animation_direction=&#8220;top&#8220; animation_delay=&#8220;250ms&#8220; animation_intensity_slide=&#8220;2%&#8220; global_colors_info=&#8220;{}&#8220;]<\/p>\n<p>Od preuzimanja po\u0161iljke, <strong>procene vremena, vrste robe i udaljenosti<\/strong>, \u201eTN Logistica\u201c identifikuje vozilo i najprikladniji put, u cilju smanjenja uticaja na \u017eivotnu sredinu i smanjenja tro\u0161kova.<\/p>\n<p>Organizacija strukturisana na takav na\u010din da pove\u0107ava performanse i fleksibilnost, u kombinaciji sa uobi\u010dajenom pouzdano\u0161\u0107u <strong>prevoza zagarantovanom sinergijom sa \u010ditavom \u201eTorello\u201c grupom.<\/strong><\/p>\n<p>[\/et_pb_text][\/et_pb_column][\/et_pb_row][et_pb_row column_structure=&#8220;1_4,1_4,1_4,1_4&#8243; gutter_width=&#8220;2&#8243; make_equal=&#8220;on&#8220; _builder_version=&#8220;4.10.8&#8243; _module_preset=&#8220;default&#8220; custom_padding=&#8220;49px||||false|false&#8220; global_colors_info=&#8220;{}&#8220;][et_pb_column type=&#8220;1_4&#8243; _builder_version=&#8220;4.10.8&#8243; _module_preset=&#8220;default&#8220; global_colors_info=&#8220;{}&#8220;][et_pb_blurb title=&#8220;\u201eFull Truck Load\u201c i \u201eLess Than Truckload\u201c&#8220; image=&#8220;https:\/\/tnlogistica.com\/wp-content\/uploads\/2021\/09\/ftl-ltl-tnlogisticask.png&#8220; image_icon_width=&#8220;80px&#8220; _builder_version=&#8220;4.13.0&#8243; _module_preset=&#8220;default&#8220; header_text_align=&#8220;center&#8220; header_line_height=&#8220;1.2em&#8220; text_orientation=&#8220;center&#8220; custom_padding=&#8220;25px|15px|25px|15px|false|false&#8220; animation_style=&#8220;slide&#8220; animation_direction=&#8220;left&#8220; animation_delay=&#8220;200ms&#8220; animation_intensity_slide=&#8220;5%&#8220; custom_css_main_element=&#8220;min-height: 320px;&#8220; border_radii=&#8220;on|15px|15px|15px|15px&#8220; border_width_all=&#8220;1px&#8220; border_color_all=&#8220;rgba(204,204,204,0.43)&#8220; box_shadow_style=&#8220;preset3&#8243; box_shadow_color=&#8220;rgba(0,0,0,0.16)&#8220; image_max_width=&#8220;80px&#8220; global_colors_info=&#8220;{}&#8220;]<\/p>\n<p>Drumski i vi\u0161enamenski drumski prevoz za razli\u010dite mogu\u0107nosti utovara: pun ili delimi\u010dan re\u017eim.<\/p>\n<p>[\/et_pb_blurb][\/et_pb_column][et_pb_column type=&#8220;1_4&#8243; _builder_version=&#8220;4.10.8&#8243; _module_preset=&#8220;default&#8220; global_colors_info=&#8220;{}&#8220;][et_pb_blurb title=&#8220;Nacionalni i me\u0111unarodni&#8220; image=&#8220;https:\/\/tnlogistica.com\/wp-content\/uploads\/2021\/09\/trasporto-naz-int-tnlogisticask2.png&#8220; image_icon_width=&#8220;80px&#8220; _builder_version=&#8220;4.13.0&#8243; _module_preset=&#8220;default&#8220; header_text_align=&#8220;center&#8220; header_line_height=&#8220;1.2em&#8220; text_orientation=&#8220;center&#8220; custom_padding=&#8220;25px|15px|25px|15px|false|false&#8220; animation_style=&#8220;slide&#8220; animation_direction=&#8220;left&#8220; animation_delay=&#8220;450ms&#8220; animation_intensity_slide=&#8220;5%&#8220; custom_css_main_element=&#8220;min-height: 320px;&#8220; border_radii=&#8220;on|15px|15px|15px|15px&#8220; border_width_all=&#8220;1px&#8220; border_color_all=&#8220;rgba(204,204,204,0.43)&#8220; box_shadow_style=&#8220;preset3&#8243; box_shadow_color=&#8220;rgba(0,0,0,0.16)&#8220; image_max_width=&#8220;80px&#8220; global_colors_info=&#8220;{}&#8220;]<\/p>\n<p>Iz samog centra u Senecu, vode\u0107e pozicije koja vas stavlja u sredi\u0161te glavnih tr\u017ei\u0161ta Evrope.<\/p>\n<p>[\/et_pb_blurb][\/et_pb_column][et_pb_column type=&#8220;1_4&#8243; _builder_version=&#8220;4.10.8&#8243; _module_preset=&#8220;default&#8220; global_colors_info=&#8220;{}&#8220;][et_pb_blurb title=&#8220;Jedinstvene i prilago\u0111ene usluge&#8220; image=&#8220;https:\/\/tnlogistica.com\/wp-content\/uploads\/2021\/09\/servizi-unici-individuali-tnlogisticask.png&#8220; image_icon_width=&#8220;80px&#8220; _builder_version=&#8220;4.13.0&#8243; _module_preset=&#8220;default&#8220; header_text_align=&#8220;center&#8220; header_line_height=&#8220;1.2em&#8220; text_orientation=&#8220;center&#8220; custom_padding=&#8220;25px|15px|25px|15px|false|false&#8220; animation_style=&#8220;slide&#8220; animation_direction=&#8220;left&#8220; animation_delay=&#8220;700ms&#8220; animation_intensity_slide=&#8220;5%&#8220; custom_css_main_element=&#8220;min-height: 320px;&#8220; custom_css_blurb_title=&#8220;max-width: 80%;||margin: auto;&#8220; border_radii=&#8220;on|15px|15px|15px|15px&#8220; border_width_all=&#8220;1px&#8220; border_color_all=&#8220;rgba(204,204,204,0.43)&#8220; box_shadow_style=&#8220;preset3&#8243; box_shadow_color=&#8220;rgba(0,0,0,0.16)&#8220; image_max_width=&#8220;80px&#8220; global_colors_info=&#8220;{}&#8220;]<\/p>\n<p>Kompanija \u201eTN Logistica\u201c gradi efikasan, brz i ekolo\u0161ki odr\u017eiv put koji garantuje i pripadnost \u201eTorello\u201c grupi.<\/p>\n<p>[\/et_pb_blurb][\/et_pb_column][et_pb_column type=&#8220;1_4&#8243; _builder_version=&#8220;4.10.8&#8243; _module_preset=&#8220;default&#8220; global_colors_info=&#8220;{}&#8220;][et_pb_blurb title=&#8220;Saveti i pomo\u0107&#8220; image=&#8220;https:\/\/tnlogistica.com\/wp-content\/uploads\/2021\/09\/consulenza-tnlogisticask.png&#8220; image_icon_width=&#8220;80px&#8220; _builder_version=&#8220;4.13.0&#8243; _module_preset=&#8220;default&#8220; header_text_align=&#8220;center&#8220; header_line_height=&#8220;1.2em&#8220; text_orientation=&#8220;center&#8220; custom_padding=&#8220;25px|15px|25px|15px|false|false&#8220; animation_style=&#8220;slide&#8220; animation_direction=&#8220;left&#8220; animation_delay=&#8220;950ms&#8220; animation_intensity_slide=&#8220;5%&#8220; custom_css_main_element=&#8220;min-height: 320px;&#8220; custom_css_blurb_title=&#8220;max-width: 80%;||margin: auto;&#8220; border_radii=&#8220;on|15px|15px|15px|15px&#8220; border_width_all=&#8220;1px&#8220; border_color_all=&#8220;rgba(204,204,204,0.43)&#8220; box_shadow_style=&#8220;preset3&#8243; box_shadow_color=&#8220;rgba(0,0,0,0.16)&#8220; image_max_width=&#8220;80px&#8220; global_colors_info=&#8220;{}&#8220;]<\/p>\n<p>Va\u017ena osnovna delatnost u savetovanju i organizaciji drumskog prevoza.<\/p>\n<p>[\/et_pb_blurb][\/et_pb_column][\/et_pb_row][\/et_pb_section][et_pb_section fb_built=&#8220;1&#8243; custom_padding_last_edited=&#8220;on|phone&#8220; _builder_version=&#8220;4.10.8&#8243; _module_preset=&#8220;default&#8220; background_color=&#8220;#333333&#8243; custom_padding=&#8220;100px||100px||false|false&#8220; custom_padding_tablet=&#8220;80px||80px||false|false&#8220; custom_padding_phone=&#8220;60px||60px||false|false&#8220; locked=&#8220;off&#8220; global_colors_info=&#8220;{}&#8220;][et_pb_row column_structure=&#8220;1_2,1_2&#8243; gutter_width=&#8220;3&#8243; _builder_version=&#8220;4.10.8&#8243; _module_preset=&#8220;default&#8220; custom_padding=&#8220;0px||0px|||&#8220; custom_css_main_element=&#8220;display:flex;||align-items: center;&#8220; global_colors_info=&#8220;{}&#8220; custom_css_main_element_last_edited=&#8220;on|phone&#8220; custom_css_main_element_tablet=&#8220;display:flex;||flex-direction: column;&#8220; custom_css_main_element_phone=&#8220;display:flex;||flex-direction: column;&#8220;][et_pb_column type=&#8220;1_2&#8243; _builder_version=&#8220;4.10.8&#8243; _module_preset=&#8220;default&#8220; global_colors_info=&#8220;{}&#8220;][et_pb_text _builder_version=&#8220;4.10.8&#8243; _module_preset=&#8220;default&#8220; header_3_text_color=&#8220;#FFFFFF&#8220; header_3_font_size=&#8220;25px&#8220; animation_style=&#8220;fade&#8220; custom_css_main_element=&#8220;padding:0px;&#8220; custom_css_after=&#8220;    content: &#8220;;||    width: 50px;||    height: 1px;||    background: red;||    display: block;||    margin-top: 9px;||    margin-bottom: 9px;&#8220; global_colors_info=&#8220;{}&#8220;]<\/p>\n<h3>Fokusiran na strategije<\/h3>\n<p>[\/et_pb_text][et_pb_text _builder_version=&#8220;4.10.8&#8243; _module_preset=&#8220;default&#8220; text_text_color=&#8220;#FFFFFF&#8220; animation_style=&#8220;slide&#8220; animation_direction=&#8220;top&#8220; animation_delay=&#8220;250ms&#8220; animation_intensity_slide=&#8220;2%&#8220; global_colors_info=&#8220;{}&#8220;]<\/p>\n<p><strong>Dugogodi\u0161nje iskustvo ste\u010deno u transportnom sektoru<\/strong> omogu\u0107ilo je \u201eTorello\u201c grupi da razvije uslugu u Evropi u okviru savr\u0161eno organizovane mre\u017ee.<\/p>\n<p>Na ovaj na\u010din izgra\u0111en <strong>lanac snabdevanja \u201eTorello\u201c<\/strong> radi zajedno tako da se \u201eTN Logistica \u201c mo\u017ee efikasno kretati, razvijati nova re\u0161enja, pove\u0107ati operativnu efikasnost kako bi uskladila prilago\u0111ene zahteve kupaca.<\/p>\n<p>[\/et_pb_text][et_pb_text _builder_version=&#8220;4.10.8&#8243; _module_preset=&#8220;default&#8220; header_3_text_color=&#8220;#FFFFFF&#8220; header_3_font_size=&#8220;25px&#8220; custom_margin=&#8220;49px||||false|false&#8220; custom_padding=&#8220;49px||||false|false&#8220; animation_style=&#8220;fade&#8220; custom_css_main_element=&#8220;padding:0px;&#8220; custom_css_after=&#8220;    content: &#8220;;||    width: 50px;||    height: 1px;||    background: red;||    display: block;||    margin-top: 9px;||    margin-bottom: 9px;&#8220; border_color_all=&#8220;#FFFFFF&#8220; border_width_top=&#8220;1px&#8220; border_color_top=&#8220;rgba(204,204,204,0.21)&#8220; global_colors_info=&#8220;{}&#8220;]<\/p>\n<h3>&#8230; \u201eTorello\u201c grupe<\/h3>\n<p>[\/et_pb_text][et_pb_text _builder_version=&#8220;4.10.8&#8243; _module_preset=&#8220;default&#8220; text_text_color=&#8220;#FFFFFF&#8220; animation_style=&#8220;slide&#8220; animation_direction=&#8220;top&#8220; animation_delay=&#8220;250ms&#8220; animation_intensity_slide=&#8220;2%&#8220; global_colors_info=&#8220;{}&#8220;]<\/p>\n<p>Logisti\u010dke direktive navodi \u201eTorello\u201c grupa koja kontroli\u0161e <strong>upravljanje tokovima u celoj Evropi<\/strong>. Organizacija i logisti\u010dki nadzor \u201eTorello\u201c grupe poma\u017eu da se zadovolje svi zahtevi i potrebe klijenata.<\/p>\n<p>Za ponudu ili savet o kopnenom prevozu zatra\u017eite ponudu<\/p>\n<p>[\/et_pb_text][\/et_pb_column][et_pb_column type=&#8220;1_2&#8243; _builder_version=&#8220;4.10.8&#8243; _module_preset=&#8220;default&#8220; global_colors_info=&#8220;{}&#8220;][et_pb_code _builder_version=&#8220;4.13.0&#8243; _module_preset=&#8220;default&#8220; global_colors_info=&#8220;{}&#8220;]<iframe loading=\"lazy\" width=\"560\" height=\"500\" src=\"https:\/\/www.youtube.com\/embed\/j5JQdo1LadU\" title=\"YouTube video player\" frameborder=\"0\" allow=\"accelerometer; autoplay; clipboard-write; encrypted-media; gyroscope; picture-in-picture\" allowfullscreen><\/iframe>[\/et_pb_code][\/et_pb_column][\/et_pb_row][\/et_pb_section]<\/p>\n","protected":false},"excerpt":{"rendered":"<p>Organizacija prevoza, razvoj i pra\u0107enje u partnerstvuOd preuzimanja po\u0161iljke, procene vremena, vrste robe i udaljenosti, \u201eTN Logistica\u201c identifikuje vozilo i najprikladniji put, u cilju smanjenja uticaja na \u017eivotnu sredinu i smanjenja tro\u0161kova. Organizacija strukturisana na takav na\u010din da pove\u0107ava performanse i fleksibilnost, u kombinaciji sa uobi\u010dajenom pouzdano\u0161\u0107u prevoza zagarantovanom sinergijom sa \u010ditavom \u201eTorello\u201c grupom.Drumski i [&hellip;]<\/p>\n","protected":false},"author":1,"featured_media":0,"parent":0,"menu_order":0,"comment_status":"closed","ping_status":"closed","template":"","meta":{"_et_pb_use_builder":"on","_et_pb_old_content":"","_et_gb_content_width":"","footnotes":""},"class_list":["post-1057","page","type-page","status-publish","hentry"],"_links":{"self":[{"href":"https:\/\/tnlogistica.com\/sr\/wp-json\/wp\/v2\/pages\/1057","targetHints":{"allow":["GET"]}}],"collection":[{"href":"https:\/\/tnlogistica.com\/sr\/wp-json\/wp\/v2\/pages"}],"about":[{"href":"https:\/\/tnlogistica.com\/sr\/wp-json\/wp\/v2\/types\/page"}],"author":[{"embeddable":true,"href":"https:\/\/tnlogistica.com\/sr\/wp-json\/wp\/v2\/users\/1"}],"replies":[{"embeddable":true,"href":"https:\/\/tnlogistica.com\/sr\/wp-json\/wp\/v2\/comments?post=1057"}],"version-history":[{"count":9,"href":"https:\/\/tnlogistica.com\/sr\/wp-json\/wp\/v2\/pages\/1057\/revisions"}],"predecessor-version":[{"id":1312,"href":"https:\/\/tnlogistica.com\/sr\/wp-json\/wp\/v2\/pages\/1057\/revisions\/1312"}],"wp:attachment":[{"href":"https:\/\/tnlogistica.com\/sr\/wp-json\/wp\/v2\/media?parent=1057"}],"curies":[{"name":"wp","href":"https:\/\/api.w.org\/{rel}","templated":true}]}}