{"id":1023,"date":"2021-11-09T11:28:36","date_gmt":"2021-11-09T11:28:36","guid":{"rendered":"https:\/\/tnlogistica.com\/%d1%86%d0%b5%d1%80%d1%82%d0%b8%d1%84%d0%b8%d0%ba%d0%b0%d1%82%d0%b8\/"},"modified":"2025-01-22T15:24:31","modified_gmt":"2025-01-22T15:24:31","slug":"%d1%86%d0%b5%d1%80%d1%82%d0%b8%d1%84%d0%b8%d0%ba%d0%b0%d1%82%d0%b8","status":"publish","type":"page","link":"https:\/\/tnlogistica.com\/sr\/%d1%86%d0%b5%d1%80%d1%82%d0%b8%d1%84%d0%b8%d0%ba%d0%b0%d1%82%d0%b8\/","title":{"rendered":"Certifikati"},"content":{"rendered":"<p>[et_pb_section fb_built=&#8220;1&#8243; _builder_version=&#8220;4.16&#8243; _module_preset=&#8220;default&#8220; background_image=&#8220;https:\/\/tnlogistica.com\/wp-content\/uploads\/2021\/10\/certificazioni-sk-slide-2.jpg&#8220; min_height=&#8220;327px&#8220; height=&#8220;100vh&#8220; max_height=&#8220;600px&#8220; background_last_edited=&#8220;on|phone&#8220; background_position_phone=&#8220;center&#8220; locked=&#8220;off&#8220; global_colors_info=&#8220;{}&#8220;][et_pb_row _builder_version=&#8220;4.16&#8243; _module_preset=&#8220;default&#8220; global_colors_info=&#8220;{}&#8220;][et_pb_column type=&#8220;4_4&#8243; _builder_version=&#8220;4.16&#8243; _module_preset=&#8220;default&#8220; global_colors_info=&#8220;{}&#8220;][\/et_pb_column][\/et_pb_row][\/et_pb_section][et_pb_section fb_built=&#8220;1&#8243; _builder_version=&#8220;4.16&#8243; _module_preset=&#8220;default&#8220; global_colors_info=&#8220;{}&#8220;][et_pb_row _builder_version=&#8220;4.16&#8243; _module_preset=&#8220;default&#8220; global_colors_info=&#8220;{}&#8220;][et_pb_column type=&#8220;4_4&#8243; _builder_version=&#8220;4.16&#8243; _module_preset=&#8220;default&#8220; global_colors_info=&#8220;{}&#8220;][et_pb_text _builder_version=&#8220;4.16&#8243; _module_preset=&#8220;default&#8220; header_font_size=&#8220;32px&#8220; header_line_height=&#8220;1.2em&#8220; header_3_text_color=&#8220;#FFFFFF&#8220; header_3_font_size=&#8220;25px&#8220; max_width=&#8220;80%&#8220; max_width_tablet=&#8220;90%&#8220; max_width_phone=&#8220;100%&#8220; max_width_last_edited=&#8220;on|phone&#8220; animation_style=&#8220;fade&#8220; header_font_size_tablet=&#8220;28px&#8220; header_font_size_phone=&#8220;24px&#8220; header_font_size_last_edited=&#8220;on|phone&#8220; custom_css_main_element=&#8220;padding:0px;&#8220; custom_css_after=&#8220;    content: &#8220;;||    width: 50px;||    height: 1px;||    background: red;||    display: block;||    margin-top: 9px;||    margin-bottom: 9px;&#8220; locked=&#8220;off&#8220; global_colors_info=&#8220;{}&#8220;]<\/p>\n<h1>Certifikati<\/h1>\n<p>[\/et_pb_text][et_pb_text _builder_version=&#8220;4.16&#8243; _module_preset=&#8220;default&#8220; max_width=&#8220;583px&#8220; animation_style=&#8220;slide&#8220; animation_direction=&#8220;top&#8220; animation_delay=&#8220;250ms&#8220; animation_intensity_slide=&#8220;2%&#8220; locked=&#8220;off&#8220; global_colors_info=&#8220;{}&#8220;]<\/p>\n<p>U ovom odeljku moguc\u0301e je pogledati sve vrste profesionalnih sertifikata, kako bi se povec\u0301ala transparentnost prema stejkholderima TN Logistice.<\/p>\n<p>[\/et_pb_text][\/et_pb_column][\/et_pb_row][et_pb_row _builder_version=&#8220;4.16&#8243; _module_preset=&#8220;default&#8220; global_colors_info=&#8220;{}&#8220;][et_pb_column type=&#8220;4_4&#8243; _builder_version=&#8220;4.16&#8243; _module_preset=&#8220;default&#8220; global_colors_info=&#8220;{}&#8220;][et_pb_text module_class=&#8220;cert__download&#8220; _builder_version=&#8220;4.27.4&#8243; _module_preset=&#8220;default&#8220; hover_enabled=&#8220;0&#8243; global_colors_info=&#8220;{}&#8220; sticky_enabled=&#8220;0&#8243;]<\/p>\n<div class=\"cert__wrapper\">\n<div><a href=\"https:\/\/tnlogistica.com\/wp-content\/uploads\/2025\/01\/IFS-TN-Logistika-SK-Scadenza-12_2025.pdf\" target=\"_blank\" rel=\"noopener\">IFS Logistics TN Logistica SK<\/a> <img decoding=\"async\" src=\"https:\/\/tnlogistica.com\/wp-content\/uploads\/2021\/10\/pdf.png\" \/><\/div>\n<div><a href=\"https:\/\/tnlogistica.com\/wp-content\/uploads\/2022\/03\/Certificato-ambientale.pdf\" target=\"_blank\" rel=\"noopener\">Certificato ambientale[IT]<\/a> <img decoding=\"async\" src=\"https:\/\/tnlogistica.com\/wp-content\/uploads\/2021\/10\/pdf.png\" \/><\/div>\n<div><a href=\"https:\/\/tnlogistica.com\/wp-content\/uploads\/2023\/06\/TN-Logistica-SK_Environmental-certificate_2022.pdf\" target=\"_blank\" rel=\"noopener\">Environmental certificate[EN]<\/a> <img decoding=\"async\" src=\"https:\/\/tnlogistica.com\/wp-content\/uploads\/2021\/10\/pdf.png\" \/><\/div>\n<div><a href=\"https:\/\/tnlogistica.com\/wp-content\/uploads\/2022\/03\/Umweltzertifikat.pdf\" target=\"_blank\" rel=\"noopener\">Umwelt zertifikat[SK]<\/a> <img decoding=\"async\" src=\"https:\/\/tnlogistica.com\/wp-content\/uploads\/2021\/10\/pdf.png\" \/><\/div>\n<div><a href=\"https:\/\/tnlogistica.com\/wp-content\/uploads\/2021\/10\/1727_00011-2.pdf\" target=\"_blank\" rel=\"noopener\">Soci\u00e1lne poist\u0303ov\u00f1a<\/a> <img decoding=\"async\" src=\"https:\/\/tnlogistica.com\/wp-content\/uploads\/2021\/10\/pdf.png\" \/><\/div>\n<div><a href=\"https:\/\/tnlogistica.com\/wp-content\/uploads\/2021\/10\/00019072-QMS-ENGUS-UKAS-1.pdf\" target=\"_blank\" rel=\"noopener\">ISO 9001:2015 \u2013 Lloyd\u2019s Register<\/a> <img decoding=\"async\" src=\"https:\/\/tnlogistica.com\/wp-content\/uploads\/2021\/10\/pdf.png\" \/><\/div>\n<div><a href=\"https:\/\/tnlogistica.com\/wp-content\/uploads\/2021\/10\/TN-logistica-prepravny-poriadok-1.pdf\" target=\"_blank\" rel=\"noopener\">Prepravn\u00fd poriadok cestnej n\u00e1kladnej dopravy<\/a> <img decoding=\"async\" src=\"https:\/\/tnlogistica.com\/wp-content\/uploads\/2021\/10\/pdf.png\" \/><\/div>\n<div><a href=\"https:\/\/tnlogistica.com\/wp-content\/uploads\/2021\/10\/161013155043_0001-1.pdf\" target=\"_blank\" rel=\"noopener\">Osved\u010denie o odbornej sp\u00f4sobilosti v oblasti cestej n\u00e1kladnej dopravy<\/a> <img decoding=\"async\" src=\"https:\/\/tnlogistica.com\/wp-content\/uploads\/2021\/10\/pdf.png\" \/><\/div>\n<div><a href=\"https:\/\/tnlogistica.com\/wp-content\/uploads\/2021\/10\/ISO-9001_2015-SK-scadenza-febbraio2023-1.pdf\" target=\"_blank\" rel=\"noopener\">ISO 9001:2015 \u2013 eucert<\/a> <img decoding=\"async\" src=\"https:\/\/tnlogistica.com\/wp-content\/uploads\/2021\/10\/pdf.png\" \/><\/div>\n<div><a href=\"https:\/\/tnlogistica.com\/wp-content\/uploads\/2021\/11\/TN-LOGISTIKA-SK-RO-SRL-certificate-ISO-9001-ISO-14001-1.pdf\" target=\"_blank\" rel=\"noopener\">ISO-14001:2015 \u2013 TN Logistika RO<\/a> <img decoding=\"async\" src=\"https:\/\/tnlogistica.com\/wp-content\/uploads\/2021\/10\/pdf.png\" \/><\/div>\n<div><a href=\"https:\/\/tnlogistica.com\/wp-content\/uploads\/2022\/03\/ISO-9001_2015-TN-Logistika-SK-Scadenza-02_2023.pdf\" target=\"_blank\" rel=\"noopener\">ISO 9001:2015 \u2013 TN Logistika RO<\/a> <img decoding=\"async\" src=\"https:\/\/tnlogistica.com\/wp-content\/uploads\/2021\/10\/pdf.png\" \/><\/div>\n<div><a href=\"https:\/\/tnlogistica.com\/wp-content\/uploads\/2023\/06\/CO2Certificate_TN-LOGISTICA-SK.pdf\" target=\"_blank\" rel=\"noopener\">EuroTunnel Le Shuttle Freight &#8211; TN Logistica SK<\/a> <img decoding=\"async\" src=\"https:\/\/tnlogistica.com\/wp-content\/uploads\/2021\/10\/pdf.png\" \/><\/div>\n<\/div>\n<p>[\/et_pb_text][\/et_pb_column][\/et_pb_row][\/et_pb_section]<\/p>\n","protected":false},"excerpt":{"rendered":"<p>CertifikatiU ovom odeljku moguc\u0301e je pogledati sve vrste profesionalnih sertifikata, kako bi se povec\u0301ala transparentnost prema stejkholderima TN Logistice. IFS Logistics TN Logistica SK Certificato ambientale[IT] Environmental certificate[EN] Umwelt zertifikat[SK] Soci\u00e1lne poist\u0303ov\u00f1a ISO 9001:2015 \u2013 Lloyd\u2019s Register Prepravn\u00fd poriadok cestnej n\u00e1kladnej dopravy Osved\u010denie o odbornej sp\u00f4sobilosti v oblasti cestej n\u00e1kladnej dopravy ISO 9001:2015 \u2013 eucert [&hellip;]<\/p>\n","protected":false},"author":1,"featured_media":0,"parent":0,"menu_order":0,"comment_status":"closed","ping_status":"closed","template":"","meta":{"_et_pb_use_builder":"on","_et_pb_old_content":"","_et_gb_content_width":"","footnotes":""},"class_list":["post-1023","page","type-page","status-publish","hentry"],"_links":{"self":[{"href":"https:\/\/tnlogistica.com\/sr\/wp-json\/wp\/v2\/pages\/1023","targetHints":{"allow":["GET"]}}],"collection":[{"href":"https:\/\/tnlogistica.com\/sr\/wp-json\/wp\/v2\/pages"}],"about":[{"href":"https:\/\/tnlogistica.com\/sr\/wp-json\/wp\/v2\/types\/page"}],"author":[{"embeddable":true,"href":"https:\/\/tnlogistica.com\/sr\/wp-json\/wp\/v2\/users\/1"}],"replies":[{"embeddable":true,"href":"https:\/\/tnlogistica.com\/sr\/wp-json\/wp\/v2\/comments?post=1023"}],"version-history":[{"count":18,"href":"https:\/\/tnlogistica.com\/sr\/wp-json\/wp\/v2\/pages\/1023\/revisions"}],"predecessor-version":[{"id":2151,"href":"https:\/\/tnlogistica.com\/sr\/wp-json\/wp\/v2\/pages\/1023\/revisions\/2151"}],"wp:attachment":[{"href":"https:\/\/tnlogistica.com\/sr\/wp-json\/wp\/v2\/media?parent=1023"}],"curies":[{"name":"wp","href":"https:\/\/api.w.org\/{rel}","templated":true}]}}