{"id":720,"date":"2021-10-25T15:14:27","date_gmt":"2021-10-25T15:14:27","guid":{"rendered":"https:\/\/tnlogistica.com\/spontana-uporaba\/"},"modified":"2021-10-25T15:14:27","modified_gmt":"2021-10-25T15:14:27","slug":"spontana-uporaba","status":"publish","type":"page","link":"https:\/\/tnlogistica.com\/sk\/spontana-uporaba\/","title":{"rendered":"Spontana uporaba"},"content":{"rendered":"<p>[et_pb_section fb_built=&#8220;1&#8243; _builder_version=&#8220;4.10.8&#8243; _module_preset=&#8220;default&#8220; global_colors_info=&#8220;{}&#8220;][et_pb_row _builder_version=&#8220;4.10.8&#8243; _module_preset=&#8220;default&#8220; global_colors_info=&#8220;{}&#8220;][et_pb_column type=&#8220;4_4&#8243; _builder_version=&#8220;4.10.8&#8243; _module_preset=&#8220;default&#8220; global_colors_info=&#8220;{}&#8220;][et_pb_text _builder_version=&#8220;4.10.8&#8243; _module_preset=&#8220;default&#8220; header_font_size=&#8220;32px&#8220; header_line_height=&#8220;1.2em&#8220; header_3_text_color=&#8220;#FFFFFF&#8220; header_3_font_size=&#8220;25px&#8220; max_width=&#8220;80%&#8220; max_width_tablet=&#8220;90%&#8220; max_width_phone=&#8220;100%&#8220; max_width_last_edited=&#8220;on|phone&#8220; animation_style=&#8220;fade&#8220; hover_enabled=&#8220;0&#8243; header_font_size_tablet=&#8220;28px&#8220; header_font_size_phone=&#8220;24px&#8220; header_font_size_last_edited=&#8220;on|phone&#8220; custom_css_main_element=&#8220;padding:0px;&#8220; custom_css_after=&#8220;    content: &#8220;;||    width: 50px;||    height: 1px;||    background: red;||    display: block;||    margin-top: 9px;||    margin-bottom: 9px;&#8220; global_colors_info=&#8220;{}&#8220; locked=&#8220;off&#8220; sticky_enabled=&#8220;0&#8243;]<\/p>\n<h1>\u017diados\u0165 o prijatie do zamestnania<\/h1>\n<p>[\/et_pb_text][et_pb_text _builder_version=&#8220;4.10.8&#8243; _module_preset=&#8220;default&#8220; animation_style=&#8220;slide&#8220; animation_direction=&#8220;top&#8220; animation_delay=&#8220;250ms&#8220; animation_intensity_slide=&#8220;2%&#8220; hover_enabled=&#8220;0&#8243; global_colors_info=&#8220;{}&#8220; locked=&#8220;off&#8220; max_width=&#8220;600px&#8220; sticky_enabled=&#8220;0&#8243;]<\/p>\n<div class=\"cms-fancyboxes-style-1\">\n<div class=\"cms-fancyboxes-body\">\n<div class=\"fancy-content\">\n<p>TH\u013ead\u00e1\u0161 pracovn\u00fa pr\u00edle\u017eitos\u0165 v TN Logistica SK? V\u0161etko, \u010do treba urobi\u0165 je posla\u0165 tvoju \u017eiados\u0165. Vyplni\u0165 prihl\u00e1\u0161ku.<\/p>\n<\/div>\n<\/div>\n<\/div>\n<p>[\/et_pb_text][et_pb_code _builder_version=&#8220;4.10.8&#8243; _module_preset=&#8220;default&#8220; hover_enabled=&#8220;0&#8243; global_colors_info=&#8220;{}&#8220; sticky_enabled=&#8220;0&#8243; custom_margin=&#8220;50px||||false|false&#8220;]<div class=\"wpforms-container wpforms-container-full\" id=\"wpforms-300\"><form id=\"wpforms-form-300\" class=\"wpforms-validate wpforms-form wpforms-ajax-form\" data-formid=\"300\" method=\"post\" enctype=\"multipart\/form-data\" action=\"\/sk\/wp-json\/wp\/v2\/pages\/720?wpforms_form_id=300\" data-token=\"886d396b8c70c854e2ce7d19de1dc2b3\"><noscript class=\"wpforms-error-noscript\">Please enable JavaScript in your browser to complete this form.<\/noscript><div class=\"wpforms-field-container\"><div id=\"wpforms-300-field_1-container\" class=\"wpforms-field wpforms-field-name\" data-field-id=\"1\"><label class=\"wpforms-field-label\" for=\"wpforms-300-field_1\">Ime <span class=\"wpforms-required-label\">*<\/span><\/label><div class=\"wpforms-field-row wpforms-field-large\"><div class=\"wpforms-field-row-block wpforms-first wpforms-one-half\"><input type=\"text\" id=\"wpforms-300-field_1\" class=\"wpforms-field-name-first wpforms-field-required\" name=\"wpforms[fields][1][first]\" required><label for=\"wpforms-300-field_1\" class=\"wpforms-field-sublabel after \">First<\/label><\/div><div class=\"wpforms-field-row-block wpforms-one-half\"><input type=\"text\" id=\"wpforms-300-field_1-last\" class=\"wpforms-field-name-last wpforms-field-required\" name=\"wpforms[fields][1][last]\" required><label for=\"wpforms-300-field_1-last\" class=\"wpforms-field-sublabel after \">Last<\/label><\/div><\/div><\/div><div id=\"wpforms-300-field_2-container\" class=\"wpforms-field wpforms-field-email wpforms-one-half wpforms-first\" data-field-id=\"2\"><label class=\"wpforms-field-label\" for=\"wpforms-300-field_2\">E-naslov <span class=\"wpforms-required-label\">*<\/span><\/label><input type=\"email\" id=\"wpforms-300-field_2\" class=\"wpforms-field-large wpforms-field-required\" name=\"wpforms[fields][2]\" required><\/div><div id=\"wpforms-300-field_4-container\" class=\"wpforms-field wpforms-field-phone wpforms-one-half\" data-field-id=\"4\"><label class=\"wpforms-field-label\" for=\"wpforms-300-field_4\">Telef\u00f3n <span class=\"wpforms-required-label\">*<\/span><\/label><input type=\"tel\" id=\"wpforms-300-field_4\" class=\"wpforms-field-large wpforms-field-required wpforms-smart-phone-field\" data-rule-smart-phone-field=\"true\" name=\"wpforms[fields][4]\" required><\/div><div id=\"wpforms-300-field_5-container\" class=\"wpforms-field wpforms-field-text wpforms-one-half wpforms-first\" data-field-id=\"5\"><label class=\"wpforms-field-label\" for=\"wpforms-300-field_5\">Izobrazbena kvalifikacija <span class=\"wpforms-required-label\">*<\/span><\/label><input type=\"text\" id=\"wpforms-300-field_5\" class=\"wpforms-field-large wpforms-field-required\" name=\"wpforms[fields][5]\" required><\/div><div id=\"wpforms-300-field_9-container\" class=\"wpforms-field wpforms-field-select wpforms-one-half wpforms-field-select-style-classic\" data-field-id=\"9\"><label class=\"wpforms-field-label\" for=\"wpforms-300-field_9\">Dolgoletne izku\u0161nje v sektorju <span class=\"wpforms-required-label\">*<\/span><\/label><select id=\"wpforms-300-field_9\" class=\"wpforms-field-large wpforms-field-required\" name=\"wpforms[fields][9]\" required=\"required\"><option value=\"1\" >1<\/option><option value=\"2\" >2<\/option><option value=\"3\" >3<\/option><option value=\"4\" >4<\/option><option value=\"5\" >5<\/option><option value=\"5+\" >5+<\/option><\/select><\/div><div id=\"wpforms-300-field_10-container\" class=\"wpforms-field wpforms-field-select wpforms-field-select-style-classic\" data-field-id=\"10\"><label class=\"wpforms-field-label\" for=\"wpforms-300-field_10\">Za\u0161\u010ditene kategorije <span class=\"wpforms-required-label\">*<\/span><\/label><select id=\"wpforms-300-field_10\" class=\"wpforms-field-large wpforms-field-required\" name=\"wpforms[fields][10]\" required=\"required\"><option value=\"\u0161t\" >\u0161t<\/option><option value=\"da\" >da<\/option><\/select><\/div><div id=\"wpforms-300-field_11-container\" class=\"wpforms-field wpforms-field-checkbox wpforms-list-2-columns\" data-field-id=\"11\"><label class=\"wpforms-field-label\" for=\"wpforms-300-field_11\">Znani jeziki <span class=\"wpforms-required-label\">*<\/span><\/label><ul id=\"wpforms-300-field_11\" class=\"wpforms-field-required\"><li class=\"choice-1 depth-1\"><input type=\"checkbox\" id=\"wpforms-300-field_11_1\" name=\"wpforms[fields][11][]\" value=\"italijanski\" required ><label class=\"wpforms-field-label-inline\" for=\"wpforms-300-field_11_1\">italijanski<\/label><\/li><li class=\"choice-2 depth-1\"><input type=\"checkbox\" id=\"wpforms-300-field_11_2\" name=\"wpforms[fields][11][]\" value=\"angle\u0161\u010dina\" required ><label class=\"wpforms-field-label-inline\" for=\"wpforms-300-field_11_2\">angle\u0161\u010dina<\/label><\/li><li class=\"choice-3 depth-1\"><input type=\"checkbox\" id=\"wpforms-300-field_11_3\" name=\"wpforms[fields][11][]\" value=\"francoski\" required ><label class=\"wpforms-field-label-inline\" for=\"wpforms-300-field_11_3\">francoski<\/label><\/li><li class=\"choice-4 depth-1\"><input type=\"checkbox\" id=\"wpforms-300-field_11_4\" name=\"wpforms[fields][11][]\" value=\"\u0161panski\" required ><label class=\"wpforms-field-label-inline\" for=\"wpforms-300-field_11_4\">\u0161panski<\/label><\/li><li class=\"choice-5 depth-1\"><input type=\"checkbox\" id=\"wpforms-300-field_11_5\" name=\"wpforms[fields][11][]\" value=\"Nem\u0161ko\" required ><label class=\"wpforms-field-label-inline\" for=\"wpforms-300-field_11_5\">Nem\u0161ko<\/label><\/li><li class=\"choice-6 depth-1\"><input type=\"checkbox\" id=\"wpforms-300-field_11_6\" name=\"wpforms[fields][11][]\" value=\"Kitajski\" required ><label class=\"wpforms-field-label-inline\" for=\"wpforms-300-field_11_6\">Kitajski<\/label><\/li><\/ul><\/div><div id=\"wpforms-300-field_13-container\" class=\"wpforms-field wpforms-field-file-upload\" data-field-id=\"13\"><label class=\"wpforms-field-label\" for=\"wpforms-300-field_13\">Nalo\u017ei datoteko <span class=\"wpforms-required-label\">*<\/span><\/label><div class=\"wpforms-uploader\"\n\tdata-field-id=\"13\"\n\tdata-form-id=\"300\"\n\tdata-input-name=\"wpforms_300_13\"\n\tdata-extensions=\"jpg,jpeg,jpe,gif,png,bmp,tiff,tif,webp,avif,ico,heic,heif,heics,heifs,asf,asx,wmv,wmx,wm,avi,divx,mov,qt,mpeg,mpg,mpe,mp4,m4v,ogv,webm,mkv,3gp,3gpp,3g2,3gp2,txt,asc,c,cc,h,srt,csv,tsv,ics,rtx,css,vtt,mp3,m4a,m4b,aac,ra,ram,wav,ogg,oga,flac,mid,midi,wma,wax,mka,rtf,pdf,class,tar,zip,gz,gzip,rar,7z,psd,xcf,doc,pot,pps,ppt,wri,xla,xls,xlt,xlw,mpp,docx,docm,dotx,dotm,xlsx,xlsm,xlsb,xltx,xltm,xlam,pptx,pptm,ppsx,ppsm,potx,potm,ppam,sldx,sldm,onetoc,onetoc2,onepkg,oxps,xps,odt,odp,ods,odg,odc,odb,odf,wp,wpd,key,numbers,pages\"\n\tdata-max-size=\"2097152\"\n\tdata-max-file-number=\"1\"\n\tdata-post-max-size=\"67108864\"\n    data-max-parallel-uploads=\"4\"\n    data-parallel-uploads=\"true\"\n\tdata-file-chunk-size=\"2097152\">\n\t<div class=\"dz-message\">\n\t\t<svg viewBox=\"0 0 1024 1024\" focusable=\"false\" class=\"\" data-icon=\"inbox\" width=\"50px\" height=\"50px\" fill=\"#B1B1B1\" aria-hidden=\"true\"><path d=\"M885.2 446.3l-.2-.8-112.2-285.1c-5-16.1-19.9-27.2-36.8-27.2H281.2c-17 0-32.1 11.3-36.9 27.6L139.4 443l-.3.7-.2.8c-1.3 4.9-1.7 9.9-1 14.8-.1 1.6-.2 3.2-.2 4.8V830a60.9 60.9 0 0 0 60.8 60.8h627.2c33.5 0 60.8-27.3 60.9-60.8V464.1c0-1.3 0-2.6-.1-3.7.4-4.9 0-9.6-1.3-14.1zm-295.8-43l-.3 15.7c-.8 44.9-31.8 75.1-77.1 75.1-22.1 0-41.1-7.1-54.8-20.6S436 441.2 435.6 419l-.3-15.7H229.5L309 210h399.2l81.7 193.3H589.4zm-375 76.8h157.3c24.3 57.1 76 90.8 140.4 90.8 33.7 0 65-9.4 90.3-27.2 22.2-15.6 39.5-37.4 50.7-63.6h156.5V814H214.4V480.1z\"><\/path><\/svg>\n\t\t<span class=\"modern-title\">\n\t\t\tClick or drag a file to this area to upload.\t\t<\/span>\n\n\t\t\t<\/div>\n<\/div>\n<input type=\"text\" class=\"dropzone-input\"\n\tstyle=\"position:absolute!important;clip:rect(0,0,0,0)!important;height:1px!important;width:1px!important;border:0!important;overflow:hidden!important;padding:0!important;margin:0!important;\"\n\tid=\"wpforms-300-field_13\"\n\tname=\"wpforms_300_13\" required>\n<div class=\"wpforms-field-description\">Dovoljene vrste datotek: pdf, doc, docx - najve\u010dja velikost 2 MB<\/div><\/div><div id=\"wpforms-300-field_14-container\" class=\"wpforms-field wpforms-field-textarea\" data-field-id=\"14\"><label class=\"wpforms-field-label\" for=\"wpforms-300-field_14\">Opi\u0161ite se v nekaj vrsticah <span class=\"wpforms-required-label\">*<\/span><\/label><textarea id=\"wpforms-300-field_14\" class=\"wpforms-field-medium wpforms-field-required\" name=\"wpforms[fields][14]\" required><\/textarea><\/div><div id=\"wpforms-300-field_15-container\" class=\"wpforms-field wpforms-field-checkbox\" data-field-id=\"15\"><ul id=\"wpforms-300-field_15\" class=\"wpforms-field-required\"><li class=\"choice-1 depth-1\"><input type=\"checkbox\" id=\"wpforms-300-field_15_1\" name=\"wpforms[fields][15][]\" value=\"Strinjam se z obdelavo mojih podatkov, kot je navedeno v politiki zasebnosti\" required ><label class=\"wpforms-field-label-inline\" for=\"wpforms-300-field_15_1\">Strinjam se z obdelavo mojih podatkov, kot je navedeno v politiki zasebnosti<\/label><\/li><\/ul><div class=\"wpforms-field-description\">Izjavljam, da sem prebral politiko zasebnosti, ki so jo izdali lastniki v skladu s 13. in 14. \u010dlenom Uredbe EU 2016\/679, in da sem v celoti razumel njeno vsebino. V ta namen v skladu s \u010dl. 7 Uredbe EU 2016\/679, moje soglasje v prosti, izrecni in nedvoumni obliki, da se obdelava osebnih podatkov izvaja za namene, navedene v zgoraj omenjeni politiki zasebnosti.<\/div><\/div><div id=\"wpforms-300-field_17-container\" class=\"wpforms-field wpforms-field-hidden\" data-field-id=\"17\"><input type=\"hidden\" id=\"wpforms-300-field_17\" name=\"wpforms[fields][17]\" value=\"SK\"><\/div><\/div><div class=\"wpforms-submit-container\" ><input type=\"hidden\" name=\"wpforms[id]\" value=\"300\"><input type=\"hidden\" name=\"wpforms[author]\" value=\"0\"><button type=\"submit\" name=\"wpforms[submit]\" class=\"wpforms-submit \" id=\"wpforms-submit-300\" value=\"wpforms-submit\" aria-live=\"assertive\" data-alt-text=\"po\u0161iljanje ...\" data-submit-text=\"Po\u0161lji\">Po\u0161lji<\/button><img loading=\"lazy\" decoding=\"async\" src=\"https:\/\/tnlogistica.com\/wp-content\/plugins\/wpforms\/assets\/images\/submit-spin.svg\" class=\"wpforms-submit-spinner\" style=\"display: none;\" width=\"26\" height=\"26\" alt=\"\"><\/div><\/form><\/div>  <!-- .wpforms-container -->[\/et_pb_code][\/et_pb_column][\/et_pb_row][\/et_pb_section]<\/p>\n","protected":false},"excerpt":{"rendered":"<p>\u017diados\u0165 o prijatie do zamestnania TH\u013ead\u00e1\u0161 pracovn\u00fa pr\u00edle\u017eitos\u0165 v TN Logistica SK? V\u0161etko, \u010do treba urobi\u0165 je posla\u0165 tvoju \u017eiados\u0165. Vyplni\u0165 prihl\u00e1\u0161ku. <div class=\"wpforms-container wpforms-container-full\" id=\"wpforms-300\"><form id=\"wpforms-form-300\" class=\"wpforms-validate wpforms-form wpforms-ajax-form\" data-formid=\"300\" method=\"post\" enctype=\"multipart\/form-data\" action=\"\/sk\/wp-json\/wp\/v2\/pages\/720?wpforms_form_id=300\" data-token=\"886d396b8c70c854e2ce7d19de1dc2b3\"><noscript class=\"wpforms-error-noscript\">Please enable JavaScript in your browser to complete this form.<\/noscript><div class=\"wpforms-field-container\"><div id=\"wpforms-300-field_1-container\" class=\"wpforms-field wpforms-field-name\" data-field-id=\"1\"><label class=\"wpforms-field-label\" for=\"wpforms-300-field_1\">Ime <span class=\"wpforms-required-label\">*<\/span><\/label><div class=\"wpforms-field-row wpforms-field-large\"><div class=\"wpforms-field-row-block wpforms-first wpforms-one-half\"><input type=\"text\" id=\"wpforms-300-field_1\" class=\"wpforms-field-name-first wpforms-field-required\" name=\"wpforms[fields][1][first]\" required><label for=\"wpforms-300-field_1\" class=\"wpforms-field-sublabel after \">First<\/label><\/div><div class=\"wpforms-field-row-block wpforms-one-half\"><input type=\"text\" id=\"wpforms-300-field_1-last\" class=\"wpforms-field-name-last wpforms-field-required\" name=\"wpforms[fields][1][last]\" required><label for=\"wpforms-300-field_1-last\" class=\"wpforms-field-sublabel after \">Last<\/label><\/div><\/div><\/div><div id=\"wpforms-300-field_2-container\" class=\"wpforms-field wpforms-field-email wpforms-one-half wpforms-first\" data-field-id=\"2\"><label class=\"wpforms-field-label\" for=\"wpforms-300-field_2\">E-naslov <span class=\"wpforms-required-label\">*<\/span><\/label><input type=\"email\" id=\"wpforms-300-field_2\" class=\"wpforms-field-large wpforms-field-required\" name=\"wpforms[fields][2]\" required><\/div><div id=\"wpforms-300-field_4-container\" class=\"wpforms-field wpforms-field-phone wpforms-one-half\" data-field-id=\"4\"><label class=\"wpforms-field-label\" for=\"wpforms-300-field_4\">Telef\u00f3n <span class=\"wpforms-required-label\">*<\/span><\/label><input type=\"tel\" id=\"wpforms-300-field_4\" class=\"wpforms-field-large wpforms-field-required wpforms-smart-phone-field\" data-rule-smart-phone-field=\"true\" name=\"wpforms[fields][4]\" required><\/div><div id=\"wpforms-300-field_5-container\" class=\"wpforms-field wpforms-field-text wpforms-one-half wpforms-first\" data-field-id=\"5\"><label class=\"wpforms-field-label\" for=\"wpforms-300-field_5\">Izobrazbena kvalifikacija <span class=\"wpforms-required-label\">*<\/span><\/label><input type=\"text\" id=\"wpforms-300-field_5\" class=\"wpforms-field-large wpforms-field-required\" name=\"wpforms[fields][5]\" required><\/div><div id=\"wpforms-300-field_9-container\" class=\"wpforms-field wpforms-field-select wpforms-one-half wpforms-field-select-style-classic\" data-field-id=\"9\"><label class=\"wpforms-field-label\" for=\"wpforms-300-field_9\">Dolgoletne izku\u0161nje v sektorju <span class=\"wpforms-required-label\">*<\/span><\/label><select id=\"wpforms-300-field_9\" class=\"wpforms-field-large wpforms-field-required\" name=\"wpforms[fields][9]\" required=\"required\"><option value=\"1\" >1<\/option><option value=\"2\" >2<\/option><option value=\"3\" >3<\/option><option value=\"4\" >4<\/option><option value=\"5\" >5<\/option><option value=\"5+\" >5+<\/option><\/select><\/div><div id=\"wpforms-300-field_10-container\" class=\"wpforms-field wpforms-field-select wpforms-field-select-style-classic\" data-field-id=\"10\"><label class=\"wpforms-field-label\" for=\"wpforms-300-field_10\">Za\u0161\u010ditene kategorije <span class=\"wpforms-required-label\">*<\/span><\/label><select id=\"wpforms-300-field_10\" class=\"wpforms-field-large wpforms-field-required\" name=\"wpforms[fields][10]\" required=\"required\"><option value=\"\u0161t\" >\u0161t<\/option><option value=\"da\" >da<\/option><\/select><\/div><div id=\"wpforms-300-field_11-container\" class=\"wpforms-field wpforms-field-checkbox wpforms-list-2-columns\" data-field-id=\"11\"><label class=\"wpforms-field-label\" for=\"wpforms-300-field_11\">Znani jeziki <span class=\"wpforms-required-label\">*<\/span><\/label><ul id=\"wpforms-300-field_11\" class=\"wpforms-field-required\"><li class=\"choice-1 depth-1\"><input type=\"checkbox\" id=\"wpforms-300-field_11_1\" name=\"wpforms[fields][11][]\" value=\"italijanski\" required ><label class=\"wpforms-field-label-inline\" for=\"wpforms-300-field_11_1\">italijanski<\/label><\/li><li class=\"choice-2 depth-1\"><input type=\"checkbox\" id=\"wpforms-300-field_11_2\" name=\"wpforms[fields][11][]\" value=\"angle\u0161\u010dina\" required ><label class=\"wpforms-field-label-inline\" for=\"wpforms-300-field_11_2\">angle\u0161\u010dina<\/label><\/li><li class=\"choice-3 depth-1\"><input type=\"checkbox\" id=\"wpforms-300-field_11_3\" name=\"wpforms[fields][11][]\" value=\"francoski\" required ><label class=\"wpforms-field-label-inline\" for=\"wpforms-300-field_11_3\">francoski<\/label><\/li><li class=\"choice-4 depth-1\"><input type=\"checkbox\" id=\"wpforms-300-field_11_4\" name=\"wpforms[fields][11][]\" value=\"\u0161panski\" required ><label class=\"wpforms-field-label-inline\" for=\"wpforms-300-field_11_4\">\u0161panski<\/label><\/li><li class=\"choice-5 depth-1\"><input type=\"checkbox\" id=\"wpforms-300-field_11_5\" name=\"wpforms[fields][11][]\" value=\"Nem\u0161ko\" required ><label class=\"wpforms-field-label-inline\" for=\"wpforms-300-field_11_5\">Nem\u0161ko<\/label><\/li><li class=\"choice-6 depth-1\"><input type=\"checkbox\" id=\"wpforms-300-field_11_6\" name=\"wpforms[fields][11][]\" value=\"Kitajski\" required ><label class=\"wpforms-field-label-inline\" for=\"wpforms-300-field_11_6\">Kitajski<\/label><\/li><\/ul><\/div><div id=\"wpforms-300-field_13-container\" class=\"wpforms-field wpforms-field-file-upload\" data-field-id=\"13\"><label class=\"wpforms-field-label\" for=\"wpforms-300-field_13\">Nalo\u017ei datoteko <span class=\"wpforms-required-label\">*<\/span><\/label><div class=\"wpforms-uploader\"\n\tdata-field-id=\"13\"\n\tdata-form-id=\"300\"\n\tdata-input-name=\"wpforms_300_13\"\n\tdata-extensions=\"jpg,jpeg,jpe,gif,png,bmp,tiff,tif,webp,avif,ico,heic,heif,heics,heifs,asf,asx,wmv,wmx,wm,avi,divx,mov,qt,mpeg,mpg,mpe,mp4,m4v,ogv,webm,mkv,3gp,3gpp,3g2,3gp2,txt,asc,c,cc,h,srt,csv,tsv,ics,rtx,css,vtt,mp3,m4a,m4b,aac,ra,ram,wav,ogg,oga,flac,mid,midi,wma,wax,mka,rtf,pdf,class,tar,zip,gz,gzip,rar,7z,psd,xcf,doc,pot,pps,ppt,wri,xla,xls,xlt,xlw,mpp,docx,docm,dotx,dotm,xlsx,xlsm,xlsb,xltx,xltm,xlam,pptx,pptm,ppsx,ppsm,potx,potm,ppam,sldx,sldm,onetoc,onetoc2,onepkg,oxps,xps,odt,odp,ods,odg,odc,odb,odf,wp,wpd,key,numbers,pages\"\n\tdata-max-size=\"2097152\"\n\tdata-max-file-number=\"1\"\n\tdata-post-max-size=\"67108864\"\n    data-max-parallel-uploads=\"4\"\n    data-parallel-uploads=\"true\"\n\tdata-file-chunk-size=\"2097152\">\n\t<div class=\"dz-message\">\n\t\t<svg viewBox=\"0 0 1024 1024\" focusable=\"false\" class=\"\" data-icon=\"inbox\" width=\"50px\" height=\"50px\" fill=\"#B1B1B1\" aria-hidden=\"true\"><path d=\"M885.2 446.3l-.2-.8-112.2-285.1c-5-16.1-19.9-27.2-36.8-27.2H281.2c-17 0-32.1 11.3-36.9 27.6L139.4 443l-.3.7-.2.8c-1.3 4.9-1.7 9.9-1 14.8-.1 1.6-.2 3.2-.2 4.8V830a60.9 60.9 0 0 0 60.8 60.8h627.2c33.5 0 60.8-27.3 60.9-60.8V464.1c0-1.3 0-2.6-.1-3.7.4-4.9 0-9.6-1.3-14.1zm-295.8-43l-.3 15.7c-.8 44.9-31.8 75.1-77.1 75.1-22.1 0-41.1-7.1-54.8-20.6S436 441.2 435.6 419l-.3-15.7H229.5L309 210h399.2l81.7 193.3H589.4zm-375 76.8h157.3c24.3 57.1 76 90.8 140.4 90.8 33.7 0 65-9.4 90.3-27.2 22.2-15.6 39.5-37.4 50.7-63.6h156.5V814H214.4V480.1z\"><\/path><\/svg>\n\t\t<span class=\"modern-title\">\n\t\t\tClick or drag a file to this area to upload.\t\t<\/span>\n\n\t\t\t<\/div>\n<\/div>\n<input type=\"text\" class=\"dropzone-input\"\n\tstyle=\"position:absolute!important;clip:rect(0,0,0,0)!important;height:1px!important;width:1px!important;border:0!important;overflow:hidden!important;padding:0!important;margin:0!important;\"\n\tid=\"wpforms-300-field_13\"\n\tname=\"wpforms_300_13\" required>\n<div class=\"wpforms-field-description\">Dovoljene vrste datotek: pdf, doc, docx - najve\u010dja velikost 2 MB<\/div><\/div><div id=\"wpforms-300-field_14-container\" class=\"wpforms-field wpforms-field-textarea\" data-field-id=\"14\"><label class=\"wpforms-field-label\" for=\"wpforms-300-field_14\">Opi\u0161ite se v nekaj vrsticah <span class=\"wpforms-required-label\">*<\/span><\/label><textarea id=\"wpforms-300-field_14\" class=\"wpforms-field-medium wpforms-field-required\" name=\"wpforms[fields][14]\" required><\/textarea><\/div><div id=\"wpforms-300-field_15-container\" class=\"wpforms-field wpforms-field-checkbox\" data-field-id=\"15\"><ul id=\"wpforms-300-field_15\" class=\"wpforms-field-required\"><li class=\"choice-1 depth-1\"><input type=\"checkbox\" id=\"wpforms-300-field_15_1\" name=\"wpforms[fields][15][]\" value=\"Strinjam se z obdelavo mojih podatkov, kot je navedeno v politiki zasebnosti\" required ><label class=\"wpforms-field-label-inline\" for=\"wpforms-300-field_15_1\">Strinjam se z obdelavo mojih podatkov, kot je navedeno v politiki zasebnosti<\/label><\/li><\/ul><div class=\"wpforms-field-description\">Izjavljam, da sem prebral politiko zasebnosti, ki so jo izdali lastniki v skladu s 13. in 14. \u010dlenom Uredbe EU 2016\/679, in da sem v celoti razumel njeno vsebino. V ta namen v skladu s \u010dl. 7 Uredbe EU 2016\/679, moje soglasje v prosti, izrecni in nedvoumni obliki, da se obdelava osebnih podatkov izvaja za namene, navedene v zgoraj omenjeni politiki zasebnosti.<\/div><\/div><div id=\"wpforms-300-field_17-container\" class=\"wpforms-field wpforms-field-hidden\" data-field-id=\"17\"><input type=\"hidden\" id=\"wpforms-300-field_17\" name=\"wpforms[fields][17]\" value=\"SK\"><\/div><\/div><div class=\"wpforms-submit-container\" ><input type=\"hidden\" name=\"wpforms[id]\" value=\"300\"><input type=\"hidden\" name=\"wpforms[author]\" value=\"0\"><button type=\"submit\" name=\"wpforms[submit]\" class=\"wpforms-submit \" id=\"wpforms-submit-300\" value=\"wpforms-submit\" aria-live=\"assertive\" data-alt-text=\"po\u0161iljanje ...\" data-submit-text=\"Po\u0161lji\">Po\u0161lji<\/button><img loading=\"lazy\" decoding=\"async\" src=\"https:\/\/tnlogistica.com\/wp-content\/plugins\/wpforms\/assets\/images\/submit-spin.svg\" class=\"wpforms-submit-spinner\" style=\"display: none;\" width=\"26\" height=\"26\" alt=\"\"><\/div><\/form><\/div>  <!-- .wpforms-container --><\/p>\n","protected":false},"author":1,"featured_media":0,"parent":0,"menu_order":0,"comment_status":"closed","ping_status":"closed","template":"","meta":{"_et_pb_use_builder":"on","_et_pb_old_content":"","_et_gb_content_width":"","footnotes":""},"class_list":["post-720","page","type-page","status-publish","hentry"],"_links":{"self":[{"href":"https:\/\/tnlogistica.com\/sk\/wp-json\/wp\/v2\/pages\/720","targetHints":{"allow":["GET"]}}],"collection":[{"href":"https:\/\/tnlogistica.com\/sk\/wp-json\/wp\/v2\/pages"}],"about":[{"href":"https:\/\/tnlogistica.com\/sk\/wp-json\/wp\/v2\/types\/page"}],"author":[{"embeddable":true,"href":"https:\/\/tnlogistica.com\/sk\/wp-json\/wp\/v2\/users\/1"}],"replies":[{"embeddable":true,"href":"https:\/\/tnlogistica.com\/sk\/wp-json\/wp\/v2\/comments?post=720"}],"version-history":[{"count":2,"href":"https:\/\/tnlogistica.com\/sk\/wp-json\/wp\/v2\/pages\/720\/revisions"}],"predecessor-version":[{"id":722,"href":"https:\/\/tnlogistica.com\/sk\/wp-json\/wp\/v2\/pages\/720\/revisions\/722"}],"wp:attachment":[{"href":"https:\/\/tnlogistica.com\/sk\/wp-json\/wp\/v2\/media?parent=720"}],"curies":[{"name":"wp","href":"https:\/\/api.w.org\/{rel}","templated":true}]}}