{"id":668,"date":"2021-10-25T14:31:38","date_gmt":"2021-10-25T14:31:38","guid":{"rendered":"https:\/\/tnlogistica.com\/vseobecne-podmienky\/"},"modified":"2021-10-25T14:31:38","modified_gmt":"2021-10-25T14:31:38","slug":"vseobecne-podmienky","status":"publish","type":"page","link":"https:\/\/tnlogistica.com\/sk\/vseobecne-podmienky\/","title":{"rendered":"V\u0161eobecn\u00e9 podmienky"},"content":{"rendered":"<p>[et_pb_section fb_built=&#8220;1&#8243; _builder_version=&#8220;4.10.8&#8243; _module_preset=&#8220;default&#8220;][et_pb_row _builder_version=&#8220;4.10.8&#8243; _module_preset=&#8220;default&#8220;][et_pb_column _builder_version=&#8220;4.10.8&#8243; _module_preset=&#8220;default&#8220; type=&#8220;4_4&#8243;][et_pb_text _builder_version=&#8220;4.10.8&#8243; _module_preset=&#8220;default&#8220; hover_enabled=&#8220;0&#8243; sticky_enabled=&#8220;0&#8243;]<\/p>\n<h1 class=\"title\">V\u0160EOBECN\u00c9 PODMIENKY<\/h1>\n<p>TN Logistica SK (\u010falej len Majite\u013e) pon\u00faka pou\u017e\u00edvanie tejto str\u00e1nky, ak pou\u017e\u00edvate\u013e akceptuje v\u0161eobecn\u00e9 podmienky a pozn\u00e1mky uveden\u00e9 na tejto str\u00e1nke. Pr\u00edstup a pou\u017e\u00edvanie tejto str\u00e1nky podlieha akceptovaniu v\u0161eobecn\u00fdch podmienok. Ak pou\u017e\u00edvate\u013e pou\u017e\u00edva t\u00fato str\u00e1nku, znamen\u00e1 to, \u017ee akceptuje v\u0161eobecn\u00e9 podmienky. Majite\u013e si vyhradzuje pr\u00e1vo zmeni\u0165, kedyko\u013evek pod\u013ea vlastn\u00e9ho uv\u00e1\u017eenia, v\u0161eobecn\u00e9 podmienky za ktor\u00fdch t\u00e1to str\u00e1nka pon\u00faka slu\u017eby.<\/p>\n<h3>A) Pou\u017e\u00edvanie inform\u00e1ci\u00ed a materi\u00e1lov<\/h3>\n<p>T\u00e1to str\u00e1nka je ur\u010den\u00e1 pre osobn\u00e9 pou\u017e\u00edvania a nie pre obchodn\u00e9 pou\u017e\u00edvanie zo strany u\u017e\u00edvate\u013ea. U\u017e\u00edvate\u013e nem\u00f4\u017ee s\u0165ahova\u0165, kop\u00edrova\u0165, reprodukova\u0165, meni\u0165, distribuova\u0165, zverej\u0148ova\u0165, roz\u0161irova\u0165, pren\u00e1\u0161a\u0165, pred\u00e1va\u0165, poskytova\u0165 povolenia, vizualizova\u0165, vykon\u00e1va\u0165, alebo prisp\u00f4sobova\u0165 ak\u00fako\u013evek inform\u00e1ciu, produkt, alebo slu\u017ebu z\u00edskan\u00fa z tejto str\u00e1nky. Je dovolen\u00e9 s\u0165ahova\u0165 a kop\u00edrova\u0165 inform\u00e1cie v\u00fdlu\u010dne pre osobn\u00e9 pou\u017eitie za predpokladu, \u017ee s\u00fa re\u0161pektovan\u00e9 autorsk\u00e9 pr\u00e1va a in\u00e9 u\u017e\u00edvacie obmedzenia.<\/p>\n<h3>B) Ileg\u00e1lne a zak\u00e1zan\u00e9 pou\u017e\u00edvanie<\/h3>\n<p>U\u017e\u00edvate\u013e zaru\u010duje, \u017ee nebude pou\u017e\u00edva\u0165 t\u00fato str\u00e1nku pre \u017eiadny \u00fa\u010del, ktor\u00fd by bol v rozpore s platn\u00fdm z\u00e1konom, alebo ktor\u00fd by bol zak\u00e1zan\u00fd v\u0161eobecn\u00fdmi podmienkami pou\u017e\u00edvania, alebo tu uveden\u00fdmi pozn\u00e1mkami.<\/p>\n<h3>C) Zak\u00e1zan\u00e9 aktivity<\/h3>\n<p>Pri pou\u017e\u00edvan\u00ed slu\u017eby po\u0161ty, alebo in\u00fdch slu\u017eieb na posielanie spr\u00e1v a pre komunik\u00e1ciu, ktor\u00e9 sa nach\u00e1dzaj\u00fa na tejto str\u00e1nke u\u017e\u00edvate\u013e vyhlasuje, \u017ee nebude pou\u017e\u00edva\u0165 str\u00e1nku pre:<\/p>\n<ul>\n<li>posielanie, alebo pre roz\u0161irovanie in\u00fdm sp\u00f4sobom akejko\u013evek komunik\u00e1cie, alebo materi\u00e1lu, ktor\u00fd je neleg\u00e1lny, po\u0161kodzuj\u00faci, v\u00fdhra\u017en\u00fd, zneu\u017e\u00edvaj\u00faci, \u0161ikanuj\u00faci, ohov\u00e1raj\u00faci, vulg\u00e1rny, obsc\u00e9nny, naru\u0161uje s\u00fakromie in\u00fdch, \u0161kodliv\u00fd pre str\u00e1nku, vyjadruj\u00faci rasov\u00fa nezn\u00e1\u0161anlivos\u0165, diskutabiln\u00fd z h\u013eadiska etiky, alebo z in\u00e9ho h\u013eadiska;<\/li>\n<li>nebude fal\u0161ova\u0165 \u00fadaje, alebo in\u00fdm sp\u00f4sobom manipulova\u0165 identifika\u010dn\u00e9 \u00fadaje za \u00fa\u010delom fal\u0161ovania p\u00f4vodu akejko\u013evek inform\u00e1cie pod\u00e1vanej prostredn\u00edctvom tejto str\u00e1nky;<\/li>\n<li>in\u0161talova\u0165, zasiela\u0165, alebo in\u00fdm sp\u00f4sobom roz\u0161irova\u0165 ak\u00fako\u013evek nevy\u017eiadan\u00fa, alebo nepovolen\u00fa reklamu, reklamn\u00fd materi\u00e1l, mail, alebo skupinu nevy\u017eiadan\u00fdch mailov, alebo ak\u00fako\u013evek formu n\u00e1tlaku, ak to nebolo vyslovene povolen\u00e9 majite\u013eom;<\/li>\n<li>ru\u0161i\u0165, alebo zasahova\u0165 do oper\u00e1ci\u00ed tejto str\u00e1nky, alebo in\u00fdch serverov, alebo siet\u00ed pripojen\u00fdch na str\u00e1nku;<\/li>\n<li>poru\u0161ova\u0165 ak\u00fdko\u013evek vn\u00fatro\u0161t\u00e1tny, alebo medzin\u00e1rodn\u00fd z\u00e1kon;<\/li>\n<li>zbiera\u0165, alebo archivova\u0165 osobn\u00e9 \u00fadaje in\u00fdch u\u017e\u00edvate\u013eov;<\/li>\n<\/ul>\n<h3>D) Pou\u017e\u00edvanie spr\u00e1v<\/h3>\n<p>Posielan\u00edm spr\u00e1v, alebo komunikovan\u00edm in\u00fdm sp\u00f4sobom s majite\u013eom tejto str\u00e1nky u\u017e\u00edvate\u013e poskytuje viacro\u010dn\u00e9 povolenie, bez geografick\u00fdch obmedzen\u00ed, ktor\u00e9 je neodvolate\u013en\u00e9, nie je exkluz\u00edvne, nepodlieha royalty, na pou\u017e\u00edvanie, s\u0165ahovanie, kop\u00edrovanie, reprodukovanie, menenie, distrib\u00faciu, zverej\u0148ovanie, vysielanie, pred\u00e1vanie, poskytovanie povolen\u00ed, vykon\u00e1vanie, prisp\u00f4sobovanie a pou\u017e\u00edvanie in\u00fdm sp\u00f4sobom t\u00fato komunik\u00e1ciu vo v\u0161etk\u00fdch v s\u00fa\u010dasnosti zn\u00e1mych m\u00e9di\u00e1ch a v t\u00fdch, ktor\u00e9 bud\u00fa vyvinut\u00e9 v bud\u00facnosti. Pou\u017e\u00edvate\u013e sa vzd\u00e1va ak\u00e9hoko\u013evek pr\u00e1va na vym\u00e1hanie n\u00e1hrady za ak\u00e9ko\u013evek poru\u0161enie vlastn\u00edckeho pr\u00e1va, pr\u00e1va na ochranu osobn\u00fdch \u00fadajov, pr\u00e1va spojen\u00e9ho s reklamou, etikou, alebo distrib\u00faciou v s\u00favislosti s takouto komunik\u00e1ciou, ktor\u00e9 u\u017e bolo zisten\u00e9 v minulosti, alebo za s\u00fa\u010dasn\u00e9 poru\u0161enie t\u00fdchto pr\u00e1v.<\/p>\n<h3>E) Prepojenie na in\u00e9 str\u00e1nky<\/h3>\n<p>T\u00e1to str\u00e1nka m\u00f4\u017ee obsahova\u0165 prepojenia (link) na str\u00e1nky, ktor\u00e9 s\u00fa vlastn\u00edctvom tret\u00edch os\u00f4b. Linky s\u00fa poskytovan\u00e9 v\u00fdhradne z titulu v\u00fdhodnosti pre u\u017e\u00edvate\u013ea. Majite\u013e nekontroluje internetov\u00e9 str\u00e1nky a nie je zodpovedn\u00fd za obsah t\u00fdchto str\u00e1nok. Ponuka pou\u017e\u00edva\u0165 link neznamen\u00e1 schv\u00e1lenie cel\u00e9ho obsahu t\u00fdchto str\u00e1nok, alebo \u017ee by Majite\u013e mal ak\u00e9ko\u013evek prepojenie na majite\u013eov t\u00fdchto str\u00e1nok.<\/p>\n<h3>F) Zbavenie zodpovednosti<\/h3>\n<p>U\u017e\u00edvate\u013e s\u00fahlas\u00ed s t\u00fdm, \u017ee Majite\u013e tejto str\u00e1nky nenesie \u017eiadnu zodpovednos\u0165 za stratu, \u0161kodu, n\u00e1klady a v\u00fddavky (vr\u00e1tane s\u00fadnych trov), ktor\u00e9 by mohli vznikn\u00fa\u0165 v s\u00favislosti s neprimeran\u00fdm, alebo ileg\u00e1lnym pou\u017e\u00edvan\u00edm str\u00e1nky zo strany samotn\u00e9ho u\u017e\u00edvate\u013ea a tie\u017e \u017ee nenesie \u017eiadnu zodpovednos\u0165 za poru\u0161enie z\u00e1ruk uveden\u00fdch u\u017e\u00edvate\u013eom v tomto dokumente.<\/p>\n<h3>G) Zmluvn\u00e9 vz\u0165ahy<\/h3>\n<p>U\u017e\u00edvate\u013e vyhlasuje, \u017ee vie a s\u00fahlas\u00ed s t\u00fdm, \u017ee komunik\u00e1cia a prich\u00e1dzaj\u00face a odch\u00e1dzaj\u00face spr\u00e1vy zo str\u00e1nky nie s\u00fa d\u00f4vern\u00e9ho charakteru. Neexistuje \u017eiadna dohoda o d\u00f4vernosti, alebo \u017eiadny in\u00fd vz\u0165ah medzi u\u017e\u00edvate\u013eom a Majite\u013eom str\u00e1nky, okrem toho, \u010do je uveden\u00e9 v tomto dokumente, alebo v zmluvn\u00fdch podmienkach uveden\u00fdch na tejto str\u00e1nke. U\u017e\u00edvate\u013e akceptuje, \u017ee neexistuje \u017eiadny vz\u0165ah typu joint venture, partnership, \u017eiadne z\u00e1v\u00e4zky, alebo in\u00e1 agenda medzi samotn\u00fdm u\u017e\u00edvate\u013eom a Majite\u013eom, ktor\u00e9 by vypl\u00fdvali z tohto dokumentu, alebo z pou\u017e\u00edvania internetovej str\u00e1nky.<\/p>\n<h3>H) V\u0161eobecn\u00e9<\/h3>\n<p>T\u00e1to dohoda podlieha z\u00e1konom platn\u00fdm v Slovenskej republike U\u017e\u00edvate\u013e akceptuje, \u017ee v\u00fdhradn\u00fdm org\u00e1nom kompetentn\u00fdm rozhodova\u0165 je s\u00fad v Bratislave a to v pr\u00edpade v\u0161etk\u00fdch sporov, ktor\u00e9 by vypl\u00fdvali, alebo ktor\u00e9 by sa vz\u0165ahovali na pou\u017e\u00edvanie tejto str\u00e1nky. Pou\u017e\u00edvanie tejto str\u00e1nky nie je povolen\u00e9 v pr\u00edpadoch, ak nie s\u00fa plne akceptovan\u00e9 podmienky pou\u017e\u00edvania, pozn\u00e1mky uveden\u00e9 na tejto str\u00e1nke a v tomto dokumente, vr\u00e1tane tohto odstavca.<\/p>\n<p>V pr\u00edpade, ak nejak\u00e9 ustanovenie tejto dohody je pr\u00e1vne neplatn\u00e9, protiz\u00e1konn\u00e9, alebo inak nekompatibiln\u00e9, toto ustanovenie sa touto dohodou vyma\u017ee. Ostatn\u00e9 ustanovenia tejto dohody zost\u00e1vaj\u00fa plne v platnosti so v\u0161etkou \u00fa\u010dinnos\u0165ou.<\/p>\n<p>Strany porozumeli a plne akceptuj\u00fa t\u00fato dohodu t\u00fdkaj\u00facu sa pou\u017e\u00edvania tejto str\u00e1nky. T\u00e1to str\u00e1nka nahr\u00e1dza ak\u00fako\u013evek predch\u00e1dzaj\u00facu \u00fastnu, alebo p\u00edsomn\u00fa dohodu t\u00fdkaj\u00facu sa pou\u017e\u00edvania tejto internetovej str\u00e1nky. Ak Majite\u013e odmietne ak\u00e9ko\u013evek ustanovenie tejto dohody, to neznamen\u00e1, \u017ee v bud\u00facnosti nem\u00f4\u017ee by\u0165 doplnen\u00e9.<\/p>\n<h3>Copyright<\/h3>\n<p>V\u0161etky dokumenty uverejnen\u00e9 na tejto str\u00e1nke podliehaj\u00fa autorsk\u00e9mu pr\u00e1vu \u00a9 2014 TN Logistica SK. V\u0161etky pr\u00e1va s\u00fa vyhraden\u00e9.<\/p>\n<p>[\/et_pb_text][\/et_pb_column][\/et_pb_row][\/et_pb_section]<\/p>\n","protected":false},"excerpt":{"rendered":"<p>V\u0160EOBECN\u00c9 PODMIENKY TN Logistica SK (\u010falej len Majite\u013e) pon\u00faka pou\u017e\u00edvanie tejto str\u00e1nky, ak pou\u017e\u00edvate\u013e akceptuje v\u0161eobecn\u00e9 podmienky a pozn\u00e1mky uveden\u00e9 na tejto str\u00e1nke. Pr\u00edstup a pou\u017e\u00edvanie tejto str\u00e1nky podlieha akceptovaniu v\u0161eobecn\u00fdch podmienok. Ak pou\u017e\u00edvate\u013e pou\u017e\u00edva t\u00fato str\u00e1nku, znamen\u00e1 to, \u017ee akceptuje v\u0161eobecn\u00e9 podmienky. Majite\u013e si vyhradzuje pr\u00e1vo zmeni\u0165, kedyko\u013evek pod\u013ea vlastn\u00e9ho uv\u00e1\u017eenia, v\u0161eobecn\u00e9 podmienky za [&hellip;]<\/p>\n","protected":false},"author":1,"featured_media":0,"parent":0,"menu_order":0,"comment_status":"closed","ping_status":"closed","template":"","meta":{"_et_pb_use_builder":"on","_et_pb_old_content":"","_et_gb_content_width":"","footnotes":""},"class_list":["post-668","page","type-page","status-publish","hentry"],"_links":{"self":[{"href":"https:\/\/tnlogistica.com\/sk\/wp-json\/wp\/v2\/pages\/668","targetHints":{"allow":["GET"]}}],"collection":[{"href":"https:\/\/tnlogistica.com\/sk\/wp-json\/wp\/v2\/pages"}],"about":[{"href":"https:\/\/tnlogistica.com\/sk\/wp-json\/wp\/v2\/types\/page"}],"author":[{"embeddable":true,"href":"https:\/\/tnlogistica.com\/sk\/wp-json\/wp\/v2\/users\/1"}],"replies":[{"embeddable":true,"href":"https:\/\/tnlogistica.com\/sk\/wp-json\/wp\/v2\/comments?post=668"}],"version-history":[{"count":2,"href":"https:\/\/tnlogistica.com\/sk\/wp-json\/wp\/v2\/pages\/668\/revisions"}],"predecessor-version":[{"id":670,"href":"https:\/\/tnlogistica.com\/sk\/wp-json\/wp\/v2\/pages\/668\/revisions\/670"}],"wp:attachment":[{"href":"https:\/\/tnlogistica.com\/sk\/wp-json\/wp\/v2\/media?parent=668"}],"curies":[{"name":"wp","href":"https:\/\/api.w.org\/{rel}","templated":true}]}}