{"id":659,"date":"2021-10-25T14:16:02","date_gmt":"2021-10-25T14:16:02","guid":{"rendered":"https:\/\/tnlogistica.com\/home\/"},"modified":"2024-05-14T09:21:33","modified_gmt":"2024-05-14T09:21:33","slug":"home","status":"publish","type":"page","link":"https:\/\/tnlogistica.com\/sk\/","title":{"rendered":"Home"},"content":{"rendered":"<p>[et_pb_section fb_built=&#8220;1&#8243; _builder_version=&#8220;4.16&#8243; _module_preset=&#8220;default&#8220; background_image=&#8220;https:\/\/tnlogistica.com\/wp-content\/uploads\/2021\/11\/tnlogistica-homepage-2-1.jpg&#8220; min_height=&#8220;327px&#8220; height=&#8220;100vh&#8220; max_height=&#8220;600px&#8220; global_colors_info=&#8220;{}&#8220;][et_pb_row _builder_version=&#8220;4.16&#8243; _module_preset=&#8220;default&#8220; global_colors_info=&#8220;{}&#8220;][et_pb_column type=&#8220;4_4&#8243; _builder_version=&#8220;4.16&#8243; _module_preset=&#8220;default&#8220; global_colors_info=&#8220;{}&#8220;][\/et_pb_column][\/et_pb_row][\/et_pb_section][et_pb_section fb_built=&#8220;1&#8243; custom_padding_last_edited=&#8220;on|phone&#8220; _builder_version=&#8220;4.16&#8243; _module_preset=&#8220;default&#8220; custom_padding=&#8220;100px||100px||false|false&#8220; custom_padding_tablet=&#8220;80px||80px||false|false&#8220; custom_padding_phone=&#8220;60px||60px||false|false&#8220; global_colors_info=&#8220;{}&#8220;][et_pb_row column_structure=&#8220;1_2,1_2&#8243; _builder_version=&#8220;4.16&#8243; _module_preset=&#8220;default&#8220; custom_padding=&#8220;0px||0px|||&#8220; global_colors_info=&#8220;{}&#8220;][et_pb_column type=&#8220;1_2&#8243; _builder_version=&#8220;4.16&#8243; _module_preset=&#8220;default&#8220; global_colors_info=&#8220;{}&#8220;][et_pb_code _builder_version=&#8220;4.16&#8243; _module_preset=&#8220;default&#8220; global_colors_info=&#8220;{}&#8220;]<\/p>\n<div class=\"section_link_wrapper\"><!-- [et_pb_line_break_holder] --><\/p>\n<div class=\"element_card\"><!-- [et_pb_line_break_holder] --><\/p>\n<h3>TN Logistica<\/h3>\n<p><!-- [et_pb_line_break_holder] --> <img decoding=\"async\" src=\"https:\/\/tnlogistica.com\/wp-content\/uploads\/2021\/11\/logisticastaff.jpg\" \/><!-- [et_pb_line_break_holder] -->\n<pee>TN Logistica vznikla ako spolo\u010dnos\u0165 pracuj\u00faca v s\u00falade s aktivitami Skupiny Torello. Predstavuje rie\u0161enie pre eur\u00f3psky trh, preto\u017ee zjednocuje miestne a medzin\u00e1rodn\u00e9 kompetencie.<\/pee>\n<!-- [et_pb_line_break_holder] --> <a href=\"hhttps:\/\/tnlogistica.com\/sk\/firma\/\">Rozp\u00ed\u0161 podrobnej\u0161ie<\/a><!-- [et_pb_line_break_holder] --><\/div>\n<p><!-- [et_pb_line_break_holder] --><\/p>\n<div class=\"element_card\"><!-- [et_pb_line_break_holder] --><\/p>\n<h3>Preprava<\/h3>\n<p><!-- [et_pb_line_break_holder] --> <img decoding=\"async\" src=\"https:\/\/tnlogistica.com\/wp-content\/uploads\/2021\/11\/trasporti-tnlogistica-1.jpg\" \/><!-- [et_pb_line_break_holder] -->\n<pee>TN Logistica sa zameriava na poradenstvo a organizovanie cestnej prepravy kompletn\u00e9ho, \u010diasto\u010dn\u00e9ho n\u00e1kladu, alebo gruopage na dlh\u00e9 vzdialenosti.<\/pee>\n\u00a0<a href=\"https:\/\/tnlogistica.com\/sk\/cestna-preprava\/\">Rozp\u00ed\u0161 podrobnej\u0161ie<\/a>\u00a0 \u00a0 \u00a0<\/div>\n<p><!-- [et_pb_line_break_holder] --><\/div>\n<p>[\/et_pb_code][\/et_pb_column][et_pb_column type=&#8220;1_2&#8243; _builder_version=&#8220;4.16&#8243; _module_preset=&#8220;default&#8220; global_colors_info=&#8220;{}&#8220;][et_pb_code _builder_version=&#8220;4.16&#8243; _module_preset=&#8220;default&#8220; background_color=&#8220;#89ce68&#8243; custom_padding=&#8220;22px|22px|22px|22px|false|false&#8220; global_colors_info=&#8220;{}&#8220;]<\/p>\n<div class=\"section_green_wrapper\"><!-- [et_pb_line_break_holder] --><\/p>\n<div class=\"element_green\"><!-- [et_pb_line_break_holder] --><\/p>\n<h3>Udr\u017eate\u013enos\u0165 a rozvoj<\/h3>\n<p><!-- [et_pb_line_break_holder] --> <img decoding=\"async\" src=\"https:\/\/tnlogistica.com\/wp-content\/uploads\/2021\/09\/sk-sk.png\" \/><!-- [et_pb_line_break_holder] --><\/p>\n<div class=\"green__grid\"><!-- [et_pb_line_break_holder] --><\/p>\n<div><!-- [et_pb_line_break_holder] -->\n<pee>Sila TN Logistica tkvie v schopnosti pon\u00faknu\u0165 z\u00e1kazn\u00edkom\u00a0<strong>slu\u017eby, ktor\u00fdm z\u00e1le\u017e\u00ed na \u017eivotnom prostred\u00ed<\/strong>. \u0160tandardy spolo\u010dnosti Torello, ktor\u00e9 sa in\u0161pirovali pl\u00e1nom V\u00fdskumu &amp; V\u00fdvoja treba ch\u00e1pa\u0165 ako celok.<!\u2013- [et_pb_br_holder] -\u2013><!-- [et_pb_line_break_holder] --><\/pee>\n<!-- [et_pb_line_break_holder] --><\/div>\n<p><!-- [et_pb_line_break_holder] --><\/p>\n<div class=\"grid__right\"><!-- [et_pb_line_break_holder] --><\/p>\n<div><span class=\"grid_child1\">24.499.604 kg<\/span><!-- [et_pb_line_break_holder] --><span class=\"grid_child2\">\u00daspora CO2 do decembra 2023<\/span><\/div>\n<p><!-- [et_pb_line_break_holder] --><span class=\"grid_child3\">*Konsolidovan\u00e9 \u00fadaje<\/span><!-- [et_pb_line_break_holder] --><a href=\"https:\/\/tnlogistica.com\/sk\/udrzatelnost\/\">Rozp\u00ed\u0161 podrobnej\u0161i<\/a><!-- [et_pb_line_break_holder] --><\/div>\n<p><!-- [et_pb_line_break_holder] --><\/div>\n<p><!-- [et_pb_line_break_holder] --><!-- [et_pb_line_break_holder] --><\/div>\n<p><!-- [et_pb_line_break_holder] --><!-- [et_pb_line_break_holder] --><\/div>\n<p>[\/et_pb_code][\/et_pb_column][\/et_pb_row][\/et_pb_section][et_pb_section fb_built=&#8220;1&#8243; custom_padding_last_edited=&#8220;on|phone&#8220; _builder_version=&#8220;4.16&#8243; _module_preset=&#8220;default&#8220; background_color=&#8220;#333333&#8243; custom_padding=&#8220;100px||100px||false|false&#8220; custom_padding_tablet=&#8220;80px||80px||false|false&#8220; custom_padding_phone=&#8220;60px||60px||false|false&#8220; global_colors_info=&#8220;{}&#8220;][et_pb_row column_structure=&#8220;1_2,1_2&#8243; gutter_width=&#8220;2&#8243; _builder_version=&#8220;4.16&#8243; _module_preset=&#8220;default&#8220; custom_padding=&#8220;0px||0px|||&#8220; custom_css_main_element=&#8220;display:flex;||align-items: center;&#8220; global_colors_info=&#8220;{}&#8220; custom_css_main_element_last_edited=&#8220;on|phone&#8220; custom_css_main_element_tablet=&#8220;display:flex;||flex-direction: column;&#8220; custom_css_main_element_phone=&#8220;display:flex;||flex-direction: column;&#8220;][et_pb_column type=&#8220;1_2&#8243; _builder_version=&#8220;4.16&#8243; _module_preset=&#8220;default&#8220; global_colors_info=&#8220;{}&#8220;][et_pb_text _builder_version=&#8220;4.16&#8243; _module_preset=&#8220;default&#8220; header_3_text_color=&#8220;#FFFFFF&#8220; header_3_font_size=&#8220;25px&#8220; animation_style=&#8220;fade&#8220; custom_css_main_element=&#8220;padding:0px;&#8220; custom_css_after=&#8220;    content: &#8220;;||    width: 50px;||    height: 1px;||    background: red;||    display: block;||    margin-top: 9px;||    margin-bottom: 9px;&#8220; global_colors_info=&#8220;{}&#8220;]<\/p>\n<h3>Ide\u00e1lny spojenec<\/h3>\n<p>[\/et_pb_text][et_pb_text _builder_version=&#8220;4.16&#8243; _module_preset=&#8220;default&#8220; text_text_color=&#8220;#FFFFFF&#8220; animation_style=&#8220;slide&#8220; animation_direction=&#8220;top&#8220; animation_delay=&#8220;250ms&#8220; animation_intensity_slide=&#8220;2%&#8220; global_colors_info=&#8220;{}&#8220;]<\/p>\n<p><b>Invest\u00edcie a\u00a0kvalita slu\u017eieb<\/b>, v\u00a0kombin\u00e1cii s\u00a0miestnou priemyselnou \u0161trukt\u00farou vytvorili podmienky pre nov\u00fa strategick\u00fa poz\u00edciu. Torello na\u0161lo v\u00a0TN Logistica\u00a0<b>ide\u00e1lneho spojenca<\/b>..\u00a0<\/p>\n<p>Nez\u00e1le\u017e\u00ed na tom, ak\u00e1 technol\u00f3gia, alebo ak\u00e9 nov\u00e9 potreby vznikn\u00fa v\u00a0bud\u00facnosti,\u00a0<b>s\u00fa to \u013eudia, kto prostredn\u00edctvom svojej kompetencie ved\u00fa slu\u017eby k\u00a0\u00faspechu<\/b>.<\/p>\n<p>[\/et_pb_text][\/et_pb_column][et_pb_column type=&#8220;1_2&#8243; _builder_version=&#8220;4.16&#8243; _module_preset=&#8220;default&#8220; global_colors_info=&#8220;{}&#8220;][et_pb_code _builder_version=&#8220;4.16&#8243; _module_preset=&#8220;default&#8220; global_colors_info=&#8220;{}&#8220;]<iframe loading=\"lazy\" width=\"560\" height=\"315\" src=\"https:\/\/www.youtube.com\/embed\/B9Vq0CNYwB8\" title=\"YouTube video player\" frameborder=\"0\" allow=\"accelerometer; autoplay; clipboard-write; encrypted-media; gyroscope; picture-in-picture\" allowfullscreen><\/iframe>[\/et_pb_code][\/et_pb_column][\/et_pb_row][\/et_pb_section][et_pb_section fb_built=&#8220;1&#8243; custom_padding_last_edited=&#8220;on|phone&#8220; _builder_version=&#8220;4.16&#8243; _module_preset=&#8220;default&#8220; background_color=&#8220;rgba(238,238,238,0.68)&#8220; custom_padding=&#8220;25px||25px||false|false&#8220; custom_padding_tablet=&#8220;25px||25px||false|false&#8220; custom_padding_phone=&#8220;60px||60px||false|false&#8220; global_colors_info=&#8220;{}&#8220;][et_pb_row _builder_version=&#8220;4.16&#8243; _module_preset=&#8220;default&#8220; width_phone=&#8220;100%&#8220; custom_padding=&#8220;0px||0px|||&#8220; global_colors_info=&#8220;{}&#8220;][et_pb_column type=&#8220;4_4&#8243; _builder_version=&#8220;4.16&#8243; _module_preset=&#8220;default&#8220; global_colors_info=&#8220;{}&#8220;][et_pb_slider arrows_custom_color=&#8220;rgba(0,0,0,0.35)&#8220; dot_nav_custom_color=&#8220;rgba(0,0,0,0.46)&#8220; module_class=&#8220;spider__element&#8220; _builder_version=&#8220;4.16&#8243; _module_preset=&#8220;default&#8220; auto=&#8220;on&#8220; auto_speed=&#8220;3000&#8243; custom_css_slide_description=&#8220;box-shadow: none !important;&#8220; global_colors_info=&#8220;{}&#8220;][et_pb_slide image=&#8220;https:\/\/tnlogistica.com\/wp-content\/uploads\/2021\/09\/IMG_6877-2.jpg&#8220; _builder_version=&#8220;4.16&#8243; _module_preset=&#8220;default&#8220; header_level=&#8220;h6&#8243; header_text_color=&#8220;#000000&#8243; body_text_color=&#8220;#666666&#8243; background_enable_color=&#8220;off&#8220; global_colors_info=&#8220;{}&#8220; sticky_transition=&#8220;on&#8220;]<\/p>\n<p>Sme odli\u0161n\u00ed, v pozit\u00edvnom zmysle slova, kv\u00f4li n\u00e1\u0161mu integrovan\u00e9mu dod\u00e1vate\u013esk\u00e9mu re\u0165azcu, na\u0161ej organiz\u00e1cii na eur\u00f3pskej \u00farovni.<\/p>\n<h6>Roman Marcinka<\/h6>\n<p>Import\/Export Manager<\/p>\n<p>[\/et_pb_slide][et_pb_slide image=&#8220;https:\/\/tnlogistica.com\/wp-content\/uploads\/2021\/09\/IMG_7034-2.jpg&#8220; _builder_version=&#8220;4.16&#8243; _module_preset=&#8220;default&#8220; header_level=&#8220;h6&#8243; header_text_color=&#8220;#000000&#8243; body_text_color=&#8220;#666666&#8243; background_enable_color=&#8220;off&#8220; global_colors_info=&#8220;{}&#8220; sticky_transition=&#8220;on&#8220;]<\/p>\n<p>Firmy musia zabezpe\u010di\u0165, aby ich Supply Chain boli flexibiln\u00e9 a akcieschopn\u00e9. Preto sme roz\u0161\u00edrili portf\u00f3lio slu\u017eieb: aby sme sa odl\u00ed\u0161ili a aj na\u010falej pon\u00fakali pridan\u00fa hodnotu.<\/p>\n<h6>Rocco Loria<\/h6>\n<p>General Manager TN Logistica<\/p>\n<p>[\/et_pb_slide][\/et_pb_slider][\/et_pb_column][\/et_pb_row][\/et_pb_section][et_pb_section fb_built=&#8220;1&#8243; custom_padding_last_edited=&#8220;on|phone&#8220; module_class=&#8220;blog__view__home&#8220; _builder_version=&#8220;4.16&#8243; _module_preset=&#8220;default&#8220; background_enable_color=&#8220;off&#8220; custom_padding=&#8220;100px||100px||false|false&#8220; custom_padding_tablet=&#8220;80px||80px||false|false&#8220; custom_padding_phone=&#8220;60px||60px||false|false&#8220; global_colors_info=&#8220;{}&#8220;][et_pb_row gutter_width=&#8220;2&#8243; _builder_version=&#8220;4.16&#8243; _module_preset=&#8220;default&#8220; custom_padding=&#8220;||0px|||&#8220; global_colors_info=&#8220;{}&#8220;][et_pb_column type=&#8220;4_4&#8243; _builder_version=&#8220;4.16&#8243; _module_preset=&#8220;default&#8220; global_colors_info=&#8220;{}&#8220;][et_pb_text module_class=&#8220;blog__title__home&#8220; _builder_version=&#8220;4.16&#8243; _module_preset=&#8220;default&#8220; header_3_text_align=&#8220;center&#8220; header_3_font_size=&#8220;32px&#8220; header_3_font_size_tablet=&#8220;28px&#8220; header_3_font_size_phone=&#8220;24px&#8220; header_3_font_size_last_edited=&#8220;on|phone&#8220; custom_css_before=&#8220;width: 35px;||height: 1px;||content: &#8220;;||display: block;||background: #000;||margin-right:10px;&#8220; custom_css_main_element=&#8220;display:flex;||align-items:center;||padding:0px;||justify-content:center;&#8220; custom_css_after=&#8220;width: 35px;||height: 1px;||content: &#8220;;||display: block;||background: #000;||margin-left:10px;&#8220; global_colors_info=&#8220;{}&#8220;]<\/p>\n<h3>Poslem\u00e9 z blogu<\/h3>\n<p>[\/et_pb_text][et_pb_blog fullwidth=&#8220;off&#8220; posts_number=&#8220;3&#8243; meta_date=&#8220;j \/ m  \/ y&#8220; excerpt_length=&#8220;120&#8243; show_more=&#8220;on&#8220; show_author=&#8220;off&#8220; show_categories=&#8220;off&#8220; show_pagination=&#8220;off&#8220; module_class=&#8220;home__blog__grid&#8220; _builder_version=&#8220;4.16&#8243; _module_preset=&#8220;default&#8220; header_level=&#8220;h3&#8243; header_font_size=&#8220;22px&#8220; header_line_height=&#8220;1.2em&#8220; custom_margin=&#8220;80px||||false|false&#8220; custom_margin_tablet=&#8220;60px||||false|false&#8220; custom_margin_phone=&#8220;40px||||false|false&#8220; custom_margin_last_edited=&#8220;on|phone&#8220; header_font_size_tablet=&#8220;20px&#8220; header_font_size_phone=&#8220;18px&#8220; header_font_size_last_edited=&#8220;on|phone&#8220; custom_css_read_more=&#8220;margin-top:20px;||display:block;&#8220; border_width_all=&#8220;0px&#8220; global_colors_info=&#8220;{}&#8220;][\/et_pb_blog][\/et_pb_column][\/et_pb_row][et_pb_row _builder_version=&#8220;4.17.3&#8243; _module_preset=&#8220;default&#8220; custom_margin=&#8220;35px||||false|false&#8220; global_colors_info=&#8220;{}&#8220;][et_pb_column type=&#8220;4_4&#8243; _builder_version=&#8220;4.17.3&#8243; _module_preset=&#8220;default&#8220; global_colors_info=&#8220;{}&#8220;][et_pb_text module_class=&#8220;blog__title__home&#8220; _builder_version=&#8220;4.17.3&#8243; _module_preset=&#8220;default&#8220; header_3_text_align=&#8220;center&#8220; header_3_font_size=&#8220;32px&#8220; header_3_font_size_tablet=&#8220;28px&#8220; header_3_font_size_phone=&#8220;24px&#8220; header_3_font_size_last_edited=&#8220;on|phone&#8220; custom_css_before=&#8220;width: 35px;||height: 1px;||content: &#8220;;||display: block;||background: #000;||margin-right:10px;&#8220; custom_css_main_element=&#8220;display:flex;||align-items:center;||padding:0px;||justify-content:center;&#8220; custom_css_after=&#8220;width: 35px;||height: 1px;||content: &#8220;;||display: block;||background: #000;||margin-left:10px;&#8220; global_colors_info=&#8220;{}&#8220;]<\/p>\n<h3><span>Najnov\u0161ie vide\u00e1<\/span><\/h3>\n<p>[\/et_pb_text][et_pb_code _builder_version=&#8220;4.17.3&#8243; _module_preset=&#8220;default&#8220; custom_margin=&#8220;80px||||false|false&#8220; global_colors_info=&#8220;{}&#8220;]<div class=\"video_main_wrapper\">\n        <div class=\"video_card_wrapper\">\n            <div class=\"video_frame_wrapper\">\n                <iframe loading=\"lazy\" width=\"560\" height=\"315\" src=\"https:\/\/www.youtube.com\/embed\/3j6NrEzSb8s\" title=\"YouTube video player\" frameborder=\"0\" allow=\"accelerometer; autoplay; clipboard-write; encrypted-media; gyroscope; picture-in-picture\" allowfullscreen><\/iframe>            <\/div>\n            <div class=\"video_text_wrapper\">\n                <h3>Som TN Trucker &#8211; Raffaele<\/h3>\n                \n<p>Mal som \u0161\u0165astie, \u017ee som t\u00fato spolo\u010dnos\u0165 poznal, \u00faprimne. Je to skuto\u010dne \u201eako rodina\u201c.<\/p>\n            <\/div>\n        <\/div>\n            <div class=\"video_card_wrapper\">\n            <div class=\"video_frame_wrapper\">\n                <iframe loading=\"lazy\" width=\"560\" height=\"315\" src=\"https:\/\/www.youtube.com\/embed\/_jXX4RIKctU\" title=\"YouTube video player\" frameborder=\"0\" allow=\"accelerometer; autoplay; clipboard-write; encrypted-media; gyroscope; picture-in-picture\" allowfullscreen><\/iframe>            <\/div>\n            <div class=\"video_text_wrapper\">\n                <h3>I\u2019m a TN Trucker \u2013 Anton Gabriel<\/h3>\n                \n<p>I have been working for Torello for 12 years. I chose to be a driver because i liked it since childhood.<\/p>\n            <\/div>\n        <\/div>\n            <div class=\"video_card_wrapper\">\n            <div class=\"video_frame_wrapper\">\n                <iframe loading=\"lazy\" width=\"560\" height=\"315\" src=\"https:\/\/www.youtube.com\/embed\/IuS4KwDKapM\" title=\"YouTube video player\" frameborder=\"0\" allow=\"accelerometer; autoplay; clipboard-write; encrypted-media; gyroscope; picture-in-picture\" allowfullscreen><\/iframe>            <\/div>\n            <div class=\"video_text_wrapper\">\n                <h3>I&#8217;m a TN Trucker \u2013 Aleksandar<\/h3>\n                \n<p>I never thought that I would ever get employed at such good and big company. But, here I am.<\/p>\n            <\/div>\n        <\/div>\n            <div class=\"video_card_wrapper\">\n            <div class=\"video_frame_wrapper\">\n                <iframe loading=\"lazy\" width=\"560\" height=\"315\" src=\"https:\/\/www.youtube.com\/embed\/0PPIQEdY-2U?si=E9F4G-BtTj53Gm-O\" title=\"YouTube video player\" frameborder=\"0\" allow=\"accelerometer; autoplay; clipboard-write; encrypted-media; gyroscope; picture-in-picture; web-share\" referrerpolicy=\"strict-origin-when-cross-origin\" allowfullscreen><\/iframe>            <\/div>\n            <div class=\"video_text_wrapper\">\n                <h3>I&#8217;m a TN Trucker &#8211; Alexandru<\/h3>\n                            <\/div>\n        <\/div>\n            <div class=\"video_card_wrapper\">\n            <div class=\"video_frame_wrapper\">\n                <iframe loading=\"lazy\" width=\"560\" height=\"315\" src=\"https:\/\/www.youtube.com\/embed\/9zvm20KJn-o?si=5gi05vOS9qzJ-Agv\" title=\"YouTube video player\" frameborder=\"0\" allow=\"accelerometer; autoplay; clipboard-write; encrypted-media; gyroscope; picture-in-picture; web-share\" referrerpolicy=\"strict-origin-when-cross-origin\" allowfullscreen><\/iframe>            <\/div>\n            <div class=\"video_text_wrapper\">\n                <h3>I&#8217;m a TN Trucker &#8211; Ivan<\/h3>\n                            <\/div>\n        <\/div>\n            <div class=\"video_card_wrapper\">\n            <div class=\"video_frame_wrapper\">\n                <iframe loading=\"lazy\" width=\"560\" height=\"315\" src=\"https:\/\/www.youtube.com\/embed\/uDVwhCjegX0?si=OI7tPQSmx1umrkVJ\" title=\"YouTube video player\" frameborder=\"0\" allow=\"accelerometer; autoplay; clipboard-write; encrypted-media; gyroscope; picture-in-picture; web-share\" referrerpolicy=\"strict-origin-when-cross-origin\" allowfullscreen><\/iframe>            <\/div>\n            <div class=\"video_text_wrapper\">\n                <h3>I&#8217;m a TN Trucker &#8211; Vladimir<\/h3>\n                            <\/div>\n        <\/div>\n            <div class=\"video_card_wrapper\">\n            <div class=\"video_frame_wrapper\">\n                <iframe loading=\"lazy\" width=\"560\" height=\"315\" src=\"https:\/\/www.youtube.com\/embed\/buETbKxIlj8?si=8FWychFtI7IFohJR\" title=\"YouTube video player\" frameborder=\"0\" allow=\"accelerometer; autoplay; clipboard-write; encrypted-media; gyroscope; picture-in-picture; web-share\" referrerpolicy=\"strict-origin-when-cross-origin\" allowfullscreen><\/iframe>            <\/div>\n            <div class=\"video_text_wrapper\">\n                <h3>I&#8217;m a TN Trucker &#8211; Dumitru<\/h3>\n                            <\/div>\n        <\/div>\n            <div class=\"video_card_wrapper\">\n            <div class=\"video_frame_wrapper\">\n                <iframe loading=\"lazy\" width=\"560\" height=\"315\" src=\"https:\/\/www.youtube.com\/embed\/4tMHKSz8ZtM?si=hgIaJLND6gAD0rtd\" title=\"YouTube video player\" frameborder=\"0\" allow=\"accelerometer; autoplay; clipboard-write; encrypted-media; gyroscope; picture-in-picture; web-share\" referrerpolicy=\"strict-origin-when-cross-origin\" allowfullscreen><\/iframe>            <\/div>\n            <div class=\"video_text_wrapper\">\n                <h3>I&#8217;m a TN Trucker &#8211; Sasa<\/h3>\n                            <\/div>\n        <\/div>\n            <div class=\"video_card_wrapper\">\n            <div class=\"video_frame_wrapper\">\n                <iframe loading=\"lazy\" width=\"560\" height=\"315\" src=\"https:\/\/www.youtube.com\/embed\/uw8netXXm7E?si=8EpSaC1hVl1md9SS\" title=\"YouTube video player\" frameborder=\"0\" allow=\"accelerometer; autoplay; clipboard-write; encrypted-media; gyroscope; picture-in-picture; web-share\" referrerpolicy=\"strict-origin-when-cross-origin\" allowfullscreen><\/iframe>            <\/div>\n            <div class=\"video_text_wrapper\">\n                <h3>I&#8217;m a TN Trucker &#8211; Marius<\/h3>\n                            <\/div>\n        <\/div>\n            <div class=\"video_card_wrapper\">\n            <div class=\"video_frame_wrapper\">\n                <iframe loading=\"lazy\" width=\"560\" height=\"315\" src=\"https:\/\/www.youtube.com\/embed\/EPQCWZHjUmA?si=9HwQqdH_nm8mQaYY\" title=\"YouTube video player\" frameborder=\"0\" allow=\"accelerometer; autoplay; clipboard-write; encrypted-media; gyroscope; picture-in-picture; web-share\" referrerpolicy=\"strict-origin-when-cross-origin\" allowfullscreen><\/iframe>            <\/div>\n            <div class=\"video_text_wrapper\">\n                <h3>I&#8217;m a TN Trucker<\/h3>\n                            <\/div>\n        <\/div>\n            <div class=\"video_card_wrapper\">\n            <div class=\"video_frame_wrapper\">\n                <iframe loading=\"lazy\" width=\"560\" height=\"315\" src=\"https:\/\/www.youtube.com\/embed\/eLzC_PAcdiM?si=9-KjroCAukxeG2OX\" title=\"YouTube video player\" frameborder=\"0\" allow=\"accelerometer; autoplay; clipboard-write; encrypted-media; gyroscope; picture-in-picture; web-share\" referrerpolicy=\"strict-origin-when-cross-origin\" allowfullscreen><\/iframe>            <\/div>\n            <div class=\"video_text_wrapper\">\n                <h3>I&#8217;m a TN Trucker<\/h3>\n                            <\/div>\n        <\/div>\n            <div class=\"video_card_wrapper\">\n            <div class=\"video_frame_wrapper\">\n                <iframe loading=\"lazy\" width=\"560\" height=\"315\" src=\"https:\/\/www.youtube.com\/embed\/2UMaihp4h7c?si=hnshHLMu6VP5SQcY\" title=\"YouTube video player\" frameborder=\"0\" allow=\"accelerometer; autoplay; clipboard-write; encrypted-media; gyroscope; picture-in-picture; web-share\" referrerpolicy=\"strict-origin-when-cross-origin\" allowfullscreen><\/iframe>            <\/div>\n            <div class=\"video_text_wrapper\">\n                <h3>I&#8217;m a TN Trucker<\/h3>\n                            <\/div>\n        <\/div>\n    <\/div>[\/et_pb_code][\/et_pb_column][\/et_pb_row][\/et_pb_section]<\/p>\n","protected":false},"excerpt":{"rendered":"<p>Ide\u00e1lny spojenecInvest\u00edcie a\u00a0kvalita slu\u017eieb, v\u00a0kombin\u00e1cii s\u00a0miestnou priemyselnou \u0161trukt\u00farou vytvorili podmienky pre nov\u00fa strategick\u00fa poz\u00edciu. Torello na\u0161lo v\u00a0TN Logistica\u00a0ide\u00e1lneho spojenca..\u00a0 Nez\u00e1le\u017e\u00ed na tom, ak\u00e1 technol\u00f3gia, alebo ak\u00e9 nov\u00e9 potreby vznikn\u00fa v\u00a0bud\u00facnosti,\u00a0s\u00fa to \u013eudia, kto prostredn\u00edctvom svojej kompetencie ved\u00fa slu\u017eby k\u00a0\u00faspechu.Sme odli\u0161n\u00ed, v pozit\u00edvnom zmysle slova, kv\u00f4li n\u00e1\u0161mu integrovan\u00e9mu dod\u00e1vate\u013esk\u00e9mu re\u0165azcu, na\u0161ej organiz\u00e1cii na eur\u00f3pskej \u00farovni. Roman [&hellip;]<\/p>\n","protected":false},"author":1,"featured_media":0,"parent":0,"menu_order":0,"comment_status":"closed","ping_status":"closed","template":"","meta":{"_et_pb_use_builder":"on","_et_pb_old_content":"","_et_gb_content_width":"","footnotes":""},"class_list":["post-659","page","type-page","status-publish","hentry"],"_links":{"self":[{"href":"https:\/\/tnlogistica.com\/sk\/wp-json\/wp\/v2\/pages\/659","targetHints":{"allow":["GET"]}}],"collection":[{"href":"https:\/\/tnlogistica.com\/sk\/wp-json\/wp\/v2\/pages"}],"about":[{"href":"https:\/\/tnlogistica.com\/sk\/wp-json\/wp\/v2\/types\/page"}],"author":[{"embeddable":true,"href":"https:\/\/tnlogistica.com\/sk\/wp-json\/wp\/v2\/users\/1"}],"replies":[{"embeddable":true,"href":"https:\/\/tnlogistica.com\/sk\/wp-json\/wp\/v2\/comments?post=659"}],"version-history":[{"count":42,"href":"https:\/\/tnlogistica.com\/sk\/wp-json\/wp\/v2\/pages\/659\/revisions"}],"predecessor-version":[{"id":2007,"href":"https:\/\/tnlogistica.com\/sk\/wp-json\/wp\/v2\/pages\/659\/revisions\/2007"}],"wp:attachment":[{"href":"https:\/\/tnlogistica.com\/sk\/wp-json\/wp\/v2\/media?parent=659"}],"curies":[{"name":"wp","href":"https:\/\/api.w.org\/{rel}","templated":true}]}}