{"id":647,"date":"2021-10-25T13:52:00","date_gmt":"2021-10-25T13:52:00","guid":{"rendered":"https:\/\/tnlogistica.com\/firma\/"},"modified":"2021-11-10T15:15:49","modified_gmt":"2021-11-10T15:15:49","slug":"firma","status":"publish","type":"page","link":"https:\/\/tnlogistica.com\/sk\/firma\/","title":{"rendered":"Firma"},"content":{"rendered":"<p>[et_pb_section fb_built=&#8220;1&#8243; _builder_version=&#8220;4.10.8&#8243; _module_preset=&#8220;default&#8220; background_image=&#8220;https:\/\/tnlogistica.com\/wp-content\/uploads\/2021\/09\/IMG_6762-1.jpg&#8220; min_height=&#8220;327px&#8220; height=&#8220;100vh&#8220; max_height=&#8220;600px&#8220; background_last_edited=&#8220;on|phone&#8220; background_position_phone=&#8220;center&#8220; locked=&#8220;off&#8220; global_colors_info=&#8220;{}&#8220;][et_pb_row _builder_version=&#8220;4.10.8&#8243; _module_preset=&#8220;default&#8220; global_colors_info=&#8220;{}&#8220;][et_pb_column type=&#8220;4_4&#8243; _builder_version=&#8220;4.10.8&#8243; _module_preset=&#8220;default&#8220; global_colors_info=&#8220;{}&#8220;][\/et_pb_column][\/et_pb_row][\/et_pb_section][et_pb_section fb_built=&#8220;1&#8243; custom_padding_last_edited=&#8220;on|phone&#8220; _builder_version=&#8220;4.10.8&#8243; _module_preset=&#8220;default&#8220; custom_padding=&#8220;100px||100px||false|false&#8220; custom_padding_tablet=&#8220;80px||80px||false|false&#8220; custom_padding_phone=&#8220;60px||60px||false|false&#8220; locked=&#8220;off&#8220; global_colors_info=&#8220;{}&#8220;][et_pb_row column_structure=&#8220;2_3,1_3&#8243; gutter_width=&#8220;3&#8243; _builder_version=&#8220;4.10.8&#8243; _module_preset=&#8220;default&#8220; custom_css_main_element=&#8220;display: flex;||align-items: center;&#8220; global_colors_info=&#8220;{}&#8220; custom_css_main_element_last_edited=&#8220;on|phone&#8220; custom_css_main_element_tablet=&#8220;display: flex;||align-items: center;||flex-direction: column;&#8220; custom_css_main_element_phone=&#8220;display: flex;||align-items: center;||flex-direction: column;&#8220;][et_pb_column type=&#8220;2_3&#8243; _builder_version=&#8220;4.10.8&#8243; _module_preset=&#8220;default&#8220; global_colors_info=&#8220;{}&#8220;][et_pb_text _builder_version=&#8220;4.10.8&#8243; _module_preset=&#8220;default&#8220; header_font_size=&#8220;32px&#8220; header_line_height=&#8220;1.2em&#8220; header_3_text_color=&#8220;#FFFFFF&#8220; header_3_font_size=&#8220;25px&#8220; max_width=&#8220;80%&#8220; max_width_tablet=&#8220;90%&#8220; max_width_phone=&#8220;100%&#8220; max_width_last_edited=&#8220;on|phone&#8220; animation_style=&#8220;fade&#8220; header_font_size_tablet=&#8220;28px&#8220; header_font_size_phone=&#8220;24px&#8220; header_font_size_last_edited=&#8220;on|phone&#8220; custom_css_main_element=&#8220;padding:0px;&#8220; custom_css_after=&#8220;    content: &#8220;;||    width: 50px;||    height: 1px;||    background: red;||    display: block;||    margin-top: 9px;||    margin-bottom: 9px;&#8220; global_colors_info=&#8220;{}&#8220;]<\/p>\n<h1>TN Logistica: neodmyslite\u013en\u00e9 ohnivko logistickej re\u0165aze<\/h1>\n<p>[\/et_pb_text][et_pb_text _builder_version=&#8220;4.10.8&#8243; _module_preset=&#8220;default&#8220; animation_style=&#8220;slide&#8220; animation_direction=&#8220;top&#8220; animation_delay=&#8220;250ms&#8220; animation_intensity_slide=&#8220;2%&#8220; global_colors_info=&#8220;{}&#8220;]<\/p>\n<p><b>TN Logistica,\u00a0<\/b>spolo\u010dnos\u0165 skupiny Gruppo Torello, vznikla\u00a0<b>v\u00a0roku 2007<\/b>\u00a0s\u00a0v\u00fdznamnou obchodnou strat\u00e9giou v\u00a0oblasti poradenstva a\u00a0organizovania\u00a0<b>cestnej prepravy kompletn\u00e9ho, alebo \u010diasto\u010dn\u00e9ho n\u00e1kladu a\u00a0groupage v\u00a0celej Eur\u00f3pe.<\/b><\/p>\n<p>Tn Logistica, ktor\u00e1 vznikla za \u00fa\u010delom pracova\u0165\u00a0<b>v\u00a0s\u00falade s\u00a0tokmi skupiny Gruppo Torello,\u00a0<\/b>predstavuje rie\u0161enie pre eur\u00f3psky trh, kde Gruppo prepravuje tovar. V\u010faka sk\u00fasenostiam v\u00a0oblasti cestnej prepravy Gruppo Torello zah\u0155\u0148a prepravu v\u0161etk\u00fdch druhov tovaru prostriedkami zabezpe\u010duj\u00facimi izbov\u00fa, alebo kontrolovan\u00fa teplotu.<\/p>\n<p>[\/et_pb_text][\/et_pb_column][et_pb_column type=&#8220;1_3&#8243; _builder_version=&#8220;4.10.8&#8243; _module_preset=&#8220;default&#8220; background_color=&#8220;#f0f0f0&#8243; custom_padding=&#8220;25px|25px|25px|25px|false|false&#8220; custom_padding_tablet=&#8220;35px||35px||false|false&#8220; custom_padding_phone=&#8220;|20px||20px|false|false&#8220; custom_padding_last_edited=&#8220;on|phone&#8220; animation_style=&#8220;slide&#8220; animation_direction=&#8220;bottom&#8220; animation_delay=&#8220;400ms&#8220; animation_intensity_slide=&#8220;5%&#8220; border_radii=&#8220;on|15px|15px|15px|15px&#8220; box_shadow_style=&#8220;preset3&#8243; box_shadow_color=&#8220;rgba(0,0,0,0.05)&#8220; global_colors_info=&#8220;{}&#8220;][et_pb_text _builder_version=&#8220;4.10.8&#8243; _module_preset=&#8220;default&#8220; header_font_size=&#8220;32px&#8220; header_line_height=&#8220;1.2em&#8220; header_2_font_size=&#8220;18px&#8220; header_2_line_height=&#8220;1.2em&#8220; header_3_text_color=&#8220;#FFFFFF&#8220; header_3_font_size=&#8220;25px&#8220; animation_style=&#8220;fade&#8220; header_font_size_tablet=&#8220;28px&#8220; header_font_size_phone=&#8220;24px&#8220; header_font_size_last_edited=&#8220;on|phone&#8220; custom_css_main_element=&#8220;padding:0px;&#8220; custom_css_after=&#8220;    content: &#8220;;||    width: 50px;||    height: 1px;||    background: red;||    display: block;||    margin-top: 9px;||    margin-bottom: 9px;&#8220; global_colors_info=&#8220;{}&#8220;]<\/p>\n<h2>Rodina Torello: iba dlhodob\u00e9 ciele<\/h2>\n<p>[\/et_pb_text][et_pb_text _builder_version=&#8220;4.10.8&#8243; _module_preset=&#8220;default&#8220; animation_style=&#8220;slide&#8220; animation_direction=&#8220;top&#8220; animation_delay=&#8220;250ms&#8220; animation_intensity_slide=&#8220;2%&#8220; global_colors_info=&#8220;{}&#8220;]<\/p>\n<p>Rozhodnutia uroben\u00e9 v\u00a0roku 2007 boli predzves\u0165ou zmien na trhu, ktor\u00e9 dnes ur\u010duj\u00fa tv\u00e1r spolo\u010dnosti TN Logistica: pracova\u0165 na miestnej b\u00e1ze pod jedin\u00fdm ve\u013ek\u00fdm projektom medzin\u00e1rodnej \u00farovne \u2013 Gruppo Torello.<\/p>\n<p>[\/et_pb_text][\/et_pb_column][\/et_pb_row][\/et_pb_section][et_pb_section fb_built=&#8220;1&#8243; custom_padding_last_edited=&#8220;on|phone&#8220; _builder_version=&#8220;4.10.8&#8243; _module_preset=&#8220;default&#8220; background_color=&#8220;#333333&#8243; custom_padding=&#8220;100px||100px||false|false&#8220; custom_padding_tablet=&#8220;80px||80px||false|false&#8220; custom_padding_phone=&#8220;60px||60px||false|false&#8220; locked=&#8220;off&#8220; global_colors_info=&#8220;{}&#8220;][et_pb_row column_structure=&#8220;1_2,1_2&#8243; gutter_width=&#8220;2&#8243; _builder_version=&#8220;4.10.8&#8243; _module_preset=&#8220;default&#8220; custom_padding=&#8220;0px||0px|||&#8220; custom_css_main_element=&#8220;display:flex;||align-items: center;&#8220; global_colors_info=&#8220;{}&#8220; custom_css_main_element_last_edited=&#8220;on|phone&#8220; custom_css_main_element_tablet=&#8220;display:flex;||flex-direction: column;&#8220; custom_css_main_element_phone=&#8220;display:flex;||flex-direction: column;&#8220;][et_pb_column type=&#8220;1_2&#8243; _builder_version=&#8220;4.10.8&#8243; _module_preset=&#8220;default&#8220; global_colors_info=&#8220;{}&#8220;][et_pb_text _builder_version=&#8220;4.10.8&#8243; _module_preset=&#8220;default&#8220; header_3_text_color=&#8220;#FFFFFF&#8220; header_3_font_size=&#8220;25px&#8220; animation_style=&#8220;fade&#8220; custom_css_main_element=&#8220;padding:0px;&#8220; custom_css_after=&#8220;    content: &#8220;;||    width: 50px;||    height: 1px;||    background: red;||    display: block;||    margin-top: 9px;||    margin-bottom: 9px;&#8220; global_colors_info=&#8220;{}&#8220;]<\/p>\n<h3>10 rokov nov\u00e9ho s\u00eddla<\/h3>\n<p>[\/et_pb_text][et_pb_text _builder_version=&#8220;4.10.8&#8243; _module_preset=&#8220;default&#8220; text_text_color=&#8220;#FFFFFF&#8220; animation_style=&#8220;slide&#8220; animation_direction=&#8220;top&#8220; animation_delay=&#8220;250ms&#8220; animation_intensity_slide=&#8220;2%&#8220; global_colors_info=&#8220;{}&#8220;]V roku 2017, pri pr\u00edle\u017eitosti 10. v\u00fdro\u010dia zalo\u017eenia sa TN Logistica pres\u0165ahovala do centr\u00e1ly v Senci, ktor\u00e1 sa stala d\u00f4le\u017eit\u00fdm a rozhoduj\u00facim \u010dl\u00e1nkom skupiny Gruppo Torello<\/p>\n<p>Za organiz\u00e1ciou, ktor\u00e1 bola schopn\u00e1 integrova\u0165 sa harmonick\u00fdmi sp\u00f4sobom na danom \u00fazem\u00ed, s\u00fa \u013eudia, ktor\u00ed zohr\u00e1vali od za\u010diatku k\u013e\u00fa\u010dov\u00fa \u00falohu. Z\u00e1kladn\u00e1 etapa Senec, Bratislava je poznamenan\u00e1 prezieravos\u0165ou.[\/et_pb_text][\/et_pb_column][et_pb_column type=&#8220;1_2&#8243; _builder_version=&#8220;4.10.8&#8243; _module_preset=&#8220;default&#8220; global_colors_info=&#8220;{}&#8220;][et_pb_code _builder_version=&#8220;4.13.0&#8243; _module_preset=&#8220;default&#8220; hover_enabled=&#8220;0&#8243; sticky_enabled=&#8220;0&#8243;]<iframe loading=\"lazy\" width=\"560\" height=\"315\" src=\"https:\/\/www.youtube.com\/embed\/NhFp5j4VPwk\" title=\"YouTube video player\" frameborder=\"0\" allow=\"accelerometer; autoplay; clipboard-write; encrypted-media; gyroscope; picture-in-picture\" allowfullscreen><\/iframe>[\/et_pb_code][\/et_pb_column][\/et_pb_row][\/et_pb_section]<\/p>\n","protected":false},"excerpt":{"rendered":"<p>TN Logistica: neodmyslite\u013en\u00e9 ohnivko logistickej re\u0165azeTN Logistica,\u00a0spolo\u010dnos\u0165 skupiny Gruppo Torello, vznikla\u00a0v\u00a0roku 2007\u00a0s\u00a0v\u00fdznamnou obchodnou strat\u00e9giou v\u00a0oblasti poradenstva a\u00a0organizovania\u00a0cestnej prepravy kompletn\u00e9ho, alebo \u010diasto\u010dn\u00e9ho n\u00e1kladu a\u00a0groupage v\u00a0celej Eur\u00f3pe. Tn Logistica, ktor\u00e1 vznikla za \u00fa\u010delom pracova\u0165\u00a0v\u00a0s\u00falade s\u00a0tokmi skupiny Gruppo Torello,\u00a0predstavuje rie\u0161enie pre eur\u00f3psky trh, kde Gruppo prepravuje tovar. V\u010faka sk\u00fasenostiam v\u00a0oblasti cestnej prepravy Gruppo Torello zah\u0155\u0148a prepravu v\u0161etk\u00fdch druhov [&hellip;]<\/p>\n","protected":false},"author":1,"featured_media":0,"parent":0,"menu_order":0,"comment_status":"closed","ping_status":"closed","template":"","meta":{"_et_pb_use_builder":"on","_et_pb_old_content":"","_et_gb_content_width":"","footnotes":""},"class_list":["post-647","page","type-page","status-publish","hentry"],"_links":{"self":[{"href":"https:\/\/tnlogistica.com\/sk\/wp-json\/wp\/v2\/pages\/647","targetHints":{"allow":["GET"]}}],"collection":[{"href":"https:\/\/tnlogistica.com\/sk\/wp-json\/wp\/v2\/pages"}],"about":[{"href":"https:\/\/tnlogistica.com\/sk\/wp-json\/wp\/v2\/types\/page"}],"author":[{"embeddable":true,"href":"https:\/\/tnlogistica.com\/sk\/wp-json\/wp\/v2\/users\/1"}],"replies":[{"embeddable":true,"href":"https:\/\/tnlogistica.com\/sk\/wp-json\/wp\/v2\/comments?post=647"}],"version-history":[{"count":6,"href":"https:\/\/tnlogistica.com\/sk\/wp-json\/wp\/v2\/pages\/647\/revisions"}],"predecessor-version":[{"id":1284,"href":"https:\/\/tnlogistica.com\/sk\/wp-json\/wp\/v2\/pages\/647\/revisions\/1284"}],"wp:attachment":[{"href":"https:\/\/tnlogistica.com\/sk\/wp-json\/wp\/v2\/media?parent=647"}],"curies":[{"name":"wp","href":"https:\/\/api.w.org\/{rel}","templated":true}]}}