{"id":638,"date":"2021-10-25T13:40:12","date_gmt":"2021-10-25T13:40:12","guid":{"rendered":"https:\/\/tnlogistica.com\/cestna-preprava\/"},"modified":"2021-11-10T15:26:52","modified_gmt":"2021-11-10T15:26:52","slug":"cestna-preprava","status":"publish","type":"page","link":"https:\/\/tnlogistica.com\/sk\/cestna-preprava\/","title":{"rendered":"Cestn\u00e1 preprava"},"content":{"rendered":"<p>[et_pb_section fb_built=&#8220;1&#8243; _builder_version=&#8220;4.13.0&#8243; _module_preset=&#8220;default&#8220; background_image=&#8220;https:\/\/tnlogistica.com\/wp-content\/uploads\/2021\/11\/tnlogistica-trasporti-su-strada-1.jpg&#8220; min_height=&#8220;327px&#8220; height=&#8220;100vh&#8220; max_height=&#8220;600px&#8220; hover_enabled=&#8220;0&#8243; background_last_edited=&#8220;on|phone&#8220; background_position_phone=&#8220;center&#8220; locked=&#8220;off&#8220; global_colors_info=&#8220;{}&#8220; title_text=&#8220;tnlogistica-trasporti-su-strada (1)&#8220; sticky_enabled=&#8220;0&#8243;][et_pb_row _builder_version=&#8220;4.10.8&#8243; _module_preset=&#8220;default&#8220; global_colors_info=&#8220;{}&#8220;][et_pb_column type=&#8220;4_4&#8243; _builder_version=&#8220;4.10.8&#8243; _module_preset=&#8220;default&#8220; global_colors_info=&#8220;{}&#8220;][\/et_pb_column][\/et_pb_row][\/et_pb_section][et_pb_section fb_built=&#8220;1&#8243; custom_padding_last_edited=&#8220;on|phone&#8220; _builder_version=&#8220;4.10.8&#8243; _module_preset=&#8220;default&#8220; custom_padding=&#8220;100px||100px||false|false&#8220; custom_padding_tablet=&#8220;80px||80px||false|false&#8220; custom_padding_phone=&#8220;60px||60px||false|false&#8220; locked=&#8220;off&#8220; global_colors_info=&#8220;{}&#8220;][et_pb_row gutter_width=&#8220;3&#8243; _builder_version=&#8220;4.10.8&#8243; _module_preset=&#8220;default&#8220; custom_css_main_element=&#8220;display: flex;||align-items: center;&#8220; global_colors_info=&#8220;{}&#8220; custom_css_main_element_last_edited=&#8220;on|phone&#8220; custom_css_main_element_tablet=&#8220;display: flex;||align-items: center;||flex-direction: column;&#8220; custom_css_main_element_phone=&#8220;display: flex;||align-items: center;||flex-direction: column;&#8220;][et_pb_column type=&#8220;4_4&#8243; _builder_version=&#8220;4.10.8&#8243; _module_preset=&#8220;default&#8220; global_colors_info=&#8220;{}&#8220;][et_pb_text _builder_version=&#8220;4.13.0&#8243; _module_preset=&#8220;default&#8220; header_text_align=&#8220;center&#8220; header_font_size=&#8220;32px&#8220; header_line_height=&#8220;1.2em&#8220; header_3_text_color=&#8220;#FFFFFF&#8220; header_3_font_size=&#8220;25px&#8220; max_width=&#8220;80%&#8220; max_width_tablet=&#8220;90%&#8220; max_width_phone=&#8220;100%&#8220; max_width_last_edited=&#8220;on|phone&#8220; module_alignment=&#8220;center&#8220; animation_style=&#8220;fade&#8220; header_font_size_tablet=&#8220;28px&#8220; header_font_size_phone=&#8220;24px&#8220; header_font_size_last_edited=&#8220;on|phone&#8220; custom_css_main_element=&#8220;padding:0px;&#8220; custom_css_after=&#8220;    content: &#8220;;||    width: 50px;||    height: 1px;||    background: red;||    display: block;||    margin-top: 9px;||    margin-bottom: 9px;||\t\tmargin-left: auto;||    margin-right: auto;&#8220; global_colors_info=&#8220;{}&#8220;]<\/p>\n<h1>Organizovanie prepravy, v\u00fdvoj a monitorovanie partnership-u<\/h1>\n<p>[\/et_pb_text][et_pb_text _builder_version=&#8220;4.10.8&#8243; _module_preset=&#8220;default&#8220; text_orientation=&#8220;center&#8220; max_width=&#8220;70%&#8220; max_width_tablet=&#8220;100%&#8220; max_width_phone=&#8220;&#8220; max_width_last_edited=&#8220;on|phone&#8220; module_alignment=&#8220;center&#8220; animation_style=&#8220;slide&#8220; animation_direction=&#8220;top&#8220; animation_delay=&#8220;250ms&#8220; animation_intensity_slide=&#8220;2%&#8220; global_colors_info=&#8220;{}&#8220;]<\/p>\n<p>Od prevzatia prepravovan\u00e9ho n\u00e1kladu TN Logistica\u00a0<b data-stringify-type=\"bold\">posudzuje \u010das, typ tovaru a\u00a0vzdialenosti\u00a0<\/b>a\u00a0ur\u010duje najvhodnej\u0161\u00ed prostriedok a\u00a0trasu tak, aby minimalizovala dopad na \u017eivotn\u00e9 prostredie a\u00a0zni\u017eovala n\u00e1klady.<\/p>\n<p>Organiz\u00e1cia zostaven\u00e1 sp\u00f4sobom tak, aby poskytovala \u010do najlep\u0161ie slu\u017eby a\u00a0flexibilitu, spolu s\u00a0obvyklou spo\u013eahlivos\u0165ou\u00a0<b data-stringify-type=\"bold\">garantovanej prepravy v\u00a0s\u00falade s\u00a0celou skupinou Gruppo Torello.<\/b><\/p>\n<p>[\/et_pb_text][\/et_pb_column][\/et_pb_row][et_pb_row column_structure=&#8220;1_4,1_4,1_4,1_4&#8243; gutter_width=&#8220;2&#8243; make_equal=&#8220;on&#8220; _builder_version=&#8220;4.10.8&#8243; _module_preset=&#8220;default&#8220; custom_padding=&#8220;49px||||false|false&#8220; global_colors_info=&#8220;{}&#8220;][et_pb_column type=&#8220;1_4&#8243; _builder_version=&#8220;4.10.8&#8243; _module_preset=&#8220;default&#8220; global_colors_info=&#8220;{}&#8220;][et_pb_blurb title=&#8220;Full Truck Load e Less Than Truckload&#8220; image=&#8220;https:\/\/tnlogistica.com\/wp-content\/uploads\/2021\/09\/ftl-ltl-tnlogisticask.png&#8220; image_icon_width=&#8220;80px&#8220; _builder_version=&#8220;4.13.0&#8243; _module_preset=&#8220;default&#8220; header_text_align=&#8220;center&#8220; header_line_height=&#8220;1.2em&#8220; text_orientation=&#8220;center&#8220; custom_padding=&#8220;25px|15px|25px|15px|false|false&#8220; animation_style=&#8220;slide&#8220; animation_direction=&#8220;left&#8220; animation_delay=&#8220;200ms&#8220; animation_intensity_slide=&#8220;5%&#8220; custom_css_main_element=&#8220;min-height: 320px;&#8220; border_radii=&#8220;on|15px|15px|15px|15px&#8220; border_width_all=&#8220;1px&#8220; border_color_all=&#8220;rgba(204,204,204,0.43)&#8220; box_shadow_style=&#8220;preset3&#8243; box_shadow_color=&#8220;rgba(0,0,0,0.16)&#8220; image_max_width=&#8220;80px&#8220; global_colors_info=&#8220;{}&#8220;]<\/p>\n<p>Cestn\u00e1 preprava do jedin\u00e9ho cie\u013ea, alebo do viacer\u00fdch cie\u013eov pre r\u00f4zne mo\u017enosti n\u00e1kladu.<\/p>\n<p>[\/et_pb_blurb][\/et_pb_column][et_pb_column type=&#8220;1_4&#8243; _builder_version=&#8220;4.10.8&#8243; _module_preset=&#8220;default&#8220; global_colors_info=&#8220;{}&#8220;][et_pb_blurb title=&#8220;N\u00e1rodn\u00e1 a medzin\u00e1rodn\u00e1 preprava&#8220; image=&#8220;https:\/\/tnlogistica.com\/wp-content\/uploads\/2021\/09\/trasporto-naz-int-tnlogisticask2.png&#8220; image_icon_width=&#8220;80px&#8220; _builder_version=&#8220;4.13.0&#8243; _module_preset=&#8220;default&#8220; header_text_align=&#8220;center&#8220; header_line_height=&#8220;1.2em&#8220; text_orientation=&#8220;center&#8220; custom_padding=&#8220;25px|15px|25px|15px|false|false&#8220; animation_style=&#8220;slide&#8220; animation_direction=&#8220;left&#8220; animation_delay=&#8220;450ms&#8220; animation_intensity_slide=&#8220;5%&#8220; custom_css_main_element=&#8220;min-height: 320px;&#8220; border_radii=&#8220;on|15px|15px|15px|15px&#8220; border_width_all=&#8220;1px&#8220; border_color_all=&#8220;rgba(204,204,204,0.43)&#8220; box_shadow_style=&#8220;preset3&#8243; box_shadow_color=&#8220;rgba(0,0,0,0.16)&#8220; image_max_width=&#8220;80px&#8220; global_colors_info=&#8220;{}&#8220;]<\/p>\n<p>Z ved\u00facej poz\u00edcie poz\u00edcia v\u00a0prvom \u0161\u00edku, ktor\u00e1 sa s\u00fastre\u010fuje na z\u00e1kladn\u00e9 trhy Eur\u00f3py.<\/p>\n<p>[\/et_pb_blurb][\/et_pb_column][et_pb_column type=&#8220;1_4&#8243; _builder_version=&#8220;4.10.8&#8243; _module_preset=&#8220;default&#8220; global_colors_info=&#8220;{}&#8220;][et_pb_blurb title=&#8220;Unik\u00e1tne slu\u017eby na mieru&#8220; image=&#8220;https:\/\/tnlogistica.com\/wp-content\/uploads\/2021\/09\/servizi-unici-individuali-tnlogisticask.png&#8220; image_icon_width=&#8220;80px&#8220; _builder_version=&#8220;4.13.0&#8243; _module_preset=&#8220;default&#8220; header_text_align=&#8220;center&#8220; header_line_height=&#8220;1.2em&#8220; text_orientation=&#8220;center&#8220; custom_padding=&#8220;25px|15px|25px|15px|false|false&#8220; animation_style=&#8220;slide&#8220; animation_direction=&#8220;left&#8220; animation_delay=&#8220;700ms&#8220; animation_intensity_slide=&#8220;5%&#8220; custom_css_main_element=&#8220;min-height: 320px;&#8220; custom_css_blurb_title=&#8220;max-width: 80%;||margin: auto;&#8220; border_radii=&#8220;on|15px|15px|15px|15px&#8220; border_width_all=&#8220;1px&#8220; border_color_all=&#8220;rgba(204,204,204,0.43)&#8220; box_shadow_style=&#8220;preset3&#8243; box_shadow_color=&#8220;rgba(0,0,0,0.16)&#8220; image_max_width=&#8220;80px&#8220; global_colors_info=&#8220;{}&#8220;]<\/p>\n<p>TN Logistica vytv\u00e1ra efekt\u00edvnu a r\u00fdchlu trasu \u0161etrn\u00fa k\u00a0\u017eivotn\u00e9mu prostrediu, garantovan\u00fa aj faktom, \u017ee patr\u00ed ku skupine Gruppo Torello.<\/p>\n<p>[\/et_pb_blurb][\/et_pb_column][et_pb_column type=&#8220;1_4&#8243; _builder_version=&#8220;4.10.8&#8243; _module_preset=&#8220;default&#8220; global_colors_info=&#8220;{}&#8220;][et_pb_blurb title=&#8220;Poradenstvo a asistencia&#8220; image=&#8220;https:\/\/tnlogistica.com\/wp-content\/uploads\/2021\/09\/consulenza-tnlogisticask.png&#8220; image_icon_width=&#8220;80px&#8220; _builder_version=&#8220;4.13.0&#8243; _module_preset=&#8220;default&#8220; header_text_align=&#8220;center&#8220; header_line_height=&#8220;1.2em&#8220; text_orientation=&#8220;center&#8220; custom_padding=&#8220;25px|15px|25px|15px|false|false&#8220; animation_style=&#8220;slide&#8220; animation_direction=&#8220;left&#8220; animation_delay=&#8220;950ms&#8220; animation_intensity_slide=&#8220;5%&#8220; custom_css_main_element=&#8220;min-height: 320px;&#8220; custom_css_blurb_title=&#8220;max-width: 80%;||margin: auto;&#8220; border_radii=&#8220;on|15px|15px|15px|15px&#8220; border_width_all=&#8220;1px&#8220; border_color_all=&#8220;rgba(204,204,204,0.43)&#8220; box_shadow_style=&#8220;preset3&#8243; box_shadow_color=&#8220;rgba(0,0,0,0.16)&#8220; image_max_width=&#8220;80px&#8220; global_colors_info=&#8220;{}&#8220;]<\/p>\n<p>D\u00f4le\u017eit\u00e1 obchodn\u00e1 strat\u00e9gia v\u00a0oblasti poradenstva a\u00a0organizovan\u00ed cestnej prepravy.<\/p>\n<p>[\/et_pb_blurb][\/et_pb_column][\/et_pb_row][\/et_pb_section][et_pb_section fb_built=&#8220;1&#8243; custom_padding_last_edited=&#8220;on|phone&#8220; _builder_version=&#8220;4.10.8&#8243; _module_preset=&#8220;default&#8220; background_color=&#8220;#333333&#8243; custom_padding=&#8220;100px||100px||false|false&#8220; custom_padding_tablet=&#8220;80px||80px||false|false&#8220; custom_padding_phone=&#8220;60px||60px||false|false&#8220; locked=&#8220;off&#8220; global_colors_info=&#8220;{}&#8220;][et_pb_row column_structure=&#8220;1_2,1_2&#8243; gutter_width=&#8220;3&#8243; _builder_version=&#8220;4.10.8&#8243; _module_preset=&#8220;default&#8220; custom_padding=&#8220;0px||0px|||&#8220; custom_css_main_element=&#8220;display:flex;||align-items: center;&#8220; global_colors_info=&#8220;{}&#8220; custom_css_main_element_last_edited=&#8220;on|phone&#8220; custom_css_main_element_tablet=&#8220;display:flex;||flex-direction: column;&#8220; custom_css_main_element_phone=&#8220;display:flex;||flex-direction: column;&#8220;][et_pb_column type=&#8220;1_2&#8243; _builder_version=&#8220;4.10.8&#8243; _module_preset=&#8220;default&#8220; global_colors_info=&#8220;{}&#8220;][et_pb_text _builder_version=&#8220;4.10.8&#8243; _module_preset=&#8220;default&#8220; header_3_text_color=&#8220;#FFFFFF&#8220; header_3_font_size=&#8220;25px&#8220; animation_style=&#8220;fade&#8220; custom_css_main_element=&#8220;padding:0px;&#8220; custom_css_after=&#8220;    content: &#8220;;||    width: 50px;||    height: 1px;||    background: red;||    display: block;||    margin-top: 9px;||    margin-bottom: 9px;&#8220; global_colors_info=&#8220;{}&#8220;]<\/p>\n<h3>Koncentrovan\u00e1 na strat\u00e9gie<\/h3>\n<p>[\/et_pb_text][et_pb_text _builder_version=&#8220;4.10.8&#8243; _module_preset=&#8220;default&#8220; text_text_color=&#8220;#FFFFFF&#8220; animation_style=&#8220;slide&#8220; animation_direction=&#8220;top&#8220; animation_delay=&#8220;250ms&#8220; animation_intensity_slide=&#8220;2%&#8220; global_colors_info=&#8220;{}&#8220;]<\/p>\n<p><b>Ve\u013ek\u00e9 sk\u00fasenosti z\u00edskan\u00e9 v\u00a0oblasti prepravy\u00a0<\/b>umo\u017enili skupine Gruppo Torello vyvin\u00fa\u0165 v\u00a0Eur\u00f3pe slu\u017ebu v\u00a0r\u00e1mci perfektne organizovanej siete.<\/p>\n<p><b>Supply Chain Torello,\u00a0<\/b>vytvoren\u00e1 t\u00fdmto sp\u00f4sobom pracuje zdie\u013ean\u00fdm sp\u00f4sobom, aby TN Logistica mohla pracova\u0165 efekt\u00edvne, rozv\u00edja\u0165 nov\u00e9 rie\u0161enia a zvy\u0161ova\u0165 pracovn\u00fa efekt\u00edvnos\u0165 za \u00fa\u010delom uspokojenia personalizovan\u00fdch po\u017eiadaviek klientely.<\/p>\n<p>[\/et_pb_text][et_pb_text _builder_version=&#8220;4.10.8&#8243; _module_preset=&#8220;default&#8220; header_3_text_color=&#8220;#FFFFFF&#8220; header_3_font_size=&#8220;25px&#8220; custom_margin=&#8220;49px||||false|false&#8220; custom_padding=&#8220;49px||||false|false&#8220; animation_style=&#8220;fade&#8220; custom_css_main_element=&#8220;padding:0px;&#8220; custom_css_after=&#8220;    content: &#8220;;||    width: 50px;||    height: 1px;||    background: red;||    display: block;||    margin-top: 9px;||    margin-bottom: 9px;&#8220; border_color_all=&#8220;#FFFFFF&#8220; border_width_top=&#8220;1px&#8220; border_color_top=&#8220;rgba(204,204,204,0.21)&#8220; global_colors_info=&#8220;{}&#8220;]<\/p>\n<h3>&#8230; o skupine Gruppo Torello<\/h3>\n<p>[\/et_pb_text][et_pb_text _builder_version=&#8220;4.10.8&#8243; _module_preset=&#8220;default&#8220; text_text_color=&#8220;#FFFFFF&#8220; animation_style=&#8220;slide&#8220; animation_direction=&#8220;top&#8220; animation_delay=&#8220;250ms&#8220; animation_intensity_slide=&#8220;2%&#8220; global_colors_info=&#8220;{}&#8220;]<\/p>\n<p>Logistick\u00e9 smernice s\u00fa zostaven\u00e9 skupinou Gruppo Torello, ktor\u00e1 kontroluje riadenie tokov v celej Eur\u00f3pe. Organiz\u00e1cia a\u00a0logistick\u00e1 superv\u00edzia v\u00a0Torello prispievaj\u00fa k\u00a0uspokojeniu v\u0161etk\u00fdch po\u017eiadaviek a\u00a0potrieb z\u00e1kazn\u00edkov.<\/p>\n<p>[\/et_pb_text][\/et_pb_column][et_pb_column type=&#8220;1_2&#8243; _builder_version=&#8220;4.10.8&#8243; _module_preset=&#8220;default&#8220; global_colors_info=&#8220;{}&#8220;][et_pb_code _builder_version=&#8220;4.13.0&#8243; _module_preset=&#8220;default&#8220; global_colors_info=&#8220;{}&#8220;]<iframe loading=\"lazy\" width=\"560\" height=\"500\" src=\"https:\/\/www.youtube.com\/embed\/C-51Wq-O4mE\" title=\"YouTube video player\" frameborder=\"0\" allow=\"accelerometer; autoplay; clipboard-write; encrypted-media; gyroscope; picture-in-picture\" allowfullscreen><\/iframe>[\/et_pb_code][\/et_pb_column][\/et_pb_row][\/et_pb_section]<\/p>\n","protected":false},"excerpt":{"rendered":"<p>Organizovanie prepravy, v\u00fdvoj a monitorovanie partnership-uOd prevzatia prepravovan\u00e9ho n\u00e1kladu TN Logistica\u00a0posudzuje \u010das, typ tovaru a\u00a0vzdialenosti\u00a0a\u00a0ur\u010duje najvhodnej\u0161\u00ed prostriedok a\u00a0trasu tak, aby minimalizovala dopad na \u017eivotn\u00e9 prostredie a\u00a0zni\u017eovala n\u00e1klady. Organiz\u00e1cia zostaven\u00e1 sp\u00f4sobom tak, aby poskytovala \u010do najlep\u0161ie slu\u017eby a\u00a0flexibilitu, spolu s\u00a0obvyklou spo\u013eahlivos\u0165ou\u00a0garantovanej prepravy v\u00a0s\u00falade s\u00a0celou skupinou Gruppo Torello.Cestn\u00e1 preprava do jedin\u00e9ho cie\u013ea, alebo do viacer\u00fdch cie\u013eov pre [&hellip;]<\/p>\n","protected":false},"author":1,"featured_media":0,"parent":0,"menu_order":0,"comment_status":"closed","ping_status":"closed","template":"","meta":{"_et_pb_use_builder":"on","_et_pb_old_content":"","_et_gb_content_width":"","footnotes":""},"class_list":["post-638","page","type-page","status-publish","hentry"],"_links":{"self":[{"href":"https:\/\/tnlogistica.com\/sk\/wp-json\/wp\/v2\/pages\/638","targetHints":{"allow":["GET"]}}],"collection":[{"href":"https:\/\/tnlogistica.com\/sk\/wp-json\/wp\/v2\/pages"}],"about":[{"href":"https:\/\/tnlogistica.com\/sk\/wp-json\/wp\/v2\/types\/page"}],"author":[{"embeddable":true,"href":"https:\/\/tnlogistica.com\/sk\/wp-json\/wp\/v2\/users\/1"}],"replies":[{"embeddable":true,"href":"https:\/\/tnlogistica.com\/sk\/wp-json\/wp\/v2\/comments?post=638"}],"version-history":[{"count":16,"href":"https:\/\/tnlogistica.com\/sk\/wp-json\/wp\/v2\/pages\/638\/revisions"}],"predecessor-version":[{"id":1329,"href":"https:\/\/tnlogistica.com\/sk\/wp-json\/wp\/v2\/pages\/638\/revisions\/1329"}],"wp:attachment":[{"href":"https:\/\/tnlogistica.com\/sk\/wp-json\/wp\/v2\/media?parent=638"}],"curies":[{"name":"wp","href":"https:\/\/api.w.org\/{rel}","templated":true}]}}