{"id":629,"date":"2021-10-25T13:23:02","date_gmt":"2021-10-25T13:23:02","guid":{"rendered":"https:\/\/tnlogistica.com\/udrzatelnost\/"},"modified":"2024-04-23T14:49:38","modified_gmt":"2024-04-23T14:49:38","slug":"udrzatelnost","status":"publish","type":"page","link":"https:\/\/tnlogistica.com\/sk\/udrzatelnost\/","title":{"rendered":"Udr\u017eate\u013enos\u0165"},"content":{"rendered":"<p>[et_pb_section fb_built=&#8220;1&#8243; _builder_version=&#8220;4.16&#8243; _module_preset=&#8220;default&#8220; background_image=&#8220;https:\/\/tnlogistica.com\/wp-content\/uploads\/2021\/11\/tnlogistica-sostenibilita-1.jpg&#8220; min_height=&#8220;327px&#8220; height=&#8220;100vh&#8220; max_height=&#8220;600px&#8220; background_last_edited=&#8220;on|phone&#8220; background_position_phone=&#8220;center&#8220; locked=&#8220;off&#8220; global_colors_info=&#8220;{}&#8220;][et_pb_row _builder_version=&#8220;4.16&#8243; _module_preset=&#8220;default&#8220; global_colors_info=&#8220;{}&#8220;][et_pb_column type=&#8220;4_4&#8243; _builder_version=&#8220;4.16&#8243; _module_preset=&#8220;default&#8220; global_colors_info=&#8220;{}&#8220;][\/et_pb_column][\/et_pb_row][\/et_pb_section][et_pb_section fb_built=&#8220;1&#8243; custom_padding_last_edited=&#8220;on|phone&#8220; _builder_version=&#8220;4.16&#8243; _module_preset=&#8220;default&#8220; custom_padding=&#8220;100px||100px||false|false&#8220; custom_padding_tablet=&#8220;80px||80px||false|false&#8220; custom_padding_phone=&#8220;60px||60px||false|false&#8220; locked=&#8220;off&#8220; global_colors_info=&#8220;{}&#8220;][et_pb_row column_structure=&#8220;2_3,1_3&#8243; gutter_width=&#8220;3&#8243; _builder_version=&#8220;4.16&#8243; _module_preset=&#8220;default&#8220; global_colors_info=&#8220;{}&#8220; custom_css_main_element_last_edited=&#8220;on|phone&#8220; custom_css_main_element_tablet=&#8220;display: flex;||align-items: center;||flex-direction: column;&#8220; custom_css_main_element_phone=&#8220;display: flex;||align-items: center;||flex-direction: column;&#8220;][et_pb_column type=&#8220;2_3&#8243; _builder_version=&#8220;4.16&#8243; _module_preset=&#8220;default&#8220; global_colors_info=&#8220;{}&#8220;][et_pb_text _builder_version=&#8220;4.16&#8243; _module_preset=&#8220;default&#8220; header_font_size=&#8220;32px&#8220; header_line_height=&#8220;1.2em&#8220; header_3_text_color=&#8220;#FFFFFF&#8220; header_3_font_size=&#8220;25px&#8220; max_width=&#8220;80%&#8220; max_width_tablet=&#8220;90%&#8220; max_width_phone=&#8220;100%&#8220; max_width_last_edited=&#8220;on|phone&#8220; animation_style=&#8220;fade&#8220; header_font_size_tablet=&#8220;28px&#8220; header_font_size_phone=&#8220;24px&#8220; header_font_size_last_edited=&#8220;on|phone&#8220; custom_css_main_element=&#8220;padding:0px;&#8220; custom_css_after=&#8220;    content: &#8220;;||    width: 50px;||    height: 1px;||    background: red;||    display: block;||    margin-top: 9px;||    margin-bottom: 9px;&#8220; global_colors_info=&#8220;{}&#8220;]<\/p>\n<h1>Akt\u00edvna a spolupracuj\u00faca. Flexibiln\u00e1 a svedomit\u00e1<\/h1>\n<p>[\/et_pb_text][et_pb_text _builder_version=&#8220;4.16&#8243; _module_preset=&#8220;default&#8220; animation_style=&#8220;slide&#8220; animation_direction=&#8220;top&#8220; animation_delay=&#8220;250ms&#8220; animation_intensity_slide=&#8220;2%&#8220; global_colors_info=&#8220;{}&#8220;]<\/p>\n<div class=\"wpb_text_column wpb_content_element \">\n<div class=\"wpb_wrapper\">\n<p>Trh vytv\u00e1ra tlak, nevyhnutne nasmerovan\u00fd na \u201eudr\u017eate\u013enos\u0165\u201c, podporovan\u00fd klientelou, ktor\u00e1 sa \u010d\u00edm \u010falej viac zameriava na projekty zodpovedn\u00e9ho riadenia.<\/p>\n<p>V tomto zmysle prich\u00e1dzaj\u00fa siln\u00e9 povzbudenia zo strany trhu, ktor\u00fd za\u010dal vybera\u0165 logistick\u00fdch pracovn\u00edkov maj\u00facich na srdci \u017eivotn\u00e9 prostredie. A\u00a0nielen to.<\/p>\n<p>Rozvoj v lok\u00e1lnom priestore, pozornos\u0165 vo\u010di aspektom \u017eivotn\u00e9ho prostredia a vo\u010di politike prepravy, rast v profesijnej a \u013eudskej sf\u00e9re sprev\u00e1dzaj\u00fa\u00a0<b>udr\u017eate\u013en\u00fd rast\u00a0<\/b>spolo\u010dnosti TN Logistica.<\/p>\n<\/div>\n<\/div>\n<p>[\/et_pb_text][et_pb_text _builder_version=&#8220;4.16&#8243; _module_preset=&#8220;default&#8220; header_font_size=&#8220;32px&#8220; header_line_height=&#8220;1.2em&#8220; header_2_font_size=&#8220;32px&#8220; header_2_line_height=&#8220;1.2em&#8220; header_3_text_color=&#8220;#FFFFFF&#8220; header_3_font_size=&#8220;25px&#8220; max_width=&#8220;80%&#8220; max_width_tablet=&#8220;90%&#8220; max_width_phone=&#8220;100%&#8220; max_width_last_edited=&#8220;on|phone&#8220; animation_style=&#8220;fade&#8220; header_font_size_tablet=&#8220;28px&#8220; header_font_size_phone=&#8220;24px&#8220; header_font_size_last_edited=&#8220;on|phone&#8220; header_2_font_size_tablet=&#8220;28px&#8220; header_2_font_size_phone=&#8220;24px&#8220; header_2_font_size_last_edited=&#8220;on|phone&#8220; custom_css_main_element=&#8220;padding:0px;&#8220; custom_css_after=&#8220;    content: &#8220;;||    width: 50px;||    height: 1px;||    background: red;||    display: block;||    margin-top: 9px;||    margin-bottom: 9px;&#8220; global_colors_info=&#8220;{}&#8220;]<\/p>\n<h2>Zodpovedn\u00e1 preprava<\/h2>\n<p>[\/et_pb_text][et_pb_text _builder_version=&#8220;4.16&#8243; _module_preset=&#8220;default&#8220; animation_style=&#8220;slide&#8220; animation_direction=&#8220;top&#8220; animation_delay=&#8220;250ms&#8220; animation_intensity_slide=&#8220;2%&#8220; global_colors_info=&#8220;{}&#8220;]<\/p>\n<p>Sila TN Logistica tkvie v jej schopnosti pon\u00faknu\u0165 klientom slu\u017ebu, ktorej le\u017e\u00ed na srdci \u017eivotn\u00e9 prostredie. \u0160tandardy Torello zameran\u00e9 na\u00a0<b>GLAP\u00a0<\/b>(Green Logistic Automation Platform) \u2013 patent postupu, ktor\u00fd sa t\u00fdka <b>efekt\u00edvnosti logistick\u00e9ho riadenia\u00a0<\/b>tovaru tak, aby sa posilnila kvalita pon\u00fakan\u00fdch slu\u017eieb so st\u00e1le viac \u201ezelen\u00fdm\u201c zrete\u013eom \u2013 to v\u0161etko je ch\u00e1pan\u00e9 ako celok.<\/p>\n<p>Na druhej strane cestn\u00e1 preprava predstavuj\u00fa srdce skupiny Gruppo a tak sa usilujeme zredukova\u0165 stopu na \u017eivotnom prostred\u00ed, generovan\u00fa na\u0161imi aktivitami.<\/p>\n<p>[\/et_pb_text][\/et_pb_column][et_pb_column type=&#8220;1_3&#8243; _builder_version=&#8220;4.16&#8243; _module_preset=&#8220;default&#8220; background_color=&#8220;#f0f0f0&#8243; custom_padding=&#8220;25px|25px|25px|25px|false|false&#8220; custom_padding_tablet=&#8220;35px||35px||false|false&#8220; custom_padding_phone=&#8220;|20px||20px|false|false&#8220; custom_padding_last_edited=&#8220;on|phone&#8220; animation_style=&#8220;slide&#8220; animation_direction=&#8220;bottom&#8220; animation_delay=&#8220;400ms&#8220; animation_intensity_slide=&#8220;5%&#8220; sticky_position_tablet=&#8220;none&#8220; sticky_position_last_edited=&#8220;off|desktop&#8220; border_radii=&#8220;on|15px|15px|15px|15px&#8220; box_shadow_style=&#8220;preset3&#8243; box_shadow_color=&#8220;rgba(0,0,0,0.05)&#8220; global_colors_info=&#8220;{}&#8220;][et_pb_text _builder_version=&#8220;4.16&#8243; _module_preset=&#8220;default&#8220; header_font_size=&#8220;32px&#8220; header_line_height=&#8220;1.2em&#8220; header_2_font_size=&#8220;18px&#8220; header_2_line_height=&#8220;1.2em&#8220; header_3_text_color=&#8220;#FFFFFF&#8220; header_3_font_size=&#8220;25px&#8220; animation_style=&#8220;fade&#8220; header_font_size_tablet=&#8220;28px&#8220; header_font_size_phone=&#8220;24px&#8220; header_font_size_last_edited=&#8220;on|phone&#8220; custom_css_main_element=&#8220;padding:0px;&#8220; custom_css_after=&#8220;    content: &#8220;;||    width: 50px;||    height: 1px;||    background: red;||    display: block;||    margin-top: 9px;||    margin-bottom: 9px;&#8220; global_colors_info=&#8220;{}&#8220;]<\/p>\n<h2>Evnironment\u00e1lny certifik\u00e1t Ralpin<\/h2>\n<p>[\/et_pb_text][et_pb_text _builder_version=&#8220;4.16&#8243; _module_preset=&#8220;default&#8220; animation_style=&#8220;slide&#8220; animation_direction=&#8220;top&#8220; animation_delay=&#8220;250ms&#8220; animation_intensity_slide=&#8220;2%&#8220; global_colors_info=&#8220;{}&#8220;]<\/p>\n<p>TN Logistica poskytuje \u00fadaje o\u00a0f\u00e1zach prepravy, \u010dim d\u00e1va konkr\u00e9tne odpovede. Kvalita vyjadren\u00e1 z\u00edskan\u00fdmi certifik\u00e1tmi je neodmyslite\u013en\u00fdm n\u00e1strojom pre zvy\u0161ovanie hodnoty.<\/p>\n<p>[\/et_pb_text][et_pb_button button_url=&#8220;https:\/\/tnlogistica.com\/wp-content\/uploads\/2023\/06\/TN-Logistica-SK_Environmental-certificate_2022.pdf&#8220; url_new_window=&#8220;on&#8220; button_text=&#8220;Environment\u00e1lny certifik\u00e1t&#8220; _builder_version=&#8220;4.25.0&#8243; _module_preset=&#8220;default&#8220; custom_button=&#8220;on&#8220; button_text_size=&#8220;18px&#8220; button_text_color=&#8220;#FFFFFF&#8220; button_bg_color=&#8220;#e30513&#8243; button_border_width=&#8220;0px&#8220; button_border_radius=&#8220;0px&#8220; hover_enabled=&#8220;0&#8243; button_text_size_tablet=&#8220;17px&#8220; button_text_size_phone=&#8220;16px&#8220; button_text_size_last_edited=&#8220;on|phone&#8220; global_colors_info=&#8220;{}&#8220; button_bg_color__hover_enabled=&#8220;on|desktop&#8220; button_bg_color__hover=&#8220;#000000&#8243; button_bg_enable_color__hover=&#8220;on&#8220; sticky_enabled=&#8220;0&#8243;][\/et_pb_button][\/et_pb_column][\/et_pb_row][\/et_pb_section][et_pb_section fb_built=&#8220;1&#8243; custom_padding_last_edited=&#8220;on|phone&#8220; _builder_version=&#8220;4.16&#8243; _module_preset=&#8220;default&#8220; background_color=&#8220;#333333&#8243; custom_padding=&#8220;100px||100px||false|false&#8220; custom_padding_tablet=&#8220;80px||80px||false|false&#8220; custom_padding_phone=&#8220;60px||60px||false|false&#8220; locked=&#8220;off&#8220; global_colors_info=&#8220;{}&#8220;][et_pb_row column_structure=&#8220;1_2,1_2&#8243; gutter_width=&#8220;3&#8243; _builder_version=&#8220;4.16&#8243; _module_preset=&#8220;default&#8220; custom_padding=&#8220;0px||0px|||&#8220; custom_css_main_element=&#8220;display:flex;||align-items: center;&#8220; global_colors_info=&#8220;{}&#8220; custom_css_main_element_last_edited=&#8220;on|phone&#8220; custom_css_main_element_tablet=&#8220;display:flex;||flex-direction: column;&#8220; custom_css_main_element_phone=&#8220;display:flex;||flex-direction: column;&#8220;][et_pb_column type=&#8220;1_2&#8243; _builder_version=&#8220;4.16&#8243; _module_preset=&#8220;default&#8220; global_colors_info=&#8220;{}&#8220;][et_pb_text _builder_version=&#8220;4.16&#8243; _module_preset=&#8220;default&#8220; header_3_text_color=&#8220;#FFFFFF&#8220; header_3_font_size=&#8220;25px&#8220; animation_style=&#8220;fade&#8220; custom_css_main_element=&#8220;padding:0px;&#8220; custom_css_after=&#8220;    content: &#8220;;||    width: 50px;||    height: 1px;||    background: red;||    display: block;||    margin-top: 9px;||    margin-bottom: 9px;&#8220; global_colors_info=&#8220;{}&#8220;]<\/p>\n<h3>Minimalizova\u0165 dopad na \u017eivotn\u00e9 prostredie<\/h3>\n<p>[\/et_pb_text][et_pb_text _builder_version=&#8220;4.16&#8243; _module_preset=&#8220;default&#8220; text_text_color=&#8220;#FFFFFF&#8220; animation_style=&#8220;slide&#8220; animation_direction=&#8220;top&#8220; animation_delay=&#8220;250ms&#8220; animation_intensity_slide=&#8220;2%&#8220; global_colors_info=&#8220;{}&#8220;]<\/p>\n<p>Zn\u00ed\u017eenie zne\u010dis\u0165uj\u00facich emisi\u00ed charakterizuje v\u0161etky projekty v oblasti logistiky spolo\u010dnosti TN Logistica. Prijali sme v\u0161etky dostupn\u00e9 opatrenia v logistike prepravy, aby sme zn\u00ed\u017eili zne\u010dis\u0165ovanie \u017eivotn\u00e9ho prostredia.<\/p>\n<p>[\/et_pb_text][et_pb_blurb use_icon=&#8220;on&#8220; font_icon=&#8220;&#x5a;||divi||400&#8243; icon_color=&#8220;#E02B20&#8243; icon_placement=&#8220;left&#8220; image_icon_width=&#8220;22px&#8220; _builder_version=&#8220;4.16&#8243; _module_preset=&#8220;default&#8220; body_text_color=&#8220;#FFFFFF&#8220; custom_margin=&#8220;||8px||false|false&#8220; icon_font_size=&#8220;22px&#8220; global_colors_info=&#8220;{}&#8220;]<\/p>\n<p>N\u00e1kup a pou\u017e\u00edvanie vozidiel s n\u00edzkym dopadom na \u017eivotn\u00e9 prostredie;<\/p>\n<p>[\/et_pb_blurb][et_pb_blurb use_icon=&#8220;on&#8220; font_icon=&#8220;&#x5a;||divi||400&#8243; icon_color=&#8220;#E02B20&#8243; icon_placement=&#8220;left&#8220; image_icon_width=&#8220;22px&#8220; _builder_version=&#8220;4.16&#8243; _module_preset=&#8220;default&#8220; body_text_color=&#8220;#FFFFFF&#8220; custom_margin=&#8220;||8px||false|false&#8220; icon_font_size=&#8220;22px&#8220; global_colors_info=&#8220;{}&#8220;]<\/p>\n<p>Zvy\u0161ovanie efekt\u00edvnosti v oblasti prepravovan\u00fdch n\u00e1kladov;<\/p>\n<p>[\/et_pb_blurb][et_pb_blurb use_icon=&#8220;on&#8220; font_icon=&#8220;&#x5a;||divi||400&#8243; icon_color=&#8220;#E02B20&#8243; icon_placement=&#8220;left&#8220; image_icon_width=&#8220;22px&#8220; _builder_version=&#8220;4.16&#8243; _module_preset=&#8220;default&#8220; body_text_color=&#8220;#FFFFFF&#8220; custom_margin=&#8220;||8px||false|false&#8220; icon_font_size=&#8220;22px&#8220; global_colors_info=&#8220;{}&#8220;]<\/p>\n<p>Presadzovanie syst\u00e9mu ekologick\u00e9ho jazdenia (eco-drive);<\/p>\n<p>[\/et_pb_blurb][et_pb_blurb use_icon=&#8220;on&#8220; font_icon=&#8220;&#x5a;||divi||400&#8243; icon_color=&#8220;#E02B20&#8243; icon_placement=&#8220;left&#8220; image_icon_width=&#8220;22px&#8220; _builder_version=&#8220;4.16&#8243; _module_preset=&#8220;default&#8220; body_text_color=&#8220;#FFFFFF&#8220; custom_margin=&#8220;||8px||false|false&#8220; icon_font_size=&#8220;22px&#8220; global_colors_info=&#8220;{}&#8220;]<\/p>\n<p>Presadzovanie intermodality.<\/p>\n<p>[\/et_pb_blurb][\/et_pb_column][et_pb_column type=&#8220;1_2&#8243; _builder_version=&#8220;4.16&#8243; _module_preset=&#8220;default&#8220; global_colors_info=&#8220;{}&#8220;]<\/p>\n<p>[et_pb_video src=&#8220;https:\/\/www.youtube.com\/watch?v=7SBOjiBqduo&amp;ab_channel=Torello&#8220; _builder_version=&#8220;4.10.8&#8243; _module_preset=&#8220;default&#8220; animation_style=&#8220;slide&#8220; animation_direction=&#8220;right&#8220; animation_delay=&#8220;450ms&#8220; animation_intensity_slide=&#8220;2%&#8220; hover_enabled=&#8220;0&#8243; global_colors_info=&#8220;{}&#8220; sticky_enabled=&#8220;0&#8243;][\/et_pb_video]<\/p>\n<p>[\/et_pb_column][\/et_pb_row][\/et_pb_section]<\/p>\n","protected":false},"excerpt":{"rendered":"<p>Akt\u00edvna a spolupracuj\u00faca. Flexibiln\u00e1 a svedomit\u00e1 Trh vytv\u00e1ra tlak, nevyhnutne nasmerovan\u00fd na \u201eudr\u017eate\u013enos\u0165\u201c, podporovan\u00fd klientelou, ktor\u00e1 sa \u010d\u00edm \u010falej viac zameriava na projekty zodpovedn\u00e9ho riadenia. V tomto zmysle prich\u00e1dzaj\u00fa siln\u00e9 povzbudenia zo strany trhu, ktor\u00fd za\u010dal vybera\u0165 logistick\u00fdch pracovn\u00edkov maj\u00facich na srdci \u017eivotn\u00e9 prostredie. A\u00a0nielen to. Rozvoj v lok\u00e1lnom priestore, pozornos\u0165 vo\u010di aspektom \u017eivotn\u00e9ho prostredia [&hellip;]<\/p>\n","protected":false},"author":1,"featured_media":0,"parent":0,"menu_order":0,"comment_status":"closed","ping_status":"closed","template":"","meta":{"_et_pb_use_builder":"on","_et_pb_old_content":"","_et_gb_content_width":"","footnotes":""},"class_list":["post-629","page","type-page","status-publish","hentry"],"_links":{"self":[{"href":"https:\/\/tnlogistica.com\/sk\/wp-json\/wp\/v2\/pages\/629","targetHints":{"allow":["GET"]}}],"collection":[{"href":"https:\/\/tnlogistica.com\/sk\/wp-json\/wp\/v2\/pages"}],"about":[{"href":"https:\/\/tnlogistica.com\/sk\/wp-json\/wp\/v2\/types\/page"}],"author":[{"embeddable":true,"href":"https:\/\/tnlogistica.com\/sk\/wp-json\/wp\/v2\/users\/1"}],"replies":[{"embeddable":true,"href":"https:\/\/tnlogistica.com\/sk\/wp-json\/wp\/v2\/comments?post=629"}],"version-history":[{"count":14,"href":"https:\/\/tnlogistica.com\/sk\/wp-json\/wp\/v2\/pages\/629\/revisions"}],"predecessor-version":[{"id":1922,"href":"https:\/\/tnlogistica.com\/sk\/wp-json\/wp\/v2\/pages\/629\/revisions\/1922"}],"wp:attachment":[{"href":"https:\/\/tnlogistica.com\/sk\/wp-json\/wp\/v2\/media?parent=629"}],"curies":[{"name":"wp","href":"https:\/\/api.w.org\/{rel}","templated":true}]}}