{"id":936,"date":"2021-11-09T10:47:04","date_gmt":"2021-11-09T10:47:04","guid":{"rendered":"https:\/\/tnlogistica.com\/home\/"},"modified":"2024-05-14T09:21:29","modified_gmt":"2024-05-14T09:21:29","slug":"home","status":"publish","type":"page","link":"https:\/\/tnlogistica.com\/ro\/","title":{"rendered":"Home"},"content":{"rendered":"<p>[et_pb_section fb_built=&#8221;1&#8243; _builder_version=&#8221;4.16&#8243; _module_preset=&#8221;default&#8221; background_image=&#8221;https:\/\/tnlogistica.com\/wp-content\/uploads\/2021\/11\/tnlogistica-homepage-2-1.jpg&#8221; min_height=&#8221;327px&#8221; height=&#8221;100vh&#8221; max_height=&#8221;600px&#8221; global_colors_info=&#8221;{}&#8221;][et_pb_row _builder_version=&#8221;4.16&#8243; _module_preset=&#8221;default&#8221; global_colors_info=&#8221;{}&#8221;][et_pb_column type=&#8221;4_4&#8243; _builder_version=&#8221;4.16&#8243; _module_preset=&#8221;default&#8221; global_colors_info=&#8221;{}&#8221;][\/et_pb_column][\/et_pb_row][\/et_pb_section][et_pb_section fb_built=&#8221;1&#8243; custom_padding_last_edited=&#8221;on|phone&#8221; _builder_version=&#8221;4.16&#8243; _module_preset=&#8221;default&#8221; custom_padding=&#8221;100px||100px||false|false&#8221; custom_padding_tablet=&#8221;80px||80px||false|false&#8221; custom_padding_phone=&#8221;60px||60px||false|false&#8221; global_colors_info=&#8221;{}&#8221;][et_pb_row column_structure=&#8221;1_2,1_2&#8243; _builder_version=&#8221;4.16&#8243; _module_preset=&#8221;default&#8221; custom_padding=&#8221;0px||0px|||&#8221; global_colors_info=&#8221;{}&#8221;][et_pb_column type=&#8221;1_2&#8243; _builder_version=&#8221;4.16&#8243; _module_preset=&#8221;default&#8221; global_colors_info=&#8221;{}&#8221;][et_pb_code _builder_version=&#8221;4.16&#8243; _module_preset=&#8221;default&#8221; global_colors_info=&#8221;{}&#8221;]<\/p>\n<div class=\"section_link_wrapper\"><!-- [et_pb_line_break_holder] --><\/p>\n<div class=\"element_card\"><!-- [et_pb_line_break_holder] --><\/p>\n<h3>TN Logistica<\/h3>\n<p><!-- [et_pb_line_break_holder] --> <img decoding=\"async\" src=\"https:\/\/tnlogistica.com\/wp-content\/uploads\/2021\/11\/logisticastaff.jpg\" \/><!-- [et_pb_line_break_holder] -->\n<pee>TN Logistica, n\u0103scut\u0103 pentru a opera \u00een sinergie cu fluxurile din Grupul Torello, reprezint\u0103 solu\u021bia pentru pia\u021ba european\u0103 pentru c\u0103 reune\u0219te competen\u021bele la nivel local si interna\u021bional.<\/pee>\n<!-- [et_pb_line_break_holder] --> <a href=\"https:\/\/tnlogistica.com\/ro\/societate\/\">Detalii suplimentare <\/a><!-- [et_pb_line_break_holder] --><\/div>\n<p><!-- [et_pb_line_break_holder] --><\/p>\n<div class=\"element_card\"><!-- [et_pb_line_break_holder] --><\/p>\n<h3>Transporturi<\/h3>\n<p><!-- [et_pb_line_break_holder] --> <img decoding=\"async\" src=\"https:\/\/tnlogistica.com\/wp-content\/uploads\/2021\/11\/trasporti-tnlogistica-1.jpg\" \/><!-- [et_pb_line_break_holder] -->\n<pee>TN Logistics SK are un core business \u00een consultan\u021b\u0103 \u0219i organizarea transportului pe strad\u0103 cu raz\u0103 lung\u0103 pentru \u00eenc\u0103rc\u0103turile\u00a0complete, par\u021biale \u0219i groupage.<\/pee>\n\u00a0<a href=\"https:\/\/tnlogistica.com\/ro\/transport-rutier\/\">Detalii suplimentare<br \/>\n<\/a>\u00a0 \u00a0 \u00a0<\/div>\n<p><!-- [et_pb_line_break_holder] --><\/div>\n<p>[\/et_pb_code][\/et_pb_column][et_pb_column type=&#8221;1_2&#8243; _builder_version=&#8221;4.16&#8243; _module_preset=&#8221;default&#8221; global_colors_info=&#8221;{}&#8221;][et_pb_code _builder_version=&#8221;4.16&#8243; _module_preset=&#8221;default&#8221; background_color=&#8221;#89ce68&#8243; custom_padding=&#8221;22px|22px|22px|22px|false|false&#8221; global_colors_info=&#8221;{}&#8221;]<\/p>\n<div class=\"section_green_wrapper\"><!-- [et_pb_line_break_holder] --><\/p>\n<div class=\"element_green\"><!-- [et_pb_line_break_holder] --><\/p>\n<div><!-- [et_pb_line_break_holder] --><\/p>\n<h3>Sustenabilitate \u0219i dezvoltare<\/h3>\n<p><!-- [et_pb_line_break_holder] --><\/div>\n<p><!-- [et_pb_line_break_holder] --> <img decoding=\"async\" src=\"https:\/\/tnlogistica.com\/wp-content\/uploads\/2021\/11\/tnlogistica-ro.png\" \/><!-- [et_pb_line_break_holder] --><\/p>\n<div class=\"green__grid\"><!-- [et_pb_line_break_holder] --><\/p>\n<div><!-- [et_pb_line_break_holder] -->\n<pee>Puterea lui TN logistic SK este capacitatea de a propune clien\u021bilor <strong>un serviciu in care mediul \u00eenconjur\u0103tor este \u00een centrul aten\u021biei<\/strong>. Standardele Torello inspirate de planul de cercetare-dezvoltare sunt transpuse integral. <!\u2013- [et_pb_br_holder] -\u2013><!-- [et_pb_line_break_holder] --><\/pee>\n<!-- [et_pb_line_break_holder] --><\/div>\n<p><!-- [et_pb_line_break_holder] --><\/p>\n<div class=\"grid__right\"><!-- [et_pb_line_break_holder] --><\/p>\n<div><span class=\"grid_child1\">24.499.604 kg<\/span><!-- [et_pb_line_break_holder] --><span class=\"grid_child2\">CO2 economisit p\u00e2n\u0103 \u00een decembrie 2023<\/span><\/div>\n<p><!-- [et_pb_line_break_holder] --><span class=\"grid_child3\">*Date consolidate<\/span><!-- [et_pb_line_break_holder] --><a href=\"https:\/\/tnlogistica.com\/ro\/sustenabilitate\/\">Detalii suplimentare<\/a><!-- [et_pb_line_break_holder] --><\/div>\n<p><!-- [et_pb_line_break_holder] --><\/div>\n<p><!-- [et_pb_line_break_holder] --><\/div>\n<p><!-- [et_pb_line_break_holder] --><\/div>\n<p>[\/et_pb_code][\/et_pb_column][\/et_pb_row][\/et_pb_section][et_pb_section fb_built=&#8221;1&#8243; custom_padding_last_edited=&#8221;on|phone&#8221; _builder_version=&#8221;4.16&#8243; _module_preset=&#8221;default&#8221; background_color=&#8221;#333333&#8243; custom_padding=&#8221;100px||100px||false|false&#8221; custom_padding_tablet=&#8221;80px||80px||false|false&#8221; custom_padding_phone=&#8221;60px||60px||false|false&#8221; global_colors_info=&#8221;{}&#8221;][et_pb_row column_structure=&#8221;1_2,1_2&#8243; gutter_width=&#8221;2&#8243; _builder_version=&#8221;4.16&#8243; _module_preset=&#8221;default&#8221; custom_padding=&#8221;0px||0px|||&#8221; custom_css_main_element=&#8221;display:flex;||align-items: center;&#8221; global_colors_info=&#8221;{}&#8221; custom_css_main_element_last_edited=&#8221;on|phone&#8221; custom_css_main_element_tablet=&#8221;display:flex;||flex-direction: column;&#8221; custom_css_main_element_phone=&#8221;display:flex;||flex-direction: column;&#8221;][et_pb_column type=&#8221;1_2&#8243; _builder_version=&#8221;4.16&#8243; _module_preset=&#8221;default&#8221; global_colors_info=&#8221;{}&#8221;][et_pb_text _builder_version=&#8221;4.16&#8243; _module_preset=&#8221;default&#8221; header_3_text_color=&#8221;#FFFFFF&#8221; header_3_font_size=&#8221;25px&#8221; animation_style=&#8221;fade&#8221; custom_css_main_element=&#8221;padding:0px;&#8221; custom_css_after=&#8221;    content: &#8221;;||    width: 50px;||    height: 1px;||    background: red;||    display: block;||    margin-top: 9px;||    margin-bottom: 9px;&#8221; global_colors_info=&#8221;{}&#8221;]<\/p>\n<h3>Un aliat ideal<\/h3>\n<p>[\/et_pb_text][et_pb_text _builder_version=&#8221;4.16&#8243; _module_preset=&#8221;default&#8221; text_text_color=&#8221;#FFFFFF&#8221; animation_style=&#8221;slide&#8221; animation_direction=&#8221;top&#8221; animation_delay=&#8221;250ms&#8221; animation_intensity_slide=&#8221;2%&#8221; global_colors_info=&#8221;{}&#8221;]<\/p>\n<p><strong>Investi\u021biile \u0219i calitatea serviciilor<\/strong>, combinate cu <strong>re\u021beaua industrial\u0103 local\u0103<\/strong>, au creat condi\u021biile pentru o pozi\u021bionare strategic\u0103. Torello \u00een TN logistic SK a g\u0103sit un <strong>aliat ideal<\/strong>.<\/p>\n<p>Indiferent ce tehnologie, ce nou\u0103 nevoie va ap\u0103rea \u00een viitor, <strong>sunt oamenii cu valorile lor care conduc serviciile<\/strong> pentru a determina succesul lor.<\/p>\n<p>[\/et_pb_text][\/et_pb_column][et_pb_column type=&#8221;1_2&#8243; _builder_version=&#8221;4.16&#8243; _module_preset=&#8221;default&#8221; global_colors_info=&#8221;{}&#8221;][et_pb_code _builder_version=&#8221;4.16&#8243; _module_preset=&#8221;default&#8221; global_colors_info=&#8221;{}&#8221;]<iframe loading=\"lazy\" width=\"560\" height=\"315\" src=\"https:\/\/www.youtube.com\/embed\/-wT6xZAWraY\" title=\"YouTube video player\" frameborder=\"0\" allow=\"accelerometer; autoplay; clipboard-write; encrypted-media; gyroscope; picture-in-picture\" allowfullscreen><\/iframe>[\/et_pb_code][\/et_pb_column][\/et_pb_row][\/et_pb_section][et_pb_section fb_built=&#8221;1&#8243; custom_padding_last_edited=&#8221;on|phone&#8221; _builder_version=&#8221;4.16&#8243; _module_preset=&#8221;default&#8221; background_color=&#8221;rgba(238,238,238,0.68)&#8221; custom_padding=&#8221;25px||25px||false|false&#8221; custom_padding_tablet=&#8221;25px||25px||false|false&#8221; custom_padding_phone=&#8221;60px||60px||false|false&#8221; global_colors_info=&#8221;{}&#8221;][et_pb_row _builder_version=&#8221;4.16&#8243; _module_preset=&#8221;default&#8221; width_phone=&#8221;100%&#8221; custom_padding=&#8221;0px||0px|||&#8221; global_colors_info=&#8221;{}&#8221;][et_pb_column type=&#8221;4_4&#8243; _builder_version=&#8221;4.16&#8243; _module_preset=&#8221;default&#8221; global_colors_info=&#8221;{}&#8221;][et_pb_slider arrows_custom_color=&#8221;rgba(0,0,0,0.35)&#8221; dot_nav_custom_color=&#8221;rgba(0,0,0,0.46)&#8221; module_class=&#8221;spider__element&#8221; _builder_version=&#8221;4.16&#8243; _module_preset=&#8221;default&#8221; auto=&#8221;on&#8221; auto_speed=&#8221;3000&#8243; custom_css_slide_description=&#8221;box-shadow: none !important;&#8221; global_colors_info=&#8221;{}&#8221;][et_pb_slide image=&#8221;https:\/\/tnlogistica.com\/wp-content\/uploads\/2021\/09\/IMG_6877-2.jpg&#8221; _builder_version=&#8221;4.16&#8243; _module_preset=&#8221;default&#8221; header_level=&#8221;h6&#8243; header_text_color=&#8221;#000000&#8243; body_text_color=&#8221;#666666&#8243; background_enable_color=&#8221;off&#8221; global_colors_info=&#8221;{}&#8221; sticky_transition=&#8221;on&#8221;]<\/p>\n<p>Facem diferen\u021ba prin intermediul lan\u021bului nostru de aprovizionare integrat, experien\u021ba noastr\u0103 \u00een domeniul conducerii, organiza\u021bia noastr\u0103 la scar\u0103 european\u0103<\/p>\n<h6>Roman Marcinka<\/h6>\n<p>Import\/Export Manager<\/p>\n<p>[\/et_pb_slide][et_pb_slide image=&#8221;https:\/\/tnlogistica.com\/wp-content\/uploads\/2021\/09\/IMG_7034-2.jpg&#8221; _builder_version=&#8221;4.16&#8243; _module_preset=&#8221;default&#8221; header_level=&#8221;h6&#8243; header_text_color=&#8221;#000000&#8243; body_text_color=&#8221;#666666&#8243; background_enable_color=&#8221;off&#8221; global_colors_info=&#8221;{}&#8221; sticky_transition=&#8221;on&#8221;]<\/p>\n<p>Societ\u0103\u021bile trebuie s\u0103 se asigure c\u0103 propriul lan\u021b de aprovizionare este flexibil \u0219i agil a\u0219adar ne-am extins portofoliul de servicii: pentru a ne distingem \u0219i a continua s\u0103 oferim valoare ad\u0103ugat.<\/p>\n<h6>Rocco Loria<\/h6>\n<p>General Manager TN Logistica<\/p>\n<p>[\/et_pb_slide][\/et_pb_slider][\/et_pb_column][\/et_pb_row][\/et_pb_section][et_pb_section fb_built=&#8221;1&#8243; custom_padding_last_edited=&#8221;on|phone&#8221; module_class=&#8221;blog__view__home&#8221; _builder_version=&#8221;4.16&#8243; _module_preset=&#8221;default&#8221; background_enable_color=&#8221;off&#8221; custom_padding=&#8221;100px||100px||false|false&#8221; custom_padding_tablet=&#8221;80px||80px||false|false&#8221; custom_padding_phone=&#8221;60px||60px||false|false&#8221; global_colors_info=&#8221;{}&#8221;][et_pb_row gutter_width=&#8221;2&#8243; _builder_version=&#8221;4.16&#8243; _module_preset=&#8221;default&#8221; custom_padding=&#8221;||0px|||&#8221; global_colors_info=&#8221;{}&#8221;][et_pb_column type=&#8221;4_4&#8243; _builder_version=&#8221;4.16&#8243; _module_preset=&#8221;default&#8221; global_colors_info=&#8221;{}&#8221;][et_pb_text module_class=&#8221;blog__title__home&#8221; _builder_version=&#8221;4.16&#8243; _module_preset=&#8221;default&#8221; header_3_text_align=&#8221;center&#8221; header_3_font_size=&#8221;32px&#8221; header_3_font_size_tablet=&#8221;28px&#8221; header_3_font_size_phone=&#8221;24px&#8221; header_3_font_size_last_edited=&#8221;on|phone&#8221; custom_css_before=&#8221;width: 35px;||height: 1px;||content: &#8221;;||display: block;||background: #000;||margin-right:10px;&#8221; custom_css_main_element=&#8221;display:flex;||align-items:center;||padding:0px;||justify-content:center;&#8221; custom_css_after=&#8221;width: 35px;||height: 1px;||content: &#8221;;||display: block;||background: #000;||margin-left:10px;&#8221; global_colors_info=&#8221;{}&#8221;]<\/p>\n<h3>Cele mai recente de pe blog<\/h3>\n<p>[\/et_pb_text][et_pb_blog fullwidth=&#8221;off&#8221; posts_number=&#8221;3&#8243; meta_date=&#8221;j \/ m  \/ y&#8221; excerpt_length=&#8221;120&#8243; show_more=&#8221;on&#8221; show_author=&#8221;off&#8221; show_categories=&#8221;off&#8221; show_pagination=&#8221;off&#8221; module_class=&#8221;home__blog__grid&#8221; _builder_version=&#8221;4.16&#8243; _module_preset=&#8221;default&#8221; header_level=&#8221;h3&#8243; header_font_size=&#8221;22px&#8221; header_line_height=&#8221;1.2em&#8221; custom_margin=&#8221;80px||||false|false&#8221; custom_margin_tablet=&#8221;60px||||false|false&#8221; custom_margin_phone=&#8221;40px||||false|false&#8221; custom_margin_last_edited=&#8221;on|phone&#8221; header_font_size_tablet=&#8221;20px&#8221; header_font_size_phone=&#8221;18px&#8221; header_font_size_last_edited=&#8221;on|phone&#8221; custom_css_read_more=&#8221;margin-top:20px;||display:block;&#8221; border_width_all=&#8221;0px&#8221; global_colors_info=&#8221;{}&#8221;][\/et_pb_blog][\/et_pb_column][\/et_pb_row][et_pb_row _builder_version=&#8221;4.17.3&#8243; _module_preset=&#8221;default&#8221; custom_margin=&#8221;35px||||false|false&#8221; global_colors_info=&#8221;{}&#8221;][et_pb_column type=&#8221;4_4&#8243; _builder_version=&#8221;4.17.3&#8243; _module_preset=&#8221;default&#8221; global_colors_info=&#8221;{}&#8221;][et_pb_text module_class=&#8221;blog__title__home&#8221; _builder_version=&#8221;4.17.3&#8243; _module_preset=&#8221;default&#8221; header_3_text_align=&#8221;center&#8221; header_3_font_size=&#8221;32px&#8221; header_3_font_size_tablet=&#8221;28px&#8221; header_3_font_size_phone=&#8221;24px&#8221; header_3_font_size_last_edited=&#8221;on|phone&#8221; custom_css_before=&#8221;width: 35px;||height: 1px;||content: &#8221;;||display: block;||background: #000;||margin-right:10px;&#8221; custom_css_main_element=&#8221;display:flex;||align-items:center;||padding:0px;||justify-content:center;&#8221; custom_css_after=&#8221;width: 35px;||height: 1px;||content: &#8221;;||display: block;||background: #000;||margin-left:10px;&#8221; global_colors_info=&#8221;{}&#8221;]<\/p>\n<h3><span>Cele mai recente videoclipuri<\/span><\/h3>\n<p>[\/et_pb_text][et_pb_code _builder_version=&#8221;4.17.3&#8243; _module_preset=&#8221;default&#8221; custom_margin=&#8221;80px||||false|false&#8221; global_colors_info=&#8221;{}&#8221;]<div class=\"video_main_wrapper\">\n        <div class=\"video_card_wrapper\">\n            <div class=\"video_frame_wrapper\">\n                <iframe loading=\"lazy\" width=\"560\" height=\"315\" src=\"https:\/\/www.youtube.com\/embed\/3j6NrEzSb8s\" title=\"YouTube video player\" frameborder=\"0\" allow=\"accelerometer; autoplay; clipboard-write; encrypted-media; gyroscope; picture-in-picture\" allowfullscreen><\/iframe>            <\/div>\n            <div class=\"video_text_wrapper\">\n                <h3>Sunt TN Trucker &#8211; Raffaele<\/h3>\n                \n<p>Am fost norocos s\u0103 cunosc aceast\u0103 companie, sincer. Este cu adev\u0103rat \u201eca o familie\u201d.<\/p>\n            <\/div>\n        <\/div>\n            <div class=\"video_card_wrapper\">\n            <div class=\"video_frame_wrapper\">\n                <iframe loading=\"lazy\" width=\"560\" height=\"315\" src=\"https:\/\/www.youtube.com\/embed\/_jXX4RIKctU\" title=\"YouTube video player\" frameborder=\"0\" allow=\"accelerometer; autoplay; clipboard-write; encrypted-media; gyroscope; picture-in-picture\" allowfullscreen><\/iframe>            <\/div>\n            <div class=\"video_text_wrapper\">\n                <h3>I\u2019m a TN Trucker \u2013 Anton Gabriel<\/h3>\n                \n<p>I have been working for Torello for 12 years. I chose to be a driver because i liked it since childhood.<\/p>\n            <\/div>\n        <\/div>\n            <div class=\"video_card_wrapper\">\n            <div class=\"video_frame_wrapper\">\n                <iframe loading=\"lazy\" width=\"560\" height=\"315\" src=\"https:\/\/www.youtube.com\/embed\/IuS4KwDKapM\" title=\"YouTube video player\" frameborder=\"0\" allow=\"accelerometer; autoplay; clipboard-write; encrypted-media; gyroscope; picture-in-picture\" allowfullscreen><\/iframe>            <\/div>\n            <div class=\"video_text_wrapper\">\n                <h3>I&#8217;m a TN Trucker \u2013 Aleksandar<\/h3>\n                \n<p>I never thought that I would ever get employed at such good and big company. But, here I am.<\/p>\n            <\/div>\n        <\/div>\n            <div class=\"video_card_wrapper\">\n            <div class=\"video_frame_wrapper\">\n                <iframe loading=\"lazy\" width=\"560\" height=\"315\" src=\"https:\/\/www.youtube.com\/embed\/0PPIQEdY-2U?si=E9F4G-BtTj53Gm-O\" title=\"YouTube video player\" frameborder=\"0\" allow=\"accelerometer; autoplay; clipboard-write; encrypted-media; gyroscope; picture-in-picture; web-share\" referrerpolicy=\"strict-origin-when-cross-origin\" allowfullscreen><\/iframe>            <\/div>\n            <div class=\"video_text_wrapper\">\n                <h3>I&#8217;m a TN Trucker &#8211; Alexandru<\/h3>\n                            <\/div>\n        <\/div>\n            <div class=\"video_card_wrapper\">\n            <div class=\"video_frame_wrapper\">\n                <iframe loading=\"lazy\" width=\"560\" height=\"315\" src=\"https:\/\/www.youtube.com\/embed\/9zvm20KJn-o?si=5gi05vOS9qzJ-Agv\" title=\"YouTube video player\" frameborder=\"0\" allow=\"accelerometer; autoplay; clipboard-write; encrypted-media; gyroscope; picture-in-picture; web-share\" referrerpolicy=\"strict-origin-when-cross-origin\" allowfullscreen><\/iframe>            <\/div>\n            <div class=\"video_text_wrapper\">\n                <h3>I&#8217;m a TN Trucker &#8211; Ivan<\/h3>\n                            <\/div>\n        <\/div>\n            <div class=\"video_card_wrapper\">\n            <div class=\"video_frame_wrapper\">\n                <iframe loading=\"lazy\" width=\"560\" height=\"315\" src=\"https:\/\/www.youtube.com\/embed\/uDVwhCjegX0?si=OI7tPQSmx1umrkVJ\" title=\"YouTube video player\" frameborder=\"0\" allow=\"accelerometer; autoplay; clipboard-write; encrypted-media; gyroscope; picture-in-picture; web-share\" referrerpolicy=\"strict-origin-when-cross-origin\" allowfullscreen><\/iframe>            <\/div>\n            <div class=\"video_text_wrapper\">\n                <h3>I&#8217;m a TN Trucker &#8211; Vladimir<\/h3>\n                            <\/div>\n        <\/div>\n            <div class=\"video_card_wrapper\">\n            <div class=\"video_frame_wrapper\">\n                <iframe loading=\"lazy\" width=\"560\" height=\"315\" src=\"https:\/\/www.youtube.com\/embed\/buETbKxIlj8?si=8FWychFtI7IFohJR\" title=\"YouTube video player\" frameborder=\"0\" allow=\"accelerometer; autoplay; clipboard-write; encrypted-media; gyroscope; picture-in-picture; web-share\" referrerpolicy=\"strict-origin-when-cross-origin\" allowfullscreen><\/iframe>            <\/div>\n            <div class=\"video_text_wrapper\">\n                <h3>I&#8217;m a TN Trucker &#8211; Dumitru<\/h3>\n                            <\/div>\n        <\/div>\n            <div class=\"video_card_wrapper\">\n            <div class=\"video_frame_wrapper\">\n                <iframe loading=\"lazy\" width=\"560\" height=\"315\" src=\"https:\/\/www.youtube.com\/embed\/4tMHKSz8ZtM?si=hgIaJLND6gAD0rtd\" title=\"YouTube video player\" frameborder=\"0\" allow=\"accelerometer; autoplay; clipboard-write; encrypted-media; gyroscope; picture-in-picture; web-share\" referrerpolicy=\"strict-origin-when-cross-origin\" allowfullscreen><\/iframe>            <\/div>\n            <div class=\"video_text_wrapper\">\n                <h3>I&#8217;m a TN Trucker &#8211; Sasa<\/h3>\n                            <\/div>\n        <\/div>\n            <div class=\"video_card_wrapper\">\n            <div class=\"video_frame_wrapper\">\n                <iframe loading=\"lazy\" width=\"560\" height=\"315\" src=\"https:\/\/www.youtube.com\/embed\/uw8netXXm7E?si=8EpSaC1hVl1md9SS\" title=\"YouTube video player\" frameborder=\"0\" allow=\"accelerometer; autoplay; clipboard-write; encrypted-media; gyroscope; picture-in-picture; web-share\" referrerpolicy=\"strict-origin-when-cross-origin\" allowfullscreen><\/iframe>            <\/div>\n            <div class=\"video_text_wrapper\">\n                <h3>I&#8217;m a TN Trucker &#8211; Marius<\/h3>\n                            <\/div>\n        <\/div>\n            <div class=\"video_card_wrapper\">\n            <div class=\"video_frame_wrapper\">\n                <iframe loading=\"lazy\" width=\"560\" height=\"315\" src=\"https:\/\/www.youtube.com\/embed\/EPQCWZHjUmA?si=9HwQqdH_nm8mQaYY\" title=\"YouTube video player\" frameborder=\"0\" allow=\"accelerometer; autoplay; clipboard-write; encrypted-media; gyroscope; picture-in-picture; web-share\" referrerpolicy=\"strict-origin-when-cross-origin\" allowfullscreen><\/iframe>            <\/div>\n            <div class=\"video_text_wrapper\">\n                <h3>I&#8217;m a TN Trucker<\/h3>\n                            <\/div>\n        <\/div>\n            <div class=\"video_card_wrapper\">\n            <div class=\"video_frame_wrapper\">\n                <iframe loading=\"lazy\" width=\"560\" height=\"315\" src=\"https:\/\/www.youtube.com\/embed\/eLzC_PAcdiM?si=9-KjroCAukxeG2OX\" title=\"YouTube video player\" frameborder=\"0\" allow=\"accelerometer; autoplay; clipboard-write; encrypted-media; gyroscope; picture-in-picture; web-share\" referrerpolicy=\"strict-origin-when-cross-origin\" allowfullscreen><\/iframe>            <\/div>\n            <div class=\"video_text_wrapper\">\n                <h3>I&#8217;m a TN Trucker<\/h3>\n                            <\/div>\n        <\/div>\n            <div class=\"video_card_wrapper\">\n            <div class=\"video_frame_wrapper\">\n                <iframe loading=\"lazy\" width=\"560\" height=\"315\" src=\"https:\/\/www.youtube.com\/embed\/2UMaihp4h7c?si=hnshHLMu6VP5SQcY\" title=\"YouTube video player\" frameborder=\"0\" allow=\"accelerometer; autoplay; clipboard-write; encrypted-media; gyroscope; picture-in-picture; web-share\" referrerpolicy=\"strict-origin-when-cross-origin\" allowfullscreen><\/iframe>            <\/div>\n            <div class=\"video_text_wrapper\">\n                <h3>I&#8217;m a TN Trucker<\/h3>\n                            <\/div>\n        <\/div>\n    <\/div>[\/et_pb_code][\/et_pb_column][\/et_pb_row][\/et_pb_section]<\/p>\n","protected":false},"excerpt":{"rendered":"<p>Un aliat idealInvesti\u021biile \u0219i calitatea serviciilor, combinate cu re\u021beaua industrial\u0103 local\u0103, au creat condi\u021biile pentru o pozi\u021bionare strategic\u0103. Torello \u00een TN logistic SK a g\u0103sit un aliat ideal. Indiferent ce tehnologie, ce nou\u0103 nevoie va ap\u0103rea \u00een viitor, sunt oamenii cu valorile lor care conduc serviciile pentru a determina succesul lor.Facem diferen\u021ba prin intermediul lan\u021bului [&hellip;]<\/p>\n","protected":false},"author":1,"featured_media":0,"parent":0,"menu_order":0,"comment_status":"closed","ping_status":"closed","template":"","meta":{"_et_pb_use_builder":"on","_et_pb_old_content":"","_et_gb_content_width":"","footnotes":""},"class_list":["post-936","page","type-page","status-publish","hentry"],"_links":{"self":[{"href":"https:\/\/tnlogistica.com\/ro\/wp-json\/wp\/v2\/pages\/936","targetHints":{"allow":["GET"]}}],"collection":[{"href":"https:\/\/tnlogistica.com\/ro\/wp-json\/wp\/v2\/pages"}],"about":[{"href":"https:\/\/tnlogistica.com\/ro\/wp-json\/wp\/v2\/types\/page"}],"author":[{"embeddable":true,"href":"https:\/\/tnlogistica.com\/ro\/wp-json\/wp\/v2\/users\/1"}],"replies":[{"embeddable":true,"href":"https:\/\/tnlogistica.com\/ro\/wp-json\/wp\/v2\/comments?post=936"}],"version-history":[{"count":33,"href":"https:\/\/tnlogistica.com\/ro\/wp-json\/wp\/v2\/pages\/936\/revisions"}],"predecessor-version":[{"id":2003,"href":"https:\/\/tnlogistica.com\/ro\/wp-json\/wp\/v2\/pages\/936\/revisions\/2003"}],"wp:attachment":[{"href":"https:\/\/tnlogistica.com\/ro\/wp-json\/wp\/v2\/media?parent=936"}],"curies":[{"name":"wp","href":"https:\/\/api.w.org\/{rel}","templated":true}]}}