{"id":915,"date":"2021-11-09T10:15:32","date_gmt":"2021-11-09T10:15:32","guid":{"rendered":"https:\/\/tnlogistica.com\/aplicatie-spontana\/"},"modified":"2021-11-09T10:15:33","modified_gmt":"2021-11-09T10:15:33","slug":"aplicatie-spontana","status":"publish","type":"page","link":"https:\/\/tnlogistica.com\/ro\/aplicatie-spontana\/","title":{"rendered":"Aplicatie spontana"},"content":{"rendered":"<p>[et_pb_section fb_built=&#8221;1&#8243; _builder_version=&#8221;4.10.8&#8243; _module_preset=&#8221;default&#8221; global_colors_info=&#8221;{}&#8221;][et_pb_row _builder_version=&#8221;4.10.8&#8243; _module_preset=&#8221;default&#8221; global_colors_info=&#8221;{}&#8221;][et_pb_column type=&#8221;4_4&#8243; _builder_version=&#8221;4.10.8&#8243; _module_preset=&#8221;default&#8221; global_colors_info=&#8221;{}&#8221;][et_pb_text _builder_version=&#8221;4.10.8&#8243; _module_preset=&#8221;default&#8221; header_font_size=&#8221;32px&#8221; header_line_height=&#8221;1.2em&#8221; header_3_text_color=&#8221;#FFFFFF&#8221; header_3_font_size=&#8221;25px&#8221; max_width=&#8221;80%&#8221; max_width_tablet=&#8221;90%&#8221; max_width_phone=&#8221;100%&#8221; max_width_last_edited=&#8221;on|phone&#8221; animation_style=&#8221;fade&#8221; hover_enabled=&#8221;0&#8243; header_font_size_tablet=&#8221;28px&#8221; header_font_size_phone=&#8221;24px&#8221; header_font_size_last_edited=&#8221;on|phone&#8221; custom_css_main_element=&#8221;padding:0px;&#8221; custom_css_after=&#8221;    content: &#8221;;||    width: 50px;||    height: 1px;||    background: red;||    display: block;||    margin-top: 9px;||    margin-bottom: 9px;&#8221; global_colors_info=&#8221;{}&#8221; locked=&#8221;off&#8221; sticky_enabled=&#8221;0&#8243;]<\/p>\n<h1>Aplicatie spontana<\/h1>\n<p>[\/et_pb_text][et_pb_text _builder_version=&#8221;4.10.8&#8243; _module_preset=&#8221;default&#8221; animation_style=&#8221;slide&#8221; animation_direction=&#8221;top&#8221; animation_delay=&#8221;250ms&#8221; animation_intensity_slide=&#8221;2%&#8221; hover_enabled=&#8221;0&#8243; global_colors_info=&#8221;{}&#8221; locked=&#8221;off&#8221; max_width=&#8221;600px&#8221; sticky_enabled=&#8221;0&#8243;]<\/p>\n<div class=\"cms-fancyboxes-style-1\">\n<div class=\"cms-fancyboxes-body\">\n<div class=\"fancy-content\">\n<p>Nu ai g\u0103sit printre anun\u021burile publicate o propunere \u00een concordan\u021b\u0103 cu profilul t\u0103u? Trimite-ne \u00eens\u0103 cererea ta spontan\u0103, aceasta va fi evaluat\u0103 de recrutorii no\u0219tri. Trimite\u021bi CV-ul dvs.<\/p>\n<\/div>\n<\/div>\n<\/div>\n<p>[\/et_pb_text][et_pb_code _builder_version=&#8221;4.10.8&#8243; _module_preset=&#8221;default&#8221; hover_enabled=&#8221;0&#8243; global_colors_info=&#8221;{}&#8221; sticky_enabled=&#8221;0&#8243; custom_margin=&#8221;50px||||false|false&#8221;]<div class=\"wpforms-container wpforms-container-full\" id=\"wpforms-300\"><form id=\"wpforms-form-300\" class=\"wpforms-validate wpforms-form wpforms-ajax-form\" data-formid=\"300\" method=\"post\" enctype=\"multipart\/form-data\" action=\"\/ro\/wp-json\/wp\/v2\/pages\/915?wpforms_form_id=300\" data-token=\"886d396b8c70c854e2ce7d19de1dc2b3\"><noscript class=\"wpforms-error-noscript\">Please enable JavaScript in your browser to complete this form.<\/noscript><div class=\"wpforms-field-container\"><div id=\"wpforms-300-field_1-container\" class=\"wpforms-field wpforms-field-name\" data-field-id=\"1\"><label class=\"wpforms-field-label\" for=\"wpforms-300-field_1\">Nume <span class=\"wpforms-required-label\">*<\/span><\/label><div class=\"wpforms-field-row wpforms-field-large\"><div class=\"wpforms-field-row-block wpforms-first wpforms-one-half\"><input type=\"text\" id=\"wpforms-300-field_1\" class=\"wpforms-field-name-first wpforms-field-required\" name=\"wpforms[fields][1][first]\" required><label for=\"wpforms-300-field_1\" class=\"wpforms-field-sublabel after \">First<\/label><\/div><div class=\"wpforms-field-row-block wpforms-one-half\"><input type=\"text\" id=\"wpforms-300-field_1-last\" class=\"wpforms-field-name-last wpforms-field-required\" name=\"wpforms[fields][1][last]\" required><label for=\"wpforms-300-field_1-last\" class=\"wpforms-field-sublabel after \">Last<\/label><\/div><\/div><\/div><div id=\"wpforms-300-field_2-container\" class=\"wpforms-field wpforms-field-email wpforms-one-half wpforms-first\" data-field-id=\"2\"><label class=\"wpforms-field-label\" for=\"wpforms-300-field_2\">Email <span class=\"wpforms-required-label\">*<\/span><\/label><input type=\"email\" id=\"wpforms-300-field_2\" class=\"wpforms-field-large wpforms-field-required\" name=\"wpforms[fields][2]\" required><\/div><div id=\"wpforms-300-field_4-container\" class=\"wpforms-field wpforms-field-phone wpforms-one-half\" data-field-id=\"4\"><label class=\"wpforms-field-label\" for=\"wpforms-300-field_4\">Telefon <span class=\"wpforms-required-label\">*<\/span><\/label><input type=\"tel\" id=\"wpforms-300-field_4\" class=\"wpforms-field-large wpforms-field-required wpforms-smart-phone-field\" data-rule-smart-phone-field=\"true\" name=\"wpforms[fields][4]\" required><\/div><div id=\"wpforms-300-field_5-container\" class=\"wpforms-field wpforms-field-text wpforms-one-half wpforms-first\" data-field-id=\"5\"><label class=\"wpforms-field-label\" for=\"wpforms-300-field_5\">Calificativ Educa\u021bional <span class=\"wpforms-required-label\">*<\/span><\/label><input type=\"text\" id=\"wpforms-300-field_5\" class=\"wpforms-field-large wpforms-field-required\" name=\"wpforms[fields][5]\" required><\/div><div id=\"wpforms-300-field_9-container\" class=\"wpforms-field wpforms-field-select wpforms-one-half wpforms-field-select-style-classic\" data-field-id=\"9\"><label class=\"wpforms-field-label\" for=\"wpforms-300-field_9\">Ani de experien\u021b\u0103 \u00een domeniu <span class=\"wpforms-required-label\">*<\/span><\/label><select id=\"wpforms-300-field_9\" class=\"wpforms-field-large wpforms-field-required\" name=\"wpforms[fields][9]\" required=\"required\"><option value=\"1\" >1<\/option><option value=\"2\" >2<\/option><option value=\"3\" >3<\/option><option value=\"4\" >4<\/option><option value=\"5\" >5<\/option><option value=\"5+\" >5+<\/option><\/select><\/div><div id=\"wpforms-300-field_10-container\" class=\"wpforms-field wpforms-field-select wpforms-field-select-style-classic\" data-field-id=\"10\"><label class=\"wpforms-field-label\" for=\"wpforms-300-field_10\">Categoriile protejate <span class=\"wpforms-required-label\">*<\/span><\/label><select id=\"wpforms-300-field_10\" class=\"wpforms-field-large wpforms-field-required\" name=\"wpforms[fields][10]\" required=\"required\"><option value=\"Nu\" >Nu<\/option><option value=\"da\" >da<\/option><\/select><\/div><div id=\"wpforms-300-field_11-container\" class=\"wpforms-field wpforms-field-checkbox wpforms-list-2-columns\" data-field-id=\"11\"><label class=\"wpforms-field-label\" for=\"wpforms-300-field_11\">Limbi cunoscute <span class=\"wpforms-required-label\">*<\/span><\/label><ul id=\"wpforms-300-field_11\" class=\"wpforms-field-required\"><li class=\"choice-1 depth-1\"><input type=\"checkbox\" id=\"wpforms-300-field_11_1\" name=\"wpforms[fields][11][]\" value=\"Italian\u0103\" required ><label class=\"wpforms-field-label-inline\" for=\"wpforms-300-field_11_1\">Italian\u0103<\/label><\/li><li class=\"choice-2 depth-1\"><input type=\"checkbox\" id=\"wpforms-300-field_11_2\" name=\"wpforms[fields][11][]\" value=\"Englez\u0103\" required ><label class=\"wpforms-field-label-inline\" for=\"wpforms-300-field_11_2\">Englez\u0103<\/label><\/li><li class=\"choice-3 depth-1\"><input type=\"checkbox\" id=\"wpforms-300-field_11_3\" name=\"wpforms[fields][11][]\" value=\"limba franceza\" required ><label class=\"wpforms-field-label-inline\" for=\"wpforms-300-field_11_3\">limba franceza<\/label><\/li><li class=\"choice-4 depth-1\"><input type=\"checkbox\" id=\"wpforms-300-field_11_4\" name=\"wpforms[fields][11][]\" value=\"Spaniol\u0103\" required ><label class=\"wpforms-field-label-inline\" for=\"wpforms-300-field_11_4\">Spaniol\u0103<\/label><\/li><li class=\"choice-5 depth-1\"><input type=\"checkbox\" id=\"wpforms-300-field_11_5\" name=\"wpforms[fields][11][]\" value=\"limba germana\" required ><label class=\"wpforms-field-label-inline\" for=\"wpforms-300-field_11_5\">limba germana<\/label><\/li><li class=\"choice-6 depth-1\"><input type=\"checkbox\" id=\"wpforms-300-field_11_6\" name=\"wpforms[fields][11][]\" value=\"chinez\" required ><label class=\"wpforms-field-label-inline\" for=\"wpforms-300-field_11_6\">chinez<\/label><\/li><\/ul><\/div><div id=\"wpforms-300-field_13-container\" class=\"wpforms-field wpforms-field-file-upload\" data-field-id=\"13\"><label class=\"wpforms-field-label\" for=\"wpforms-300-field_13\">Incarca fisier <span class=\"wpforms-required-label\">*<\/span><\/label><div class=\"wpforms-uploader\"\n\tdata-field-id=\"13\"\n\tdata-form-id=\"300\"\n\tdata-input-name=\"wpforms_300_13\"\n\tdata-extensions=\"jpg,jpeg,jpe,gif,png,bmp,tiff,tif,webp,avif,ico,heic,heif,heics,heifs,asf,asx,wmv,wmx,wm,avi,divx,mov,qt,mpeg,mpg,mpe,mp4,m4v,ogv,webm,mkv,3gp,3gpp,3g2,3gp2,txt,asc,c,cc,h,srt,csv,tsv,ics,rtx,css,vtt,mp3,m4a,m4b,aac,ra,ram,wav,ogg,oga,flac,mid,midi,wma,wax,mka,rtf,pdf,class,tar,zip,gz,gzip,rar,7z,psd,xcf,doc,pot,pps,ppt,wri,xla,xls,xlt,xlw,mpp,docx,docm,dotx,dotm,xlsx,xlsm,xlsb,xltx,xltm,xlam,pptx,pptm,ppsx,ppsm,potx,potm,ppam,sldx,sldm,onetoc,onetoc2,onepkg,oxps,xps,odt,odp,ods,odg,odc,odb,odf,wp,wpd,key,numbers,pages\"\n\tdata-max-size=\"2097152\"\n\tdata-max-file-number=\"1\"\n\tdata-post-max-size=\"67108864\"\n    data-max-parallel-uploads=\"4\"\n    data-parallel-uploads=\"true\"\n\tdata-file-chunk-size=\"2097152\">\n\t<div class=\"dz-message\">\n\t\t<svg viewBox=\"0 0 1024 1024\" focusable=\"false\" class=\"\" data-icon=\"inbox\" width=\"50px\" height=\"50px\" fill=\"#B1B1B1\" aria-hidden=\"true\"><path d=\"M885.2 446.3l-.2-.8-112.2-285.1c-5-16.1-19.9-27.2-36.8-27.2H281.2c-17 0-32.1 11.3-36.9 27.6L139.4 443l-.3.7-.2.8c-1.3 4.9-1.7 9.9-1 14.8-.1 1.6-.2 3.2-.2 4.8V830a60.9 60.9 0 0 0 60.8 60.8h627.2c33.5 0 60.8-27.3 60.9-60.8V464.1c0-1.3 0-2.6-.1-3.7.4-4.9 0-9.6-1.3-14.1zm-295.8-43l-.3 15.7c-.8 44.9-31.8 75.1-77.1 75.1-22.1 0-41.1-7.1-54.8-20.6S436 441.2 435.6 419l-.3-15.7H229.5L309 210h399.2l81.7 193.3H589.4zm-375 76.8h157.3c24.3 57.1 76 90.8 140.4 90.8 33.7 0 65-9.4 90.3-27.2 22.2-15.6 39.5-37.4 50.7-63.6h156.5V814H214.4V480.1z\"><\/path><\/svg>\n\t\t<span class=\"modern-title\">\n\t\t\tClick or drag a file to this area to upload.\t\t<\/span>\n\n\t\t\t<\/div>\n<\/div>\n<input type=\"text\" class=\"dropzone-input\"\n\tstyle=\"position:absolute!important;clip:rect(0,0,0,0)!important;height:1px!important;width:1px!important;border:0!important;overflow:hidden!important;padding:0!important;margin:0!important;\"\n\tid=\"wpforms-300-field_13\"\n\tname=\"wpforms_300_13\" required>\n<div class=\"wpforms-field-description\">Tipuri de fi\u0219iere permise: pdf, doc, docx - dimensiune maxim\u0103 2MB<\/div><\/div><div id=\"wpforms-300-field_14-container\" class=\"wpforms-field wpforms-field-textarea\" data-field-id=\"14\"><label class=\"wpforms-field-label\" for=\"wpforms-300-field_14\">Descrie-te \u00een c\u00e2teva r\u00e2nduri <span class=\"wpforms-required-label\">*<\/span><\/label><textarea id=\"wpforms-300-field_14\" class=\"wpforms-field-medium wpforms-field-required\" name=\"wpforms[fields][14]\" required><\/textarea><\/div><div id=\"wpforms-300-field_15-container\" class=\"wpforms-field wpforms-field-checkbox\" data-field-id=\"15\"><ul id=\"wpforms-300-field_15\" class=\"wpforms-field-required\"><li class=\"choice-1 depth-1\"><input type=\"checkbox\" id=\"wpforms-300-field_15_1\" name=\"wpforms[fields][15][]\" value=\"Sunt de acord cu prelucrarea datelor mele a\u0219a cum este indicat \u00een politica de confiden\u021bialitate\" required ><label class=\"wpforms-field-label-inline\" for=\"wpforms-300-field_15_1\">Sunt de acord cu prelucrarea datelor mele a\u0219a cum este indicat \u00een politica de confiden\u021bialitate<\/label><\/li><\/ul><div class=\"wpforms-field-description\"> Declar c\u0103 am citit politica de confiden\u021bialitate emis\u0103 de c\u0103tre Titularii, \u00een conformitate cu articolele 13 \u0219i 14 din Regulamentul UE 2016\/679 \u0219i am aflat pe deplin con\u021binutul acestuia. \u00cen acest scop dau, \u00een temeiul articolului 7 din Regulamentul UE 2016\/679, consim\u021b\u0103m\u00e2ntul meu, \u00een form\u0103 liber\u0103, explicit \u0219i neechivoc, astfel \u00eenc\u00e2t prelucrarea datelor cu caracter personal pentru scopurile indicate \u00een politica de confiden\u021bialitate men\u021bionat\u0103 anterior<\/div><\/div><div id=\"wpforms-300-field_17-container\" class=\"wpforms-field wpforms-field-hidden\" data-field-id=\"17\"><input type=\"hidden\" id=\"wpforms-300-field_17\" name=\"wpforms[fields][17]\" value=\"RO\"><\/div><\/div><div class=\"wpforms-submit-container\" ><input type=\"hidden\" name=\"wpforms[id]\" value=\"300\"><input type=\"hidden\" name=\"wpforms[author]\" value=\"0\"><button type=\"submit\" name=\"wpforms[submit]\" class=\"wpforms-submit \" id=\"wpforms-submit-300\" value=\"wpforms-submit\" aria-live=\"assertive\" data-alt-text=\"Se trimite...\" data-submit-text=\"Trimite\">Trimite<\/button><img loading=\"lazy\" decoding=\"async\" src=\"https:\/\/tnlogistica.com\/wp-content\/plugins\/wpforms\/assets\/images\/submit-spin.svg\" class=\"wpforms-submit-spinner\" style=\"display: none;\" width=\"26\" height=\"26\" alt=\"\"><\/div><\/form><\/div>  <!-- .wpforms-container -->[\/et_pb_code][\/et_pb_column][\/et_pb_row][\/et_pb_section]<\/p>\n","protected":false},"excerpt":{"rendered":"<p>Aplicatie spontana Nu ai g\u0103sit printre anun\u021burile publicate o propunere \u00een concordan\u021b\u0103 cu profilul t\u0103u? Trimite-ne \u00eens\u0103 cererea ta spontan\u0103, aceasta va fi evaluat\u0103 de recrutorii no\u0219tri. Trimite\u021bi CV-ul dvs. <div class=\"wpforms-container wpforms-container-full\" id=\"wpforms-300\"><form id=\"wpforms-form-300\" class=\"wpforms-validate wpforms-form wpforms-ajax-form\" data-formid=\"300\" method=\"post\" enctype=\"multipart\/form-data\" action=\"\/ro\/wp-json\/wp\/v2\/pages\/915?wpforms_form_id=300\" data-token=\"886d396b8c70c854e2ce7d19de1dc2b3\"><noscript class=\"wpforms-error-noscript\">Please enable JavaScript in your browser to complete this form.<\/noscript><div class=\"wpforms-field-container\"><div id=\"wpforms-300-field_1-container\" class=\"wpforms-field wpforms-field-name\" data-field-id=\"1\"><label class=\"wpforms-field-label\" for=\"wpforms-300-field_1\">Nume <span class=\"wpforms-required-label\">*<\/span><\/label><div class=\"wpforms-field-row wpforms-field-large\"><div class=\"wpforms-field-row-block wpforms-first wpforms-one-half\"><input type=\"text\" id=\"wpforms-300-field_1\" class=\"wpforms-field-name-first wpforms-field-required\" name=\"wpforms[fields][1][first]\" required><label for=\"wpforms-300-field_1\" class=\"wpforms-field-sublabel after \">First<\/label><\/div><div class=\"wpforms-field-row-block wpforms-one-half\"><input type=\"text\" id=\"wpforms-300-field_1-last\" class=\"wpforms-field-name-last wpforms-field-required\" name=\"wpforms[fields][1][last]\" required><label for=\"wpforms-300-field_1-last\" class=\"wpforms-field-sublabel after \">Last<\/label><\/div><\/div><\/div><div id=\"wpforms-300-field_2-container\" class=\"wpforms-field wpforms-field-email wpforms-one-half wpforms-first\" data-field-id=\"2\"><label class=\"wpforms-field-label\" for=\"wpforms-300-field_2\">Email <span class=\"wpforms-required-label\">*<\/span><\/label><input type=\"email\" id=\"wpforms-300-field_2\" class=\"wpforms-field-large wpforms-field-required\" name=\"wpforms[fields][2]\" required><\/div><div id=\"wpforms-300-field_4-container\" class=\"wpforms-field wpforms-field-phone wpforms-one-half\" data-field-id=\"4\"><label class=\"wpforms-field-label\" for=\"wpforms-300-field_4\">Telefon <span class=\"wpforms-required-label\">*<\/span><\/label><input type=\"tel\" id=\"wpforms-300-field_4\" class=\"wpforms-field-large wpforms-field-required wpforms-smart-phone-field\" data-rule-smart-phone-field=\"true\" name=\"wpforms[fields][4]\" required><\/div><div id=\"wpforms-300-field_5-container\" class=\"wpforms-field wpforms-field-text wpforms-one-half wpforms-first\" data-field-id=\"5\"><label class=\"wpforms-field-label\" for=\"wpforms-300-field_5\">Calificativ Educa\u021bional <span class=\"wpforms-required-label\">*<\/span><\/label><input type=\"text\" id=\"wpforms-300-field_5\" class=\"wpforms-field-large wpforms-field-required\" name=\"wpforms[fields][5]\" required><\/div><div id=\"wpforms-300-field_9-container\" class=\"wpforms-field wpforms-field-select wpforms-one-half wpforms-field-select-style-classic\" data-field-id=\"9\"><label class=\"wpforms-field-label\" for=\"wpforms-300-field_9\">Ani de experien\u021b\u0103 \u00een domeniu <span class=\"wpforms-required-label\">*<\/span><\/label><select id=\"wpforms-300-field_9\" class=\"wpforms-field-large wpforms-field-required\" name=\"wpforms[fields][9]\" required=\"required\"><option value=\"1\" >1<\/option><option value=\"2\" >2<\/option><option value=\"3\" >3<\/option><option value=\"4\" >4<\/option><option value=\"5\" >5<\/option><option value=\"5+\" >5+<\/option><\/select><\/div><div id=\"wpforms-300-field_10-container\" class=\"wpforms-field wpforms-field-select wpforms-field-select-style-classic\" data-field-id=\"10\"><label class=\"wpforms-field-label\" for=\"wpforms-300-field_10\">Categoriile protejate <span class=\"wpforms-required-label\">*<\/span><\/label><select id=\"wpforms-300-field_10\" class=\"wpforms-field-large wpforms-field-required\" name=\"wpforms[fields][10]\" required=\"required\"><option value=\"Nu\" >Nu<\/option><option value=\"da\" >da<\/option><\/select><\/div><div id=\"wpforms-300-field_11-container\" class=\"wpforms-field wpforms-field-checkbox wpforms-list-2-columns\" data-field-id=\"11\"><label class=\"wpforms-field-label\" for=\"wpforms-300-field_11\">Limbi cunoscute <span class=\"wpforms-required-label\">*<\/span><\/label><ul id=\"wpforms-300-field_11\" class=\"wpforms-field-required\"><li class=\"choice-1 depth-1\"><input type=\"checkbox\" id=\"wpforms-300-field_11_1\" name=\"wpforms[fields][11][]\" value=\"Italian\u0103\" required ><label class=\"wpforms-field-label-inline\" for=\"wpforms-300-field_11_1\">Italian\u0103<\/label><\/li><li class=\"choice-2 depth-1\"><input type=\"checkbox\" id=\"wpforms-300-field_11_2\" name=\"wpforms[fields][11][]\" value=\"Englez\u0103\" required ><label class=\"wpforms-field-label-inline\" for=\"wpforms-300-field_11_2\">Englez\u0103<\/label><\/li><li class=\"choice-3 depth-1\"><input type=\"checkbox\" id=\"wpforms-300-field_11_3\" name=\"wpforms[fields][11][]\" value=\"limba franceza\" required ><label class=\"wpforms-field-label-inline\" for=\"wpforms-300-field_11_3\">limba franceza<\/label><\/li><li class=\"choice-4 depth-1\"><input type=\"checkbox\" id=\"wpforms-300-field_11_4\" name=\"wpforms[fields][11][]\" value=\"Spaniol\u0103\" required ><label class=\"wpforms-field-label-inline\" for=\"wpforms-300-field_11_4\">Spaniol\u0103<\/label><\/li><li class=\"choice-5 depth-1\"><input type=\"checkbox\" id=\"wpforms-300-field_11_5\" name=\"wpforms[fields][11][]\" value=\"limba germana\" required ><label class=\"wpforms-field-label-inline\" for=\"wpforms-300-field_11_5\">limba germana<\/label><\/li><li class=\"choice-6 depth-1\"><input type=\"checkbox\" id=\"wpforms-300-field_11_6\" name=\"wpforms[fields][11][]\" value=\"chinez\" required ><label class=\"wpforms-field-label-inline\" for=\"wpforms-300-field_11_6\">chinez<\/label><\/li><\/ul><\/div><div id=\"wpforms-300-field_13-container\" class=\"wpforms-field wpforms-field-file-upload\" data-field-id=\"13\"><label class=\"wpforms-field-label\" for=\"wpforms-300-field_13\">Incarca fisier <span class=\"wpforms-required-label\">*<\/span><\/label><div class=\"wpforms-uploader\"\n\tdata-field-id=\"13\"\n\tdata-form-id=\"300\"\n\tdata-input-name=\"wpforms_300_13\"\n\tdata-extensions=\"jpg,jpeg,jpe,gif,png,bmp,tiff,tif,webp,avif,ico,heic,heif,heics,heifs,asf,asx,wmv,wmx,wm,avi,divx,mov,qt,mpeg,mpg,mpe,mp4,m4v,ogv,webm,mkv,3gp,3gpp,3g2,3gp2,txt,asc,c,cc,h,srt,csv,tsv,ics,rtx,css,vtt,mp3,m4a,m4b,aac,ra,ram,wav,ogg,oga,flac,mid,midi,wma,wax,mka,rtf,pdf,class,tar,zip,gz,gzip,rar,7z,psd,xcf,doc,pot,pps,ppt,wri,xla,xls,xlt,xlw,mpp,docx,docm,dotx,dotm,xlsx,xlsm,xlsb,xltx,xltm,xlam,pptx,pptm,ppsx,ppsm,potx,potm,ppam,sldx,sldm,onetoc,onetoc2,onepkg,oxps,xps,odt,odp,ods,odg,odc,odb,odf,wp,wpd,key,numbers,pages\"\n\tdata-max-size=\"2097152\"\n\tdata-max-file-number=\"1\"\n\tdata-post-max-size=\"67108864\"\n    data-max-parallel-uploads=\"4\"\n    data-parallel-uploads=\"true\"\n\tdata-file-chunk-size=\"2097152\">\n\t<div class=\"dz-message\">\n\t\t<svg viewBox=\"0 0 1024 1024\" focusable=\"false\" class=\"\" data-icon=\"inbox\" width=\"50px\" height=\"50px\" fill=\"#B1B1B1\" aria-hidden=\"true\"><path d=\"M885.2 446.3l-.2-.8-112.2-285.1c-5-16.1-19.9-27.2-36.8-27.2H281.2c-17 0-32.1 11.3-36.9 27.6L139.4 443l-.3.7-.2.8c-1.3 4.9-1.7 9.9-1 14.8-.1 1.6-.2 3.2-.2 4.8V830a60.9 60.9 0 0 0 60.8 60.8h627.2c33.5 0 60.8-27.3 60.9-60.8V464.1c0-1.3 0-2.6-.1-3.7.4-4.9 0-9.6-1.3-14.1zm-295.8-43l-.3 15.7c-.8 44.9-31.8 75.1-77.1 75.1-22.1 0-41.1-7.1-54.8-20.6S436 441.2 435.6 419l-.3-15.7H229.5L309 210h399.2l81.7 193.3H589.4zm-375 76.8h157.3c24.3 57.1 76 90.8 140.4 90.8 33.7 0 65-9.4 90.3-27.2 22.2-15.6 39.5-37.4 50.7-63.6h156.5V814H214.4V480.1z\"><\/path><\/svg>\n\t\t<span class=\"modern-title\">\n\t\t\tClick or drag a file to this area to upload.\t\t<\/span>\n\n\t\t\t<\/div>\n<\/div>\n<input type=\"text\" class=\"dropzone-input\"\n\tstyle=\"position:absolute!important;clip:rect(0,0,0,0)!important;height:1px!important;width:1px!important;border:0!important;overflow:hidden!important;padding:0!important;margin:0!important;\"\n\tid=\"wpforms-300-field_13\"\n\tname=\"wpforms_300_13\" required>\n<div class=\"wpforms-field-description\">Tipuri de fi\u0219iere permise: pdf, doc, docx - dimensiune maxim\u0103 2MB<\/div><\/div><div id=\"wpforms-300-field_14-container\" class=\"wpforms-field wpforms-field-textarea\" data-field-id=\"14\"><label class=\"wpforms-field-label\" for=\"wpforms-300-field_14\">Descrie-te \u00een c\u00e2teva r\u00e2nduri <span class=\"wpforms-required-label\">*<\/span><\/label><textarea id=\"wpforms-300-field_14\" class=\"wpforms-field-medium wpforms-field-required\" name=\"wpforms[fields][14]\" required><\/textarea><\/div><div id=\"wpforms-300-field_15-container\" class=\"wpforms-field wpforms-field-checkbox\" data-field-id=\"15\"><ul id=\"wpforms-300-field_15\" class=\"wpforms-field-required\"><li class=\"choice-1 depth-1\"><input type=\"checkbox\" id=\"wpforms-300-field_15_1\" name=\"wpforms[fields][15][]\" value=\"Sunt de acord cu prelucrarea datelor mele a\u0219a cum este indicat \u00een politica de confiden\u021bialitate\" required ><label class=\"wpforms-field-label-inline\" for=\"wpforms-300-field_15_1\">Sunt de acord cu prelucrarea datelor mele a\u0219a cum este indicat \u00een politica de confiden\u021bialitate<\/label><\/li><\/ul><div class=\"wpforms-field-description\"> Declar c\u0103 am citit politica de confiden\u021bialitate emis\u0103 de c\u0103tre Titularii, \u00een conformitate cu articolele 13 \u0219i 14 din Regulamentul UE 2016\/679 \u0219i am aflat pe deplin con\u021binutul acestuia. \u00cen acest scop dau, \u00een temeiul articolului 7 din Regulamentul UE 2016\/679, consim\u021b\u0103m\u00e2ntul meu, \u00een form\u0103 liber\u0103, explicit \u0219i neechivoc, astfel \u00eenc\u00e2t prelucrarea datelor cu caracter personal pentru scopurile indicate \u00een politica de confiden\u021bialitate men\u021bionat\u0103 anterior<\/div><\/div><div id=\"wpforms-300-field_17-container\" class=\"wpforms-field wpforms-field-hidden\" data-field-id=\"17\"><input type=\"hidden\" id=\"wpforms-300-field_17\" name=\"wpforms[fields][17]\" value=\"RO\"><\/div><\/div><div class=\"wpforms-submit-container\" ><input type=\"hidden\" name=\"wpforms[id]\" value=\"300\"><input type=\"hidden\" name=\"wpforms[author]\" value=\"0\"><button type=\"submit\" name=\"wpforms[submit]\" class=\"wpforms-submit \" id=\"wpforms-submit-300\" value=\"wpforms-submit\" aria-live=\"assertive\" data-alt-text=\"Se trimite...\" data-submit-text=\"Trimite\">Trimite<\/button><img loading=\"lazy\" decoding=\"async\" src=\"https:\/\/tnlogistica.com\/wp-content\/plugins\/wpforms\/assets\/images\/submit-spin.svg\" class=\"wpforms-submit-spinner\" style=\"display: none;\" width=\"26\" height=\"26\" alt=\"\"><\/div><\/form><\/div>  <!-- .wpforms-container --><\/p>\n","protected":false},"author":1,"featured_media":0,"parent":0,"menu_order":0,"comment_status":"closed","ping_status":"closed","template":"","meta":{"_et_pb_use_builder":"on","_et_pb_old_content":"","_et_gb_content_width":"","footnotes":""},"class_list":["post-915","page","type-page","status-publish","hentry"],"_links":{"self":[{"href":"https:\/\/tnlogistica.com\/ro\/wp-json\/wp\/v2\/pages\/915","targetHints":{"allow":["GET"]}}],"collection":[{"href":"https:\/\/tnlogistica.com\/ro\/wp-json\/wp\/v2\/pages"}],"about":[{"href":"https:\/\/tnlogistica.com\/ro\/wp-json\/wp\/v2\/types\/page"}],"author":[{"embeddable":true,"href":"https:\/\/tnlogistica.com\/ro\/wp-json\/wp\/v2\/users\/1"}],"replies":[{"embeddable":true,"href":"https:\/\/tnlogistica.com\/ro\/wp-json\/wp\/v2\/comments?post=915"}],"version-history":[{"count":2,"href":"https:\/\/tnlogistica.com\/ro\/wp-json\/wp\/v2\/pages\/915\/revisions"}],"predecessor-version":[{"id":917,"href":"https:\/\/tnlogistica.com\/ro\/wp-json\/wp\/v2\/pages\/915\/revisions\/917"}],"wp:attachment":[{"href":"https:\/\/tnlogistica.com\/ro\/wp-json\/wp\/v2\/media?parent=915"}],"curies":[{"name":"wp","href":"https:\/\/api.w.org\/{rel}","templated":true}]}}