{"id":903,"date":"2021-11-09T09:43:06","date_gmt":"2021-11-09T09:43:06","guid":{"rendered":"https:\/\/tnlogistica.com\/transport-rutier\/"},"modified":"2021-11-10T15:20:18","modified_gmt":"2021-11-10T15:20:18","slug":"transport-rutier","status":"publish","type":"page","link":"https:\/\/tnlogistica.com\/ro\/transport-rutier\/","title":{"rendered":"Transport rutier"},"content":{"rendered":"<p>[et_pb_section fb_built=&#8221;1&#8243; _builder_version=&#8221;4.13.0&#8243; _module_preset=&#8221;default&#8221; background_image=&#8221;https:\/\/tnlogistica.com\/wp-content\/uploads\/2021\/11\/tnlogistica-trasporti-su-strada-1.jpg&#8221; min_height=&#8221;327px&#8221; height=&#8221;100vh&#8221; max_height=&#8221;600px&#8221; hover_enabled=&#8221;0&#8243; background_last_edited=&#8221;on|phone&#8221; background_position_phone=&#8221;center&#8221; locked=&#8221;off&#8221; global_colors_info=&#8221;{}&#8221; title_text=&#8221;tnlogistica-trasporti-su-strada (1)&#8221; sticky_enabled=&#8221;0&#8243;][et_pb_row _builder_version=&#8221;4.10.8&#8243; _module_preset=&#8221;default&#8221; global_colors_info=&#8221;{}&#8221;][et_pb_column type=&#8221;4_4&#8243; _builder_version=&#8221;4.10.8&#8243; _module_preset=&#8221;default&#8221; global_colors_info=&#8221;{}&#8221;][\/et_pb_column][\/et_pb_row][\/et_pb_section][et_pb_section fb_built=&#8221;1&#8243; custom_padding_last_edited=&#8221;on|phone&#8221; _builder_version=&#8221;4.10.8&#8243; _module_preset=&#8221;default&#8221; custom_padding=&#8221;100px||100px||false|false&#8221; custom_padding_tablet=&#8221;80px||80px||false|false&#8221; custom_padding_phone=&#8221;60px||60px||false|false&#8221; locked=&#8221;off&#8221; global_colors_info=&#8221;{}&#8221;][et_pb_row gutter_width=&#8221;3&#8243; _builder_version=&#8221;4.10.8&#8243; _module_preset=&#8221;default&#8221; custom_css_main_element=&#8221;display: flex;||align-items: center;&#8221; global_colors_info=&#8221;{}&#8221; custom_css_main_element_last_edited=&#8221;on|phone&#8221; custom_css_main_element_tablet=&#8221;display: flex;||align-items: center;||flex-direction: column;&#8221; custom_css_main_element_phone=&#8221;display: flex;||align-items: center;||flex-direction: column;&#8221;][et_pb_column type=&#8221;4_4&#8243; _builder_version=&#8221;4.10.8&#8243; _module_preset=&#8221;default&#8221; global_colors_info=&#8221;{}&#8221;][et_pb_text _builder_version=&#8221;4.13.0&#8243; _module_preset=&#8221;default&#8221; header_text_align=&#8221;center&#8221; header_font_size=&#8221;32px&#8221; header_line_height=&#8221;1.2em&#8221; header_3_text_color=&#8221;#FFFFFF&#8221; header_3_font_size=&#8221;25px&#8221; max_width=&#8221;80%&#8221; max_width_tablet=&#8221;90%&#8221; max_width_phone=&#8221;100%&#8221; max_width_last_edited=&#8221;on|phone&#8221; module_alignment=&#8221;center&#8221; animation_style=&#8221;fade&#8221; header_font_size_tablet=&#8221;28px&#8221; header_font_size_phone=&#8221;24px&#8221; header_font_size_last_edited=&#8221;on|phone&#8221; custom_css_main_element=&#8221;padding:0px;&#8221; custom_css_after=&#8221;    content: &#8221;;||    width: 50px;||    height: 1px;||    background: red;||    display: block;||    margin-top: 9px;||    margin-bottom: 9px;||\t\tmargin-left: auto;||    margin-right: auto;&#8221; global_colors_info=&#8221;{}&#8221;]<\/p>\n<h1>Organizarea transporturilor, dezvoltarea \u0219i monitorizarea \u00een parteneriat<\/h1>\n<p>[\/et_pb_text][et_pb_text _builder_version=&#8221;4.10.8&#8243; _module_preset=&#8221;default&#8221; text_orientation=&#8221;center&#8221; max_width=&#8221;70%&#8221; max_width_tablet=&#8221;100%&#8221; max_width_phone=&#8221;&#8221; max_width_last_edited=&#8221;on|phone&#8221; module_alignment=&#8221;center&#8221; animation_style=&#8221;slide&#8221; animation_direction=&#8221;top&#8221; animation_delay=&#8221;250ms&#8221; animation_intensity_slide=&#8221;2%&#8221; global_colors_info=&#8221;{}&#8221;]<\/p>\n<p>\u00cencep\u00e2nd cu preluarea expedi\u021biei,<strong> evaluarea timpului, tipul de bunuri \u0219i distan\u021bele<\/strong> TN logistic identific\u0103 mijloacele \u0219i cea mai adecvat\u0103 cale, pentru a reduce la minimum impactul asupra mediului \u0219i a reduce costurile.<\/p>\n<p>O organiza\u021bie structurat\u0103 astfel \u00eenc\u00e2t s\u0103 creasc\u0103 performanta si flexibilitatea, unit\u0103 a fiabilitatea obi\u0219nuit\u0103 a <strong>transportului garantat\u0103 de c\u0103tre sinergia cu \u00eentregul grup Torello<\/strong>.<\/p>\n<p>[\/et_pb_text][\/et_pb_column][\/et_pb_row][et_pb_row column_structure=&#8221;1_4,1_4,1_4,1_4&#8243; gutter_width=&#8221;2&#8243; make_equal=&#8221;on&#8221; _builder_version=&#8221;4.10.8&#8243; _module_preset=&#8221;default&#8221; custom_padding=&#8221;49px||||false|false&#8221; global_colors_info=&#8221;{}&#8221;][et_pb_column type=&#8221;1_4&#8243; _builder_version=&#8221;4.10.8&#8243; _module_preset=&#8221;default&#8221; global_colors_info=&#8221;{}&#8221;][et_pb_blurb title=&#8221;Full Truck Load \u0219i Less Than Truckload&#8221; image=&#8221;https:\/\/tnlogistica.com\/wp-content\/uploads\/2021\/09\/ftl-ltl-tnlogisticask.png&#8221; image_icon_width=&#8221;80px&#8221; _builder_version=&#8221;4.13.0&#8243; _module_preset=&#8221;default&#8221; header_text_align=&#8221;center&#8221; header_line_height=&#8221;1.2em&#8221; text_orientation=&#8221;center&#8221; custom_padding=&#8221;25px|15px|25px|15px|false|false&#8221; animation_style=&#8221;slide&#8221; animation_direction=&#8221;left&#8221; animation_delay=&#8221;200ms&#8221; animation_intensity_slide=&#8221;5%&#8221; custom_css_main_element=&#8221;min-height: 320px;&#8221; border_radii=&#8221;on|15px|15px|15px|15px&#8221; border_width_all=&#8221;1px&#8221; border_color_all=&#8221;rgba(204,204,204,0.43)&#8221; box_shadow_style=&#8221;preset3&#8243; box_shadow_color=&#8221;rgba(0,0,0,0.16)&#8221; image_max_width=&#8221;80px&#8221; global_colors_info=&#8221;{}&#8221;]<\/p>\n<p><span>Transport rutier cu o singur\u0103 destina\u021bie \u0219i cu mai multe destina\u021bii pentru diferite op\u021biuni de \u00eenc\u0103rcare.<\/span><\/p>\n<p>[\/et_pb_blurb][\/et_pb_column][et_pb_column type=&#8221;1_4&#8243; _builder_version=&#8221;4.10.8&#8243; _module_preset=&#8221;default&#8221; global_colors_info=&#8221;{}&#8221;][et_pb_blurb title=&#8221;Transportul na\u021bional \u0219i interna\u021bional\u00a0&#8221; image=&#8221;https:\/\/tnlogistica.com\/wp-content\/uploads\/2021\/09\/trasporto-naz-int-tnlogisticask2.png&#8221; image_icon_width=&#8221;80px&#8221; _builder_version=&#8221;4.13.0&#8243; _module_preset=&#8221;default&#8221; header_text_align=&#8221;center&#8221; header_line_height=&#8221;1.2em&#8221; text_orientation=&#8221;center&#8221; custom_padding=&#8221;25px|15px|25px|15px|false|false&#8221; animation_style=&#8221;slide&#8221; animation_direction=&#8221;left&#8221; animation_delay=&#8221;450ms&#8221; animation_intensity_slide=&#8221;5%&#8221; custom_css_main_element=&#8221;min-height: 320px;&#8221; border_radii=&#8221;on|15px|15px|15px|15px&#8221; border_width_all=&#8221;1px&#8221; border_color_all=&#8221;rgba(204,204,204,0.43)&#8221; box_shadow_style=&#8221;preset3&#8243; box_shadow_color=&#8221;rgba(0,0,0,0.16)&#8221; image_max_width=&#8221;80px&#8221; global_colors_info=&#8221;{}&#8221;]<\/p>\n<p><span>O loca\u021bie de prim rang care v\u0103 pune \u00een centrul principal a pie\u021belor europene.<\/span><\/p>\n<p>[\/et_pb_blurb][\/et_pb_column][et_pb_column type=&#8221;1_4&#8243; _builder_version=&#8221;4.10.8&#8243; _module_preset=&#8221;default&#8221; global_colors_info=&#8221;{}&#8221;][et_pb_blurb title=&#8221;Servicii unice \u0219i personalizate&#8221; image=&#8221;https:\/\/tnlogistica.com\/wp-content\/uploads\/2021\/09\/servizi-unici-individuali-tnlogisticask.png&#8221; image_icon_width=&#8221;80px&#8221; _builder_version=&#8221;4.13.0&#8243; _module_preset=&#8221;default&#8221; header_text_align=&#8221;center&#8221; header_line_height=&#8221;1.2em&#8221; text_orientation=&#8221;center&#8221; custom_padding=&#8221;25px|15px|25px|15px|false|false&#8221; animation_style=&#8221;slide&#8221; animation_direction=&#8221;left&#8221; animation_delay=&#8221;700ms&#8221; animation_intensity_slide=&#8221;5%&#8221; custom_css_main_element=&#8221;min-height: 320px;&#8221; custom_css_blurb_title=&#8221;max-width: 80%;||margin: auto;&#8221; border_radii=&#8221;on|15px|15px|15px|15px&#8221; border_width_all=&#8221;1px&#8221; border_color_all=&#8221;rgba(204,204,204,0.43)&#8221; box_shadow_style=&#8221;preset3&#8243; box_shadow_color=&#8221;rgba(0,0,0,0.16)&#8221; image_max_width=&#8221;80px&#8221; global_colors_info=&#8221;{}&#8221;]<\/p>\n<p><span>TN logistic construie\u0219te o cale eficient\u0103, rapid\u0103 \u0219i durabil\u0103 din punct de vedere ecologic garantat\u0103 \u0219i prin apartenen\u021ba a grupului Torello.<\/span><\/p>\n<p>[\/et_pb_blurb][\/et_pb_column][et_pb_column type=&#8221;1_4&#8243; _builder_version=&#8221;4.10.8&#8243; _module_preset=&#8221;default&#8221; global_colors_info=&#8221;{}&#8221;][et_pb_blurb title=&#8221;Consultan\u021b\u0103 \u0219i asisten\u021b\u0103&#8221; image=&#8221;https:\/\/tnlogistica.com\/wp-content\/uploads\/2021\/09\/consulenza-tnlogisticask.png&#8221; image_icon_width=&#8221;80px&#8221; _builder_version=&#8221;4.13.0&#8243; _module_preset=&#8221;default&#8221; header_text_align=&#8221;center&#8221; header_line_height=&#8221;1.2em&#8221; text_orientation=&#8221;center&#8221; custom_padding=&#8221;25px|15px|25px|15px|false|false&#8221; animation_style=&#8221;slide&#8221; animation_direction=&#8221;left&#8221; animation_delay=&#8221;950ms&#8221; animation_intensity_slide=&#8221;5%&#8221; custom_css_main_element=&#8221;min-height: 320px;&#8221; custom_css_blurb_title=&#8221;max-width: 80%;||margin: auto;&#8221; border_radii=&#8221;on|15px|15px|15px|15px&#8221; border_width_all=&#8221;1px&#8221; border_color_all=&#8221;rgba(204,204,204,0.43)&#8221; box_shadow_style=&#8221;preset3&#8243; box_shadow_color=&#8221;rgba(0,0,0,0.16)&#8221; image_max_width=&#8221;80px&#8221; global_colors_info=&#8221;{}&#8221;]<\/p>\n<p><span>Un important core business \u00een consilierea \u0219i organizarea transportului rutier.<\/span><\/p>\n<p>[\/et_pb_blurb][\/et_pb_column][\/et_pb_row][\/et_pb_section][et_pb_section fb_built=&#8221;1&#8243; custom_padding_last_edited=&#8221;on|phone&#8221; _builder_version=&#8221;4.10.8&#8243; _module_preset=&#8221;default&#8221; background_color=&#8221;#333333&#8243; custom_padding=&#8221;100px||100px||false|false&#8221; custom_padding_tablet=&#8221;80px||80px||false|false&#8221; custom_padding_phone=&#8221;60px||60px||false|false&#8221; locked=&#8221;off&#8221; global_colors_info=&#8221;{}&#8221;][et_pb_row column_structure=&#8221;1_2,1_2&#8243; gutter_width=&#8221;3&#8243; _builder_version=&#8221;4.10.8&#8243; _module_preset=&#8221;default&#8221; custom_padding=&#8221;0px||0px|||&#8221; custom_css_main_element=&#8221;display:flex;||align-items: center;&#8221; global_colors_info=&#8221;{}&#8221; custom_css_main_element_last_edited=&#8221;on|phone&#8221; custom_css_main_element_tablet=&#8221;display:flex;||flex-direction: column;&#8221; custom_css_main_element_phone=&#8221;display:flex;||flex-direction: column;&#8221;][et_pb_column type=&#8221;1_2&#8243; _builder_version=&#8221;4.10.8&#8243; _module_preset=&#8221;default&#8221; global_colors_info=&#8221;{}&#8221;][et_pb_text _builder_version=&#8221;4.10.8&#8243; _module_preset=&#8221;default&#8221; header_3_text_color=&#8221;#FFFFFF&#8221; header_3_font_size=&#8221;25px&#8221; animation_style=&#8221;fade&#8221; custom_css_main_element=&#8221;padding:0px;&#8221; custom_css_after=&#8221;    content: &#8221;;||    width: 50px;||    height: 1px;||    background: red;||    display: block;||    margin-top: 9px;||    margin-bottom: 9px;&#8221; global_colors_info=&#8221;{}&#8221;]<\/p>\n<h3>Concentrat\u0103 asupra strategiei<\/h3>\n<p>[\/et_pb_text][et_pb_text _builder_version=&#8221;4.10.8&#8243; _module_preset=&#8221;default&#8221; text_text_color=&#8221;#FFFFFF&#8221; animation_style=&#8221;slide&#8221; animation_direction=&#8221;top&#8221; animation_delay=&#8221;250ms&#8221; animation_intensity_slide=&#8221;2%&#8221; global_colors_info=&#8221;{}&#8221;]<\/p>\n<p><strong>Experien\u021ba \u00eendelungat\u0103 dob\u00e2ndit\u0103 \u00een sectorul transporturilor<\/strong> a permis grupului Torello s\u0103 dezvolte un serviciu \u00een Europa \u00eentr-o re\u021bea bine organizat\u0103.<\/p>\n<p><strong>Lan\u021bul de aprovizionare Torello<\/strong>, construit in acest fel, func\u021bioneaz\u0103 \u00een comun astfel \u00eenc\u00e2t TN Logistica se poate mi\u0219ca eficient, poate dezvolta noi solu\u021bii, poate cre\u0219te eficien\u021b\u0103 opera\u021bional\u0103 pentru a reconcilia solicit\u0103rile personalizate ale clien\u021bilor.<\/p>\n<p>[\/et_pb_text][et_pb_text _builder_version=&#8221;4.10.8&#8243; _module_preset=&#8221;default&#8221; header_3_text_color=&#8221;#FFFFFF&#8221; header_3_font_size=&#8221;25px&#8221; custom_margin=&#8221;49px||||false|false&#8221; custom_padding=&#8221;49px||||false|false&#8221; animation_style=&#8221;fade&#8221; custom_css_main_element=&#8221;padding:0px;&#8221; custom_css_after=&#8221;    content: &#8221;;||    width: 50px;||    height: 1px;||    background: red;||    display: block;||    margin-top: 9px;||    margin-bottom: 9px;&#8221; border_color_all=&#8221;#FFFFFF&#8221; border_width_top=&#8221;1px&#8221; border_color_top=&#8221;rgba(204,204,204,0.21)&#8221; global_colors_info=&#8221;{}&#8221;]<\/p>\n<h3><span>&#8230; al grupului Torello<\/span><\/h3>\n<p>[\/et_pb_text][et_pb_text _builder_version=&#8221;4.10.8&#8243; _module_preset=&#8221;default&#8221; text_text_color=&#8221;#FFFFFF&#8221; animation_style=&#8221;slide&#8221; animation_direction=&#8221;top&#8221; animation_delay=&#8221;250ms&#8221; animation_intensity_slide=&#8221;2%&#8221; global_colors_info=&#8221;{}&#8221;]<\/p>\n<p>Directivele privind logistica sunt indicate prin grupul Torello care controleaz\u0103 <strong>gestionarea fluxurilor in toat\u0103 Europa<\/strong>. Organizarea \u0219i supravegherea logistic\u0103 de Torello contribuie la satisfacerea toate cererilor \u0219i nevoile clientului.<\/p>\n<p>Pentru o ofert\u0103 sau o consulta\u021bie privind transportul terestru, solicita\u021bi o ofert\u0103<\/p>\n<p>[\/et_pb_text][\/et_pb_column][et_pb_column type=&#8221;1_2&#8243; _builder_version=&#8221;4.10.8&#8243; _module_preset=&#8221;default&#8221; global_colors_info=&#8221;{}&#8221;][et_pb_code _builder_version=&#8221;4.13.0&#8243; _module_preset=&#8221;default&#8221; global_colors_info=&#8221;{}&#8221;]<iframe loading=\"lazy\" width=\"560\" height=\"500\" src=\"https:\/\/www.youtube.com\/embed\/Cz_MIlb3B18\" title=\"YouTube video player\" frameborder=\"0\" allow=\"accelerometer; autoplay; clipboard-write; encrypted-media; gyroscope; picture-in-picture\" allowfullscreen><\/iframe>[\/et_pb_code][\/et_pb_column][\/et_pb_row][\/et_pb_section]<\/p>\n","protected":false},"excerpt":{"rendered":"<p>Organizarea transporturilor, dezvoltarea \u0219i monitorizarea \u00een parteneriat\u00cencep\u00e2nd cu preluarea expedi\u021biei, evaluarea timpului, tipul de bunuri \u0219i distan\u021bele TN logistic identific\u0103 mijloacele \u0219i cea mai adecvat\u0103 cale, pentru a reduce la minimum impactul asupra mediului \u0219i a reduce costurile. O organiza\u021bie structurat\u0103 astfel \u00eenc\u00e2t s\u0103 creasc\u0103 performanta si flexibilitatea, unit\u0103 a fiabilitatea obi\u0219nuit\u0103 a transportului garantat\u0103 [&hellip;]<\/p>\n","protected":false},"author":1,"featured_media":0,"parent":0,"menu_order":0,"comment_status":"closed","ping_status":"closed","template":"","meta":{"_et_pb_use_builder":"on","_et_pb_old_content":"","_et_gb_content_width":"","footnotes":""},"class_list":["post-903","page","type-page","status-publish","hentry"],"_links":{"self":[{"href":"https:\/\/tnlogistica.com\/ro\/wp-json\/wp\/v2\/pages\/903","targetHints":{"allow":["GET"]}}],"collection":[{"href":"https:\/\/tnlogistica.com\/ro\/wp-json\/wp\/v2\/pages"}],"about":[{"href":"https:\/\/tnlogistica.com\/ro\/wp-json\/wp\/v2\/types\/page"}],"author":[{"embeddable":true,"href":"https:\/\/tnlogistica.com\/ro\/wp-json\/wp\/v2\/users\/1"}],"replies":[{"embeddable":true,"href":"https:\/\/tnlogistica.com\/ro\/wp-json\/wp\/v2\/comments?post=903"}],"version-history":[{"count":11,"href":"https:\/\/tnlogistica.com\/ro\/wp-json\/wp\/v2\/pages\/903\/revisions"}],"predecessor-version":[{"id":1310,"href":"https:\/\/tnlogistica.com\/ro\/wp-json\/wp\/v2\/pages\/903\/revisions\/1310"}],"wp:attachment":[{"href":"https:\/\/tnlogistica.com\/ro\/wp-json\/wp\/v2\/media?parent=903"}],"curies":[{"name":"wp","href":"https:\/\/api.w.org\/{rel}","templated":true}]}}