{"id":213,"date":"2021-10-25T07:51:32","date_gmt":"2021-10-25T07:51:32","guid":{"rendered":"https:\/\/tnlogistica.com\/?page_id=213"},"modified":"2025-01-22T15:18:13","modified_gmt":"2025-01-22T15:18:13","slug":"certificazioni","status":"publish","type":"page","link":"https:\/\/tnlogistica.com\/it\/certificazioni\/","title":{"rendered":"Certificazioni"},"content":{"rendered":"<p>[et_pb_section fb_built=&#8221;1&#8243; _builder_version=&#8221;4.16&#8243; _module_preset=&#8221;default&#8221; background_image=&#8221;https:\/\/tnlogistica.com\/wp-content\/uploads\/2021\/10\/certificazioni-sk-slide-2.jpg&#8221; min_height=&#8221;327px&#8221; height=&#8221;100vh&#8221; max_height=&#8221;600px&#8221; background_last_edited=&#8221;on|phone&#8221; background_position_phone=&#8221;center&#8221; locked=&#8221;off&#8221; global_colors_info=&#8221;{}&#8221;][et_pb_row _builder_version=&#8221;4.16&#8243; _module_preset=&#8221;default&#8221; global_colors_info=&#8221;{}&#8221;][et_pb_column type=&#8221;4_4&#8243; _builder_version=&#8221;4.16&#8243; _module_preset=&#8221;default&#8221; global_colors_info=&#8221;{}&#8221;][\/et_pb_column][\/et_pb_row][\/et_pb_section][et_pb_section fb_built=&#8221;1&#8243; _builder_version=&#8221;4.16&#8243; _module_preset=&#8221;default&#8221; global_colors_info=&#8221;{}&#8221;][et_pb_row _builder_version=&#8221;4.16&#8243; _module_preset=&#8221;default&#8221; global_colors_info=&#8221;{}&#8221;][et_pb_column type=&#8221;4_4&#8243; _builder_version=&#8221;4.16&#8243; _module_preset=&#8221;default&#8221; global_colors_info=&#8221;{}&#8221;][et_pb_text _builder_version=&#8221;4.16&#8243; _module_preset=&#8221;default&#8221; header_font_size=&#8221;32px&#8221; header_line_height=&#8221;1.2em&#8221; header_3_text_color=&#8221;#FFFFFF&#8221; header_3_font_size=&#8221;25px&#8221; max_width=&#8221;80%&#8221; max_width_tablet=&#8221;90%&#8221; max_width_phone=&#8221;100%&#8221; max_width_last_edited=&#8221;on|phone&#8221; animation_style=&#8221;fade&#8221; header_font_size_tablet=&#8221;28px&#8221; header_font_size_phone=&#8221;24px&#8221; header_font_size_last_edited=&#8221;on|phone&#8221; custom_css_main_element=&#8221;padding:0px;&#8221; custom_css_after=&#8221;    content: &#8221;;||    width: 50px;||    height: 1px;||    background: red;||    display: block;||    margin-top: 9px;||    margin-bottom: 9px;&#8221; locked=&#8221;off&#8221; global_colors_info=&#8221;{}&#8221;]<\/p>\n<h1><span>Certificazioni<\/span><\/h1>\n<p>[\/et_pb_text][et_pb_text _builder_version=&#8221;4.16&#8243; _module_preset=&#8221;default&#8221; max_width=&#8221;583px&#8221; animation_style=&#8221;slide&#8221; animation_direction=&#8221;top&#8221; animation_delay=&#8221;250ms&#8221; animation_intensity_slide=&#8221;2%&#8221; locked=&#8221;off&#8221; global_colors_info=&#8221;{}&#8221;]<\/p>\n<p><span>In questa sezione \u00e8 possibile visionare tutte le tipologie di certificati professionali, in modo da\u00a0<\/span><b data-stringify-type=\"bold\">accrescere la trasparenza<\/b><span> verso gli stakeholder di TN Logistica.<\/span><\/p>\n<p>[\/et_pb_text][\/et_pb_column][\/et_pb_row][et_pb_row _builder_version=&#8221;4.16&#8243; _module_preset=&#8221;default&#8221; global_colors_info=&#8221;{}&#8221;][et_pb_column type=&#8221;4_4&#8243; _builder_version=&#8221;4.16&#8243; _module_preset=&#8221;default&#8221; global_colors_info=&#8221;{}&#8221;][et_pb_text module_class=&#8221;cert__download&#8221; _builder_version=&#8221;4.27.4&#8243; _module_preset=&#8221;default&#8221; hover_enabled=&#8221;0&#8243; global_colors_info=&#8221;{}&#8221; sticky_enabled=&#8221;0&#8243;]<\/p>\n<div class=\"cert__wrapper\">\n<div><a href=\"https:\/\/tnlogistica.com\/wp-content\/uploads\/2025\/01\/IFS-TN-Logistika-SK-Scadenza-12_2025.pdf\" target=\"_blank\" rel=\"noopener\">IFS Logistics TN Logistica SK<\/a><br \/><img decoding=\"async\" src=\"https:\/\/tnlogistica.com\/wp-content\/uploads\/2021\/10\/pdf.png\" \/><\/div>\n<div><a href=\"https:\/\/tnlogistica.com\/wp-content\/uploads\/2022\/03\/Certificato-ambientale.pdf\" target=\"_blank\" rel=\"noopener\">Certificato ambientale[IT]<\/a><br \/><img decoding=\"async\" src=\"https:\/\/tnlogistica.com\/wp-content\/uploads\/2021\/10\/pdf.png\" \/><\/div>\n<div><a href=\"https:\/\/tnlogistica.com\/wp-content\/uploads\/2023\/06\/TN-Logistica-SK_Environmental-certificate_2022.pdf\" target=\"_blank\" rel=\"noopener\">Environmental certificate[EN]<\/a><br \/><img decoding=\"async\" src=\"https:\/\/tnlogistica.com\/wp-content\/uploads\/2021\/10\/pdf.png\" \/><\/div>\n<div><a href=\"https:\/\/tnlogistica.com\/wp-content\/uploads\/2022\/03\/Umweltzertifikat.pdf\" target=\"_blank\" rel=\"noopener\">Umwelt zertifikat[SK]<\/a><br \/><img decoding=\"async\" src=\"https:\/\/tnlogistica.com\/wp-content\/uploads\/2021\/10\/pdf.png\" \/><\/div>\n<div><a href=\"https:\/\/tnlogistica.com\/wp-content\/uploads\/2021\/10\/1727_00011-2.pdf\" target=\"_blank\" rel=\"noopener\">Soci\u00e1lne poist\u0303ov\u00f1a<\/a><br \/><img decoding=\"async\" src=\"https:\/\/tnlogistica.com\/wp-content\/uploads\/2021\/10\/pdf.png\" \/><\/div>\n<div><a href=\"https:\/\/tnlogistica.com\/wp-content\/uploads\/2021\/10\/00019072-QMS-ENGUS-UKAS-1.pdf\" target=\"_blank\" rel=\"noopener\">ISO 9001:2015 \u2013 Lloyd\u2019s Register<\/a><br \/><img decoding=\"async\" src=\"https:\/\/tnlogistica.com\/wp-content\/uploads\/2021\/10\/pdf.png\" \/><\/div>\n<div><a href=\"https:\/\/tnlogistica.com\/wp-content\/uploads\/2021\/10\/TN-logistica-prepravny-poriadok-1.pdf\" target=\"_blank\" rel=\"noopener\">Prepravn\u00fd poriadok cestnej n\u00e1kladnej dopravy<\/a><br \/><img decoding=\"async\" src=\"https:\/\/tnlogistica.com\/wp-content\/uploads\/2021\/10\/pdf.png\" \/><\/div>\n<div><a href=\"https:\/\/tnlogistica.com\/wp-content\/uploads\/2021\/10\/161013155043_0001-1.pdf\" target=\"_blank\" rel=\"noopener\">Osved\u010denie o odbornej sp\u00f4sobilosti v oblasti cestej n\u00e1kladnej dopravy<\/a><br \/><img decoding=\"async\" src=\"https:\/\/tnlogistica.com\/wp-content\/uploads\/2021\/10\/pdf.png\" \/><\/div>\n<div><a href=\"https:\/\/tnlogistica.com\/wp-content\/uploads\/2021\/10\/ISO-9001_2015-SK-scadenza-febbraio2023-1.pdf\" target=\"_blank\" rel=\"noopener\">ISO 9001:2015 \u2013 eucert<\/a><br \/><img decoding=\"async\" src=\"https:\/\/tnlogistica.com\/wp-content\/uploads\/2021\/10\/pdf.png\" \/><\/div>\n<div><a href=\"https:\/\/tnlogistica.com\/wp-content\/uploads\/2021\/11\/TN-LOGISTIKA-SK-RO-SRL-certificate-ISO-9001-ISO-14001-1.pdf\" target=\"_blank\" rel=\"noopener\">ISO-14001:2015 \u2013 TN Logistika RO<\/a><br \/><img decoding=\"async\" src=\"https:\/\/tnlogistica.com\/wp-content\/uploads\/2021\/10\/pdf.png\" \/><\/div>\n<div><a href=\"https:\/\/tnlogistica.com\/wp-content\/uploads\/2022\/03\/ISO-9001_2015-TN-Logistika-SK-Scadenza-02_2023.pdf\" target=\"_blank\" rel=\"noopener\">ISO 9001:2015 \u2013 TN Logistika RO<\/a><br \/><img decoding=\"async\" src=\"https:\/\/tnlogistica.com\/wp-content\/uploads\/2021\/10\/pdf.png\" \/><\/div>\n<div><a href=\"https:\/\/tnlogistica.com\/wp-content\/uploads\/2023\/06\/CO2Certificate_TN-LOGISTICA-SK.pdf\" target=\"_blank\" rel=\"noopener\">EuroTunnel Le Shuttle Freight &#8211; TN Logistica SK<\/a><br \/><img decoding=\"async\" src=\"https:\/\/tnlogistica.com\/wp-content\/uploads\/2021\/10\/pdf.png\" \/><\/div>\n<\/div>\n<p>[\/et_pb_text][\/et_pb_column][\/et_pb_row][\/et_pb_section]<\/p>\n","protected":false},"excerpt":{"rendered":"<p>CertificazioniIn questa sezione \u00e8 possibile visionare tutte le tipologie di certificati professionali, in modo da\u00a0accrescere la trasparenza verso gli stakeholder di TN Logistica. IFS Logistics TN Logistica SK Certificato ambientale[IT] Environmental certificate[EN] Umwelt zertifikat[SK] Soci\u00e1lne poist\u0303ov\u00f1a ISO 9001:2015 \u2013 Lloyd\u2019s Register Prepravn\u00fd poriadok cestnej n\u00e1kladnej dopravy Osved\u010denie o odbornej sp\u00f4sobilosti v oblasti cestej n\u00e1kladnej dopravy [&hellip;]<\/p>\n","protected":false},"author":1,"featured_media":0,"parent":0,"menu_order":0,"comment_status":"closed","ping_status":"closed","template":"","meta":{"_et_pb_use_builder":"on","_et_pb_old_content":"<!-- wp:divi\/placeholder \/-->","_et_gb_content_width":"","footnotes":""},"class_list":["post-213","page","type-page","status-publish","hentry"],"_links":{"self":[{"href":"https:\/\/tnlogistica.com\/it\/wp-json\/wp\/v2\/pages\/213","targetHints":{"allow":["GET"]}}],"collection":[{"href":"https:\/\/tnlogistica.com\/it\/wp-json\/wp\/v2\/pages"}],"about":[{"href":"https:\/\/tnlogistica.com\/it\/wp-json\/wp\/v2\/types\/page"}],"author":[{"embeddable":true,"href":"https:\/\/tnlogistica.com\/it\/wp-json\/wp\/v2\/users\/1"}],"replies":[{"embeddable":true,"href":"https:\/\/tnlogistica.com\/it\/wp-json\/wp\/v2\/comments?post=213"}],"version-history":[{"count":14,"href":"https:\/\/tnlogistica.com\/it\/wp-json\/wp\/v2\/pages\/213\/revisions"}],"predecessor-version":[{"id":2146,"href":"https:\/\/tnlogistica.com\/it\/wp-json\/wp\/v2\/pages\/213\/revisions\/2146"}],"wp:attachment":[{"href":"https:\/\/tnlogistica.com\/it\/wp-json\/wp\/v2\/media?parent=213"}],"curies":[{"name":"wp","href":"https:\/\/api.w.org\/{rel}","templated":true}]}}